{"id":4314,"date":"2024-07-16T18:18:55","date_gmt":"2024-07-16T10:18:55","guid":{"rendered":"https:\/\/www.ibfxw.com\/giam-gia-ngoai-hoi-la-gi\/"},"modified":"2025-03-27T19:24:43","modified_gmt":"2025-03-27T11:24:43","slug":"giam-gia-ngoai-hoi-la-gi","status":"publish","type":"page","link":"https:\/\/www.ibfxw.com\/vi\/giam-gia-ngoai-hoi-la-gi\/","title":{"rendered":"Gi\u1ea3m gi\u00e1 ngo\u1ea1i h\u1ed1i l\u00e0 g\u00ec?"},"content":{"rendered":"\t\t<div data-elementor-type=\"wp-page\" data-elementor-id=\"4314\" class=\"elementor elementor-4314 elementor-2961\" data-elementor-post-type=\"page\">\n\t\t\t\t<div class=\"elementor-element elementor-element-577246f e-flex e-con-boxed e-con e-parent\" data-id=\"577246f\" data-element_type=\"container\" data-e-type=\"container\">\n\t\t\t\t\t<div class=\"e-con-inner\">\n\t\t\t\t<div class=\"elementor-element elementor-element-f76ed19 elementor-widget elementor-widget-heading\" data-id=\"f76ed19\" data-element_type=\"widget\" data-e-type=\"widget\" data-widget_type=\"heading.default\">\n\t\t\t\t\t<h2 class=\"elementor-heading-title elementor-size-default\">  Gi\u1ea3m gi\u00e1 ngo\u1ea1i h\u1ed1i l\u00e0 g\u00ec?<\/h2>\t\t\t\t<\/div>\n\t\t\t\t<div class=\"elementor-element elementor-element-2cf99e9 elementor-widget elementor-widget-image\" data-id=\"2cf99e9\" data-element_type=\"widget\" data-e-type=\"widget\" data-widget_type=\"image.default\">\n\t\t\t\t\t\t\t\t\t\t\t\t\t\t\t<img decoding=\"async\" width=\"345\" height=\"260\" src=\"https:\/\/www.ibfxw.com\/wp-content\/uploads\/2023\/03\/account-3.jpg\" class=\"attachment-large size-large wp-image-7689\" alt=\"\" srcset=\"https:\/\/www.ibfxw.com\/wp-content\/uploads\/2023\/03\/account-3.jpg 345w, https:\/\/www.ibfxw.com\/wp-content\/uploads\/2023\/03\/account-3-300x226.jpg 300w\" sizes=\"(max-width: 345px) 100vw, 345px\" \/>\t\t\t\t\t\t\t\t\t\t\t\t\t\t\t<\/div>\n\t\t\t\t<div class=\"elementor-element elementor-element-32a6d05 elementor-widget elementor-widget-text-editor\" data-id=\"32a6d05\" data-element_type=\"widget\" data-e-type=\"widget\" data-widget_type=\"text-editor.default\">\n\t\t\t\t\t\t\t\t\t<p><strong>Chi\u1ebft kh\u1ea5u ngo\u1ea1i h\u1ed1i: L\u1ef1a ch\u1ecdn th\u00f4ng minh \u0111\u1ec3 t\u1ed1i \u01b0u h\u00f3a chi ph\u00ed giao d\u1ecbch<\/strong><\/p><hr><p><strong>Gi\u1edbi thi\u1ec7u v\u1ec1 chi\u1ebft kh\u1ea5u ngo\u1ea1i h\u1ed1i<\/strong><\/p><p>Gi\u1ea3m gi\u00e1 ngo\u1ea1i h\u1ed1i, nh\u01b0 m\u1ed9t c\u01a1 ch\u1ebf ph\u1ea7n th\u01b0\u1edfng \u0111\u1ed9c \u0111\u00e1o \u0111\u01b0\u1ee3c thi\u1ebft k\u1ebf ri\u00eang cho c\u00e1c nh\u00e0 giao d\u1ecbch tr\u00ean n\u1ec1n t\u1ea3ng c\u1ee7a ch\u00fang t\u00f4i, l\u00e0 b\u1ea3n ch\u1ea5t c\u1ed1t l\u00f5i c\u1ee7a n\u00f3 l\u00e0 tr\u1ea3 l\u1ea1i m\u1ed9t ph\u1ea7n ho\u1eb7c t\u1ea5t c\u1ea3 hoa h\u1ed3ng c\u1ee7a b\u1ea1n tr\u00ean th\u1ecb tr\u01b0\u1eddng ngo\u1ea1i h\u1ed1i tr\u1ef1c ti\u1ebfp v\u00e0 h\u00e0o ph\u00f3ng cho b\u1ea1n. S\u00e1ng ki\u1ebfn s\u00e1ng t\u1ea1o n\u00e0y kh\u00f4ng ch\u1ec9 l\u00e0 s\u1ef1 kh\u1eb3ng \u0111\u1ecbnh v\u1ec1 c\u00e1i nh\u00ecn s\u00e2u s\u1eafc v\u1ec1 th\u1ecb tr\u01b0\u1eddng c\u1ee7a b\u1ea1n m\u00e0 c\u00f2n gi\u00fap b\u1ea1n m\u1edf ra m\u1ed9t kh\u00eda c\u1ea1nh m\u1edbi v\u1ec1 t\u0103ng tr\u01b0\u1edfng doanh thu \u0111\u1ed3ng th\u1eddi gi\u1ea3m chi ph\u00ed giao d\u1ecbch, \u0111\u1ec3 b\u1ea1n c\u00f3 th\u1ec3 l\u1eadp k\u1ebf ho\u1ea1ch t\u00e0i ch\u00ednh c\u1ee7a m\u00ecnh tho\u1ea3i m\u00e1i h\u01a1n.<\/p><hr><p><strong>T\u1ea1i sao chi\u1ebft kh\u1ea5u ngo\u1ea1i h\u1ed1i l\u1ea1i quan tr\u1ecdng?<\/strong><\/p><ol><li><p><strong>Gi\u1ea3m chi ph\u00ed v\u00e0 d\u00f2ng v\u1ed1n hi\u1ec7u qu\u1ea3<\/strong><\/p><p>&#8220;Trong chi\u1ebfn tranh kinh doanh, m\u1ed7i xu ti\u1ebft ki\u1ec7m \u0111\u01b0\u1ee3c l\u00e0 l\u1ee3i nhu\u1eadn.&#8221; \u2013 John S. D. Rockefeller<\/p><p>Hoa h\u1ed3ng v\u00e0 ch\u00eanh l\u1ec7ch trong giao d\u1ecbch ngo\u1ea1i h\u1ed1i r\u1ea5t tinh t\u1ebf nh\u01b0ng kh\u00f4ng \u0111\u00e1ng k\u1ec3, ch\u00fang gi\u1ed1ng nh\u01b0 m\u1ed9t gi\u1ecdt n\u01b0\u1edbc v\u00e0 ch\u00fang c\u00f3 th\u1ec3 \u1ea3nh h\u01b0\u1edfng \u0111\u1ebfn b\u1ee9c tranh to\u00e0n c\u1ea3nh khi t\u00edch l\u0169y. Ch\u00ednh s\u00e1ch gi\u1ea3m gi\u00e1 ngo\u1ea1i h\u1ed1i l\u00e0 &#8220;k\u00e9o&#8221; s\u1eafc b\u00e9n c\u1eaft gi\u1ea3m ch\u00ednh x\u00e1c c\u00e1c chi ph\u00ed n\u00e0y, \u0111\u1ec3 ti\u1ec1n c\u1ee7a b\u1ea1n c\u00f3 th\u1ec3 \u0111\u01b0\u1ee3c l\u01b0u th\u00f4ng tr\u00ean th\u1ecb tr\u01b0\u1eddng hi\u1ec7u qu\u1ea3 h\u01a1n, n\u00e2ng cao hi\u1ec7u qu\u1ea3 v\u00e0 chi\u1ec1u s\u00e2u c\u1ee7a giao d\u1ecbch.<\/p><\/li><li><p><strong>N\u00e2ng cao thu nh\u1eadp, t\u0103ng g\u1ea5p \u0111\u00f4i b\u1ea3o v\u1ec7 thu nh\u1eadp<\/strong><\/p><p>&#8220;\u0110\u1ea7u t\u01b0 kh\u00f4ng ph\u1ea3i l\u00e0 chi ti\u00eau, m\u00e0 l\u00e0 gieo h\u1ea1t.&#8221; \u2013 Warren Buffett<\/p><p>Gi\u1ea3m gi\u00e1 kh\u00f4ng ch\u1ec9 l\u00e0 m\u1ed9t kho\u1ea3n c\u1eaft gi\u1ea3m chi ph\u00ed m\u00e0 c\u00f2n l\u00e0 m\u1ed9t ph\u1ea7n th\u01b0\u1edfng b\u1ed5 sung cho s\u1ef1 ch\u0103m ch\u1ec9 c\u1ee7a b\u1ea1n. N\u00f3 kh\u00f4ng y\u00eau c\u1ea7u b\u1ea1n thay \u0111\u1ed5i chi\u1ebfn l\u01b0\u1ee3c hi\u1ec7n t\u1ea1i ho\u1eb7c ch\u1ea5p nh\u1eadn r\u1ee7i ro b\u1ed5 sung, nh\u01b0ng n\u00f3 c\u00f3 th\u1ec3 th\u00eam m\u1ed9t kho\u1ea3n thu nh\u1eadp \u0111\u00e1ng k\u1ec3 v\u00e0o l\u1ee3i nhu\u1eadn ban \u0111\u1ea7u c\u1ee7a b\u1ea1n, cung c\u1ea5p s\u1ef1 b\u1ea3o v\u1ec7 k\u00e9p cho s\u1ef1 ph\u00e1t tri\u1ec3n t\u00e0i ch\u00ednh c\u1ee7a b\u1ea1n.<\/p><\/li><li><p><strong>T\u0103ng c\u01b0\u1eddng \u0111\u1ed9 d\u00ednh v\u00e0 c\u00f9ng nhau gi\u00e0nh chi\u1ebfn th\u1eafng trong t\u01b0\u01a1ng lai<\/strong><\/p><p>&#8220;S\u1ef1 h\u00e0i l\u00f2ng c\u1ee7a kh\u00e1ch h\u00e0ng l\u00e0 n\u1ec1n t\u1ea3ng c\u1ee7a s\u1ef1 ph\u00e1t tri\u1ec3n c\u1ee7a doanh nghi\u1ec7p.&#8221; \u2013 Peter Drucker<\/p><p>Th\u00f4ng qua ch\u00ednh s\u00e1ch gi\u1ea3m gi\u00e1, s\u00e0n giao d\u1ecbch ngo\u1ea1i h\u1ed1i kh\u00f4ng ch\u1ec9 gi\u00e0nh \u0111\u01b0\u1ee3c s\u1ef1 tin t\u01b0\u1edfng v\u00e0 l\u00f2ng trung th\u00e0nh c\u1ee7a kh\u00e1ch h\u00e0ng m\u00e0 c\u00f2n x\u00e2y d\u1ef1ng h\u1ec7 sinh th\u00e1i \u0111\u00f4i b\u00ean c\u00f9ng c\u00f3 l\u1ee3i. Kh\u00e1ch h\u00e0ng giao d\u1ecbch th\u01b0\u1eddng xuy\u00ean h\u01a1n do gi\u1ea3m gi\u00e1 v\u00e0 k\u1ebft qu\u1ea3 l\u00e0 n\u1ec1n t\u1ea3ng \u0111\u1ea1t \u0111\u01b0\u1ee3c nhi\u1ec1u ho\u1ea1t \u0111\u1ed9ng v\u00e0 kh\u1ed1i l\u01b0\u1ee3ng giao d\u1ecbch h\u01a1n, \u0111i\u1ec1u n\u00e0y c\u00f9ng nhau th\u00fac \u0111\u1ea9y c\u1ea3 hai b\u00ean h\u01b0\u1edbng t\u1edbi m\u1ed9t t\u01b0\u01a1ng lai th\u1ecbnh v\u01b0\u1ee3ng h\u01a1n.<\/p><\/li><li><p><strong>S\u1ef1 kh\u00e1c bi\u1ec7t trong c\u1ea1nh tranh th\u1ecb tr\u01b0\u1eddng<\/strong><\/p><p>&#8220;S\u1ef1 kh\u00e1c bi\u1ec7t l\u00e0 ch\u00eca kh\u00f3a \u0111\u1ec3 kinh doanh t\u1ed3n t\u1ea1i.&#8221; \u2013 Michael Porter<\/p><p>Trong th\u1ecb tr\u01b0\u1eddng ngo\u1ea1i h\u1ed1i c\u1ea1nh tranh kh\u1ed1c li\u1ec7t, ch\u00ednh s\u00e1ch gi\u1ea3m gi\u00e1 nh\u01b0 m\u1ed9t bi\u1ec3u ng\u1eef r\u00f5 r\u00e0ng, th\u1ec3 hi\u1ec7n s\u1ef1 quan t\u00e2m s\u00e2u s\u1eafc v\u00e0 gi\u00e1 tr\u1ecb \u0111\u1ed9c \u0111\u00e1o c\u1ee7a n\u1ec1n t\u1ea3ng \u0111\u1ed1i v\u1edbi kh\u00e1ch h\u00e0ng. Ch\u1ecdn m\u1ed9t n\u1ec1n t\u1ea3ng nh\u01b0 v\u1eady c\u00f3 ngh\u0129a l\u00e0 b\u1ea1n s\u1ebd chi\u1ebfm v\u1ecb tr\u00ed thu\u1eadn l\u1ee3i h\u01a1n trong cu\u1ed9c c\u1ea1nh tranh kh\u1ed1c li\u1ec7t tr\u00ean th\u1ecb tr\u01b0\u1eddng v\u00e0 t\u1eadn h\u01b0\u1edfng nhi\u1ec1u \u01b0u \u0111\u00e3i \u0111\u1ed9c quy\u1ec1n v\u00e0 d\u1ecbch v\u1ee5 th\u00e2n m\u1eadt h\u01a1n.<\/p><\/li><\/ol><hr><p><strong>T\u1eadn d\u1ee5ng l\u1ee3i th\u1ebf c\u1ee7a vi\u1ec7c ch\u1ecdn m\u1ea1ng l\u01b0\u1edbi ho\u00e0n ti\u1ec1n IB c\u1ee7a ch\u00fang t\u00f4i<\/strong><\/p><ul><li><strong>H\u1ee3p t\u00e1c ch\u1eb7t ch\u1ebd<\/strong>: Ch\u00fang t\u00f4i l\u00e0m vi\u1ec7c v\u1edbi m\u1ed9t s\u1ed1 c\u00f4ng ty m\u00f4i gi\u1edbi ngo\u1ea1i h\u1ed1i h\u00e0ng \u0111\u1ea7u \u0111\u1ec3 \u0111\u1ea3m b\u1ea3o r\u1eb1ng d\u1ecbch v\u1ee5 gi\u1ea3m gi\u00e1 \u1ed5n \u0111\u1ecbnh v\u00e0 \u0111\u00e1ng tin c\u1eady, \u0111\u1ed3ng th\u1eddi v\u1ea5n \u0111\u1ec1 \u0111\u01b0\u1ee3c gi\u1ea3i quy\u1ebft nhanh ch\u00f3ng.<\/li><li><strong>Ng\u01b0\u1ee1ng r\u1ea5t th\u1ea5p<\/strong>: kh\u00f4ng c\u00f3 gi\u1edbi h\u1ea1n t\u1ed1i thi\u1ec3u v\u1ec1 chi\u1ebft kh\u1ea5u v\u00e0 c\u0169ng c\u00f3 th\u1ec3 t\u1eadn h\u01b0\u1edfng 0,01 USD, \u0111\u1ec3 m\u1ecdi n\u1ed7 l\u1ef1c \u0111\u1ec1u \u0111\u01b0\u1ee3c \u0111\u1ec1n \u0111\u00e1p.<\/li><li><strong>Thanh to\u00e1n linh ho\u1ea1t<\/strong>: Nhi\u1ec1u ph\u01b0\u01a1ng th\u1ee9c ho\u00e0n ti\u1ec1n c\u00f3 s\u1eb5n cho b\u1ea1n l\u1ef1a ch\u1ecdn \u0111\u1ec3 \u0111\u00e1p \u1ee9ng nhu c\u1ea7u c\u00e1 nh\u00e2n h\u00f3a c\u1ee7a m\u00ecnh v\u00e0 gi\u00fap d\u00f2ng ti\u1ec1n thu\u1eadn ti\u1ec7n h\u01a1n.<\/li><\/ul><hr><p><strong>C\u00e1c v\u00ed d\u1ee5 v\u1ec1 chi\u1ebft kh\u1ea5u l\u00e0 truy\u1ec1n c\u1ea3m h\u1ee9ng<\/strong><\/p><p>H\u00e3y t\u01b0\u1edfng t\u01b0\u1ee3ng r\u1eb1ng n\u1ebfu b\u1ea1n tr\u1ea3 20 \u0111\u00f4 la hoa h\u1ed3ng cho m\u1ed9t giao d\u1ecbch v\u00e0 t\u1ef7 l\u1ec7 chi\u1ebft kh\u1ea5u c\u1ee7a ch\u00fang t\u00f4i cao t\u1edbi 50%, b\u1ea1n s\u1ebd ngay l\u1eadp t\u1ee9c nh\u1eadn \u0111\u01b0\u1ee3c th\u00eam 10 \u0111\u00f4 la thu nh\u1eadp. Theo th\u1eddi gian, kho\u1ea3n chi\u1ebft kh\u1ea5u d\u01b0\u1eddng nh\u01b0 nh\u1ecf n\u00e0y <b>c\u00f3 th\u1ec3 t\u00edch l\u0169y \u0111\u01b0\u1ee3c kho\u1ea3n l\u1ee3i nhu\u1eadn \u0111\u00e1ng k\u1ec3 l\u00e0 13.500 \u0111\u00f4 la trong su\u1ed1t m\u1ed9t n\u0103m n\u1ebfu b\u1ea1n t\u00edch c\u1ef1c giao d\u1ecbch h\u00e0ng ng\u00e0y<\/b>. Qu\u1ef9 n\u00e0y, cho d\u00f9 n\u00f3 \u0111\u01b0\u1ee3c \u0111\u01b0a tr\u1edf l\u1ea1i th\u1ecb tr\u01b0\u1eddng hay r\u00fat ra \u0111\u1ec3 s\u1eed d\u1ee5ng cho ri\u00eang b\u1ea1n, s\u1ebd gi\u00fap \u00edch r\u1ea5t nhi\u1ec1u trong vi\u1ec7c l\u1eadp k\u1ebf ho\u1ea1ch t\u00e0i ch\u00ednh c\u1ee7a b\u1ea1n, gi\u00fap con \u0111\u01b0\u1eddng giao d\u1ecbch c\u1ee7a b\u1ea1n r\u1ed9ng h\u01a1n v\u00e0 su\u00f4n s\u1ebb h\u01a1n.<\/p><p><strong>L\u1eddi khuy\u00ean 1: Ki\u00ean nh\u1eabn l\u00e0 v\u00e0ng<\/strong><\/p><p>&#8220;B\u00ed quy\u1ebft th\u00e0nh c\u00f4ng trong \u0111\u1ea7u t\u01b0 l\u00e0 ki\u00ean nh\u1eabn, kh\u00f4ng th\u00f4ng minh. B\u1ea1n kh\u00f4ng c\u1ea7n ph\u1ea3i l\u00e0 m\u1ed9t thi\u00ean t\u00e0i, nh\u01b0ng b\u1ea1n ph\u1ea3i ki\u00ean nh\u1eabn. \u2015 Warren Buffett<\/p><ul><li><strong>Di\u1ec5n gi\u1ea3i<\/strong>: Tr\u00ean th\u1ecb tr\u01b0\u1eddng ngo\u1ea1i h\u1ed1i, ki\u00ean nh\u1eabn l\u00e0 m\u1ed9t trong nh\u1eefng ph\u1ea9m ch\u1ea5t qu\u00fd gi\u00e1 nh\u1ea5t c\u1ee7a c\u00e1c nh\u00e0 \u0111\u1ea7u t\u01b0. S\u1ef1 bi\u1ebfn \u0111\u1ed9ng c\u1ee7a th\u1ecb tr\u01b0\u1eddng l\u00e0 ti\u00eau chu\u1ea9n v\u00e0 vi\u1ec7c v\u1ed9i v\u00e0ng \u0111\u1ea1t \u0111\u01b0\u1ee3c k\u1ebft qu\u1ea3 th\u01b0\u1eddng d\u1eabn \u0111\u1ebfn c\u00e1c giao d\u1ecbch b\u1ed1c \u0111\u1ed3ng v\u00e0 thua l\u1ed7 kh\u00f4ng c\u1ea7n thi\u1ebft. H\u1ecdc c\u00e1ch ch\u1edd \u0111\u1ee3i, quan s\u00e1t xu h\u01b0\u1edbng th\u1ecb tr\u01b0\u1eddng v\u00e0 t\u00ecm th\u1eddi \u0111i\u1ec3m th\u00edch h\u1ee3p \u0111\u1ec3 v\u00e0o v\u00e0 tho\u00e1t kh\u1ecfi th\u1ecb tr\u01b0\u1eddng l\u00e0 ch\u00eca kh\u00f3a \u0111\u1ec3 c\u00f3 l\u1ee3i nhu\u1eadn \u1ed5n \u0111\u1ecbnh.<\/li><\/ul><hr><p><strong>L\u1eddi khuy\u00ean 2: Qu\u1ea3n l\u00fd r\u1ee7i ro l\u00e0 vua<\/strong><\/p><p>&#8220;Qu\u1ea3n l\u00fd r\u1ee7i ro l\u00e0 ch\u00eca kh\u00f3a \u0111\u1ec3 \u0111\u1ea7u t\u01b0 th\u00e0nh c\u00f4ng. \u0110\u1eebng ng\u1ea1i m\u1eafc sai l\u1ea7m, nh\u01b0ng h\u00e3y \u0111\u1ea3m b\u1ea3o r\u1eb1ng sai l\u1ea7m c\u1ee7a b\u1ea1n kh\u00f4ng d\u1eabn \u0111\u1ebfn th\u1ea3m h\u1ecda. \u2014George Soros<\/p><ul><li><strong>Gi\u1ea3i th\u00edch<\/strong>: Trong \u0111\u1ea7u t\u01b0 ngo\u1ea1i h\u1ed1i, qu\u1ea3n l\u00fd r\u1ee7i ro l\u00e0 n\u1ec1n t\u1ea3ng \u0111\u1ec3 \u0111\u1ea3m b\u1ea3o an to\u00e0n cho qu\u1ef9 v\u00e0 \u0111\u1ea1t \u0111\u01b0\u1ee3c l\u1ee3i nhu\u1eadn l\u00e2u d\u00e0i. \u0110\u1eb7t \u0111i\u1ec3m c\u1eaft l\u1ed7 h\u1ee3p l\u00fd v\u00e0 ki\u1ec3m so\u00e1t r\u1ee7i ro c\u1ee7a m\u1ed7i giao d\u1ecbch l\u00e0 m\u1ed9t k\u1ef9 n\u0103ng m\u00e0 m\u1ecdi nh\u00e0 \u0111\u1ea7u t\u01b0 ph\u1ea3i th\u00e0nh th\u1ea1o. \u0110\u1ed3ng th\u1eddi, c\u00f3 can \u0111\u1ea3m th\u1eeba nh\u1eadn sai l\u1ea7m v\u00e0 s\u1eeda ch\u1eefa k\u1ecbp th\u1eddi kh\u00f4ng cho ph\u00e9p sai l\u1ea7m t\u00edch t\u1ee5 th\u00e0nh nh\u1eefng v\u1ea5n \u0111\u1ec1 l\u1edbn h\u01a1n, \u0111\u00f3 l\u00e0 hi\u1ec7u su\u1ea5t c\u1ee7a c\u00e1c nh\u00e0 \u0111\u1ea7u t\u01b0 tr\u01b0\u1edfng th\u00e0nh. H\u00e3y nh\u1edb r\u1eb1ng, c\u00e1c nh\u00e0 \u0111\u1ea7u t\u01b0 th\u00e0nh c\u00f4ng kh\u00f4ng bao gi\u1edd m\u1eafc sai l\u1ea7m, nh\u01b0ng c\u00f3 th\u1ec3 qu\u1ea3n l\u00fd r\u1ee7i ro, h\u1ecdc h\u1ecfi v\u00e0 ph\u00e1t tri\u1ec3n t\u1eeb nh\u1eefng sai l\u1ea7m c\u1ee7a h\u1ecd.<\/li><\/ul>\t\t\t\t\t\t\t\t<\/div>\n\t\t\t\t\t<\/div>\n\t\t\t\t<\/div>\n\t\t\t\t<\/div>\n\t\t","protected":false},"excerpt":{"rendered":"<p>Gi\u1ea3m gi\u00e1 ngo\u1ea1i h\u1ed1i l\u00e0 g\u00ec? Chi\u1ebft kh\u1ea5u ngo\u1ea1i h\u1ed1i: L\u1ef1a ch\u1ecdn th\u00f4ng minh \u0111\u1ec3 t\u1ed1i \u01b0u h\u00f3a chi ph\u00ed giao d\u1ecbch Gi\u1edbi thi\u1ec7u v\u1ec1 chi\u1ebft kh\u1ea5u ngo\u1ea1i h\u1ed1i Gi\u1ea3m gi\u00e1 ngo\u1ea1i h\u1ed1i, nh\u01b0 m\u1ed9t c\u01a1 ch\u1ebf ph\u1ea7n th\u01b0\u1edfng \u0111\u1ed9c \u0111\u00e1o \u0111\u01b0\u1ee3c thi\u1ebft k\u1ebf ri\u00eang cho c\u00e1c nh\u00e0 giao d\u1ecbch tr\u00ean n\u1ec1n t\u1ea3ng c\u1ee7a ch\u00fang [&hellip;]<\/p>\n","protected":false},"author":1,"featured_media":0,"parent":0,"menu_order":0,"comment_status":"closed","ping_status":"closed","template":"","meta":{"powered_cache_disable_cache":false,"powered_cache_disable_lazyload":false,"footnotes":""},"class_list":["post-4314","page","type-page","status-publish","hentry"],"yoast_head":"<!-- This site is optimized with the Yoast SEO plugin v24.7 - https:\/\/yoast.com\/wordpress\/plugins\/seo\/ -->\n<title>Gi\u1ea3m gi\u00e1 ngo\u1ea1i h\u1ed1i l\u00e0 g\u00ec? - M\u1ea1ng l\u01b0\u1edbi Ho\u00e0n ti\u1ec1n Forex c\u1ee7a IBfxw<\/title>\n<meta name=\"robots\" content=\"index, follow, max-snippet:-1, max-image-preview:large, max-video-preview:-1\" \/>\n<link rel=\"canonical\" href=\"https:\/\/www.ibfxw.com\/elementor-2961\/\" \/>\n<meta property=\"og:locale\" content=\"vi_VN\" \/>\n<meta property=\"og:type\" content=\"article\" \/>\n<meta property=\"og:title\" content=\"Gi\u1ea3m gi\u00e1 ngo\u1ea1i h\u1ed1i l\u00e0 g\u00ec? - M\u1ea1ng l\u01b0\u1edbi Ho\u00e0n ti\u1ec1n Forex c\u1ee7a IBfxw\" \/>\n<meta property=\"og:description\" content=\"Gi\u1ea3m gi\u00e1 ngo\u1ea1i h\u1ed1i l\u00e0 g\u00ec? Chi\u1ebft kh\u1ea5u ngo\u1ea1i h\u1ed1i: L\u1ef1a ch\u1ecdn th\u00f4ng minh \u0111\u1ec3 t\u1ed1i \u01b0u h\u00f3a chi ph\u00ed giao d\u1ecbch Gi\u1edbi thi\u1ec7u v\u1ec1 chi\u1ebft kh\u1ea5u ngo\u1ea1i h\u1ed1i Gi\u1ea3m gi\u00e1 ngo\u1ea1i h\u1ed1i, nh\u01b0 m\u1ed9t c\u01a1 ch\u1ebf ph\u1ea7n th\u01b0\u1edfng \u0111\u1ed9c \u0111\u00e1o \u0111\u01b0\u1ee3c thi\u1ebft k\u1ebf ri\u00eang cho c\u00e1c nh\u00e0 giao d\u1ecbch tr\u00ean n\u1ec1n t\u1ea3ng c\u1ee7a ch\u00fang [&hellip;]\" \/>\n<meta property=\"og:url\" content=\"https:\/\/www.ibfxw.com\/elementor-2961\/\" \/>\n<meta property=\"og:site_name\" content=\"M\u1ea1ng l\u01b0\u1edbi Ho\u00e0n ti\u1ec1n Forex c\u1ee7a IBfxw\" \/>\n<meta property=\"article:modified_time\" content=\"2025-03-27T11:24:43+00:00\" \/>\n<meta property=\"og:image\" content=\"https:\/\/www.ibfxw.com\/wp-content\/uploads\/2023\/03\/account-3.jpg\" \/>\n<meta name=\"twitter:card\" content=\"summary_large_image\" \/>\n<meta name=\"twitter:label1\" content=\"Est. reading time\" \/>\n\t<meta name=\"twitter:data1\" content=\"9 minutes\" \/>\n<script type=\"application\/ld+json\" class=\"yoast-schema-graph\">{\"@context\":\"https:\/\/schema.org\",\"@graph\":[{\"@type\":\"WebPage\",\"@id\":\"https:\/\/www.ibfxw.com\/elementor-2961\/\",\"url\":\"https:\/\/www.ibfxw.com\/elementor-2961\/\",\"name\":\"Gi\u1ea3m gi\u00e1 ngo\u1ea1i h\u1ed1i l\u00e0 g\u00ec? - M\u1ea1ng l\u01b0\u1edbi Ho\u00e0n ti\u1ec1n Forex c\u1ee7a IBfxw\",\"isPartOf\":{\"@id\":\"https:\/\/www.ibfxw.com\/ja\/#website\"},\"primaryImageOfPage\":{\"@id\":\"https:\/\/www.ibfxw.com\/elementor-2961\/#primaryimage\"},\"image\":{\"@id\":\"https:\/\/www.ibfxw.com\/elementor-2961\/#primaryimage\"},\"thumbnailUrl\":\"https:\/\/www.ibfxw.com\/wp-content\/uploads\/2023\/03\/account-3.jpg\",\"datePublished\":\"2024-07-16T10:18:55+00:00\",\"dateModified\":\"2025-03-27T11:24:43+00:00\",\"breadcrumb\":{\"@id\":\"https:\/\/www.ibfxw.com\/elementor-2961\/#breadcrumb\"},\"inLanguage\":\"vi-VN\",\"potentialAction\":[{\"@type\":\"ReadAction\",\"target\":[\"https:\/\/www.ibfxw.com\/elementor-2961\/\"]}]},{\"@type\":\"ImageObject\",\"inLanguage\":\"vi-VN\",\"@id\":\"https:\/\/www.ibfxw.com\/elementor-2961\/#primaryimage\",\"url\":\"https:\/\/www.ibfxw.com\/wp-content\/uploads\/2023\/03\/account-3.jpg\",\"contentUrl\":\"https:\/\/www.ibfxw.com\/wp-content\/uploads\/2023\/03\/account-3.jpg\"},{\"@type\":\"BreadcrumbList\",\"@id\":\"https:\/\/www.ibfxw.com\/elementor-2961\/#breadcrumb\",\"itemListElement\":[{\"@type\":\"ListItem\",\"position\":1,\"name\":\"\u9996\u9875\",\"item\":\"https:\/\/www.ibfxw.com\/vi\/\"},{\"@type\":\"ListItem\",\"position\":2,\"name\":\"Gi\u1ea3m gi\u00e1 ngo\u1ea1i h\u1ed1i l\u00e0 g\u00ec?\"}]},{\"@type\":\"WebSite\",\"@id\":\"https:\/\/www.ibfxw.com\/ja\/#website\",\"url\":\"https:\/\/www.ibfxw.com\/ja\/\",\"name\":\"IBfxw\u5916\u6c47\u8fd4\u4f63\u7f51\",\"description\":\"N\u1ec1n t\u1ea3ng m\u1edf t\u00e0i kho\u1ea3n ho\u00e0n ti\u1ec1n forex chuy\u00ean nghi\u1ec7p nh\u1ea5t\",\"publisher\":{\"@id\":\"https:\/\/www.ibfxw.com\/ja\/#organization\"},\"potentialAction\":[{\"@type\":\"SearchAction\",\"target\":{\"@type\":\"EntryPoint\",\"urlTemplate\":\"https:\/\/www.ibfxw.com\/ja\/?s={search_term_string}\"},\"query-input\":{\"@type\":\"PropertyValueSpecification\",\"valueRequired\":true,\"valueName\":\"search_term_string\"}}],\"inLanguage\":\"vi-VN\"},{\"@type\":\"Organization\",\"@id\":\"https:\/\/www.ibfxw.com\/ja\/#organization\",\"name\":\"M\u1ea1ng l\u01b0\u1edbi Ho\u00e0n ti\u1ec1n Forex c\u1ee7a IBfxw\",\"url\":\"https:\/\/www.ibfxw.com\/ja\/\",\"logo\":{\"@type\":\"ImageObject\",\"inLanguage\":\"vi-VN\",\"@id\":\"https:\/\/www.ibfxw.com\/ja\/#\/schema\/logo\/image\/\",\"url\":\"https:\/\/www.ibfxw.com\/wp-content\/uploads\/2023\/03\/logo.png\",\"contentUrl\":\"https:\/\/www.ibfxw.com\/wp-content\/uploads\/2023\/03\/logo.png\",\"width\":158,\"height\":42,\"caption\":\"M\u1ea1ng l\u01b0\u1edbi Ho\u00e0n ti\u1ec1n Forex c\u1ee7a IBfxw\"},\"image\":{\"@id\":\"https:\/\/www.ibfxw.com\/ja\/#\/schema\/logo\/image\/\"}}]}<\/script>\n<!-- \/ Yoast SEO plugin. -->","yoast_head_json":{"title":"Gi\u1ea3m gi\u00e1 ngo\u1ea1i h\u1ed1i l\u00e0 g\u00ec? - M\u1ea1ng l\u01b0\u1edbi Ho\u00e0n ti\u1ec1n Forex c\u1ee7a IBfxw","robots":{"index":"index","follow":"follow","max-snippet":"max-snippet:-1","max-image-preview":"max-image-preview:large","max-video-preview":"max-video-preview:-1"},"canonical":"https:\/\/www.ibfxw.com\/elementor-2961\/","og_locale":"vi_VN","og_type":"article","og_title":"Gi\u1ea3m gi\u00e1 ngo\u1ea1i h\u1ed1i l\u00e0 g\u00ec? - M\u1ea1ng l\u01b0\u1edbi Ho\u00e0n ti\u1ec1n Forex c\u1ee7a IBfxw","og_description":"Gi\u1ea3m gi\u00e1 ngo\u1ea1i h\u1ed1i l\u00e0 g\u00ec? Chi\u1ebft kh\u1ea5u ngo\u1ea1i h\u1ed1i: L\u1ef1a ch\u1ecdn th\u00f4ng minh \u0111\u1ec3 t\u1ed1i \u01b0u h\u00f3a chi ph\u00ed giao d\u1ecbch Gi\u1edbi thi\u1ec7u v\u1ec1 chi\u1ebft kh\u1ea5u ngo\u1ea1i h\u1ed1i Gi\u1ea3m gi\u00e1 ngo\u1ea1i h\u1ed1i, nh\u01b0 m\u1ed9t c\u01a1 ch\u1ebf ph\u1ea7n th\u01b0\u1edfng \u0111\u1ed9c \u0111\u00e1o \u0111\u01b0\u1ee3c thi\u1ebft k\u1ebf ri\u00eang cho c\u00e1c nh\u00e0 giao d\u1ecbch tr\u00ean n\u1ec1n t\u1ea3ng c\u1ee7a ch\u00fang [&hellip;]","og_url":"https:\/\/www.ibfxw.com\/elementor-2961\/","og_site_name":"M\u1ea1ng l\u01b0\u1edbi Ho\u00e0n ti\u1ec1n Forex c\u1ee7a IBfxw","article_modified_time":"2025-03-27T11:24:43+00:00","og_image":[{"url":"https:\/\/www.ibfxw.com\/wp-content\/uploads\/2023\/03\/account-3.jpg","type":"","width":"","height":""}],"twitter_card":"summary_large_image","twitter_misc":{"Est. reading time":"9 minutes"},"schema":{"@context":"https:\/\/schema.org","@graph":[{"@type":"WebPage","@id":"https:\/\/www.ibfxw.com\/elementor-2961\/","url":"https:\/\/www.ibfxw.com\/elementor-2961\/","name":"Gi\u1ea3m gi\u00e1 ngo\u1ea1i h\u1ed1i l\u00e0 g\u00ec? - M\u1ea1ng l\u01b0\u1edbi Ho\u00e0n ti\u1ec1n Forex c\u1ee7a IBfxw","isPartOf":{"@id":"https:\/\/www.ibfxw.com\/ja\/#website"},"primaryImageOfPage":{"@id":"https:\/\/www.ibfxw.com\/elementor-2961\/#primaryimage"},"image":{"@id":"https:\/\/www.ibfxw.com\/elementor-2961\/#primaryimage"},"thumbnailUrl":"https:\/\/www.ibfxw.com\/wp-content\/uploads\/2023\/03\/account-3.jpg","datePublished":"2024-07-16T10:18:55+00:00","dateModified":"2025-03-27T11:24:43+00:00","breadcrumb":{"@id":"https:\/\/www.ibfxw.com\/elementor-2961\/#breadcrumb"},"inLanguage":"vi-VN","potentialAction":[{"@type":"ReadAction","target":["https:\/\/www.ibfxw.com\/elementor-2961\/"]}]},{"@type":"ImageObject","inLanguage":"vi-VN","@id":"https:\/\/www.ibfxw.com\/elementor-2961\/#primaryimage","url":"https:\/\/www.ibfxw.com\/wp-content\/uploads\/2023\/03\/account-3.jpg","contentUrl":"https:\/\/www.ibfxw.com\/wp-content\/uploads\/2023\/03\/account-3.jpg"},{"@type":"BreadcrumbList","@id":"https:\/\/www.ibfxw.com\/elementor-2961\/#breadcrumb","itemListElement":[{"@type":"ListItem","position":1,"name":"\u9996\u9875","item":"https:\/\/www.ibfxw.com\/vi\/"},{"@type":"ListItem","position":2,"name":"Gi\u1ea3m gi\u00e1 ngo\u1ea1i h\u1ed1i l\u00e0 g\u00ec?"}]},{"@type":"WebSite","@id":"https:\/\/www.ibfxw.com\/ja\/#website","url":"https:\/\/www.ibfxw.com\/ja\/","name":"IBfxw\u5916\u6c47\u8fd4\u4f63\u7f51","description":"N\u1ec1n t\u1ea3ng m\u1edf t\u00e0i kho\u1ea3n ho\u00e0n ti\u1ec1n forex chuy\u00ean nghi\u1ec7p nh\u1ea5t","publisher":{"@id":"https:\/\/www.ibfxw.com\/ja\/#organization"},"potentialAction":[{"@type":"SearchAction","target":{"@type":"EntryPoint","urlTemplate":"https:\/\/www.ibfxw.com\/ja\/?s={search_term_string}"},"query-input":{"@type":"PropertyValueSpecification","valueRequired":true,"valueName":"search_term_string"}}],"inLanguage":"vi-VN"},{"@type":"Organization","@id":"https:\/\/www.ibfxw.com\/ja\/#organization","name":"M\u1ea1ng l\u01b0\u1edbi Ho\u00e0n ti\u1ec1n Forex c\u1ee7a IBfxw","url":"https:\/\/www.ibfxw.com\/ja\/","logo":{"@type":"ImageObject","inLanguage":"vi-VN","@id":"https:\/\/www.ibfxw.com\/ja\/#\/schema\/logo\/image\/","url":"https:\/\/www.ibfxw.com\/wp-content\/uploads\/2023\/03\/logo.png","contentUrl":"https:\/\/www.ibfxw.com\/wp-content\/uploads\/2023\/03\/logo.png","width":158,"height":42,"caption":"M\u1ea1ng l\u01b0\u1edbi Ho\u00e0n ti\u1ec1n Forex c\u1ee7a IBfxw"},"image":{"@id":"https:\/\/www.ibfxw.com\/ja\/#\/schema\/logo\/image\/"}}]}},"_links":{"self":[{"href":"https:\/\/www.ibfxw.com\/vi\/wp-json\/wp\/v2\/pages\/4314","targetHints":{"allow":["GET"]}}],"collection":[{"href":"https:\/\/www.ibfxw.com\/vi\/wp-json\/wp\/v2\/pages"}],"about":[{"href":"https:\/\/www.ibfxw.com\/vi\/wp-json\/wp\/v2\/types\/page"}],"author":[{"embeddable":true,"href":"https:\/\/www.ibfxw.com\/vi\/wp-json\/wp\/v2\/users\/1"}],"replies":[{"embeddable":true,"href":"https:\/\/www.ibfxw.com\/vi\/wp-json\/wp\/v2\/comments?post=4314"}],"version-history":[{"count":0,"href":"https:\/\/www.ibfxw.com\/vi\/wp-json\/wp\/v2\/pages\/4314\/revisions"}],"wp:attachment":[{"href":"https:\/\/www.ibfxw.com\/vi\/wp-json\/wp\/v2\/media?parent=4314"}],"curies":[{"name":"wp","href":"https:\/\/api.w.org\/{rel}","templated":true}]}}