{"id":4244,"date":"2023-03-14T08:37:48","date_gmt":"2023-03-14T00:37:48","guid":{"rendered":"https:\/\/www.ibfxw.com\/lien-he-voi-chung-toi\/"},"modified":"2025-03-24T19:07:32","modified_gmt":"2025-03-24T11:07:32","slug":"lien-he-voi-chung-toi","status":"publish","type":"page","link":"https:\/\/www.ibfxw.com\/vi\/lien-he-voi-chung-toi\/","title":{"rendered":"Li\u00ean h\u1ec7 v\u1edbi ch\u00fang t\u00f4i"},"content":{"rendered":"\t\t<div data-elementor-type=\"wp-page\" data-elementor-id=\"4244\" class=\"elementor elementor-4244 elementor-55\" data-elementor-post-type=\"page\">\n\t\t\t\t\t\t<section class=\"elementor-section elementor-top-section elementor-element elementor-element-86af5a0 elementor-section-full_width elementor-section-height-default elementor-section-height-default\" data-id=\"86af5a0\" data-element_type=\"section\" data-e-type=\"section\">\n\t\t\t\t\t\t<div class=\"elementor-container elementor-column-gap-default\">\n\t\t\t\t\t<div class=\"elementor-column elementor-col-100 elementor-top-column elementor-element elementor-element-553621d\" data-id=\"553621d\" data-element_type=\"column\" data-e-type=\"column\">\n\t\t\t<div class=\"elementor-widget-wrap\">\n\t\t\t\t\t\t\t<\/div>\n\t\t<\/div>\n\t\t\t\t\t<\/div>\n\t\t<\/section>\n\t\t\t\t<section class=\"elementor-section elementor-top-section elementor-element elementor-element-5262a05 elementor-section-full_width elementor-section-height-default elementor-section-height-default\" data-id=\"5262a05\" data-element_type=\"section\" data-e-type=\"section\">\n\t\t\t\t\t\t<div class=\"elementor-container elementor-column-gap-default\">\n\t\t\t\t\t<div class=\"elementor-column elementor-col-100 elementor-top-column elementor-element elementor-element-c6c9a86\" data-id=\"c6c9a86\" data-element_type=\"column\" data-e-type=\"column\">\n\t\t\t<div class=\"elementor-widget-wrap elementor-element-populated\">\n\t\t\t\t\t\t<div class=\"elementor-element elementor-element-c2c44d9 elementor-widget elementor-widget-bullion_bullion_contact_us\" data-id=\"c2c44d9\" data-element_type=\"widget\" data-e-type=\"widget\" data-settings=\"{&quot;bullion_layout_margin&quot;:{&quot;unit&quot;:&quot;px&quot;,&quot;top&quot;:&quot;&quot;,&quot;right&quot;:&quot;&quot;,&quot;bottom&quot;:&quot;&quot;,&quot;left&quot;:&quot;&quot;,&quot;isLinked&quot;:true},&quot;bullion_layout_margin_widescreen&quot;:{&quot;unit&quot;:&quot;px&quot;,&quot;top&quot;:&quot;&quot;,&quot;right&quot;:&quot;&quot;,&quot;bottom&quot;:&quot;&quot;,&quot;left&quot;:&quot;&quot;,&quot;isLinked&quot;:true},&quot;bullion_layout_margin_tablet&quot;:{&quot;unit&quot;:&quot;px&quot;,&quot;top&quot;:&quot;&quot;,&quot;right&quot;:&quot;&quot;,&quot;bottom&quot;:&quot;&quot;,&quot;left&quot;:&quot;&quot;,&quot;isLinked&quot;:true},&quot;bullion_layout_margin_mobile&quot;:{&quot;unit&quot;:&quot;px&quot;,&quot;top&quot;:&quot;&quot;,&quot;right&quot;:&quot;&quot;,&quot;bottom&quot;:&quot;&quot;,&quot;left&quot;:&quot;&quot;,&quot;isLinked&quot;:true},&quot;bullion_layout_padding&quot;:{&quot;unit&quot;:&quot;px&quot;,&quot;top&quot;:&quot;&quot;,&quot;right&quot;:&quot;&quot;,&quot;bottom&quot;:&quot;&quot;,&quot;left&quot;:&quot;&quot;,&quot;isLinked&quot;:true},&quot;bullion_layout_padding_widescreen&quot;:{&quot;unit&quot;:&quot;px&quot;,&quot;top&quot;:&quot;&quot;,&quot;right&quot;:&quot;&quot;,&quot;bottom&quot;:&quot;&quot;,&quot;left&quot;:&quot;&quot;,&quot;isLinked&quot;:true},&quot;bullion_layout_padding_tablet&quot;:{&quot;unit&quot;:&quot;px&quot;,&quot;top&quot;:&quot;&quot;,&quot;right&quot;:&quot;&quot;,&quot;bottom&quot;:&quot;&quot;,&quot;left&quot;:&quot;&quot;,&quot;isLinked&quot;:true},&quot;bullion_layout_padding_mobile&quot;:{&quot;unit&quot;:&quot;px&quot;,&quot;top&quot;:&quot;&quot;,&quot;right&quot;:&quot;&quot;,&quot;bottom&quot;:&quot;&quot;,&quot;left&quot;:&quot;&quot;,&quot;isLinked&quot;:true}}\" data-widget_type=\"bullion_bullion_contact_us.default\">\n\t\t\t\t<div class=\"elementor-widget-container\">\n\t\t\t\t\t    \t<!-- contact-section -->\n    <section class=\"contact-section alternat-2 sec-pad centred\">\n        <div class=\"auto-container\">\n                        <div class=\"sec-title\">\n                <span class=\"sub-title\">G\u1eedi email cho ch\u00fang t\u00f4i<\/span>                <h2>G\u1eedi tin nh\u1eafn cho ch\u00fang t\u00f4i<\/h2>            <\/div>\n                                <\/div>\n    <\/section>\n    <!-- contact-section end -->\n    \n                     \n      \t\t\t\t<\/div>\n\t\t\t\t<\/div>\n\t\t\t\t<div class=\"elementor-element elementor-element-984967e elementor-widget elementor-widget-bullion_contact_info\" data-id=\"984967e\" data-element_type=\"widget\" data-e-type=\"widget\" data-settings=\"{&quot;bullion_layout_margin&quot;:{&quot;unit&quot;:&quot;px&quot;,&quot;top&quot;:&quot;&quot;,&quot;right&quot;:&quot;&quot;,&quot;bottom&quot;:&quot;&quot;,&quot;left&quot;:&quot;&quot;,&quot;isLinked&quot;:true},&quot;bullion_layout_margin_widescreen&quot;:{&quot;unit&quot;:&quot;px&quot;,&quot;top&quot;:&quot;&quot;,&quot;right&quot;:&quot;&quot;,&quot;bottom&quot;:&quot;&quot;,&quot;left&quot;:&quot;&quot;,&quot;isLinked&quot;:true},&quot;bullion_layout_margin_tablet&quot;:{&quot;unit&quot;:&quot;px&quot;,&quot;top&quot;:&quot;&quot;,&quot;right&quot;:&quot;&quot;,&quot;bottom&quot;:&quot;&quot;,&quot;left&quot;:&quot;&quot;,&quot;isLinked&quot;:true},&quot;bullion_layout_margin_mobile&quot;:{&quot;unit&quot;:&quot;px&quot;,&quot;top&quot;:&quot;&quot;,&quot;right&quot;:&quot;&quot;,&quot;bottom&quot;:&quot;&quot;,&quot;left&quot;:&quot;&quot;,&quot;isLinked&quot;:true},&quot;bullion_layout_padding&quot;:{&quot;unit&quot;:&quot;px&quot;,&quot;top&quot;:&quot;&quot;,&quot;right&quot;:&quot;&quot;,&quot;bottom&quot;:&quot;&quot;,&quot;left&quot;:&quot;&quot;,&quot;isLinked&quot;:true},&quot;bullion_layout_padding_widescreen&quot;:{&quot;unit&quot;:&quot;px&quot;,&quot;top&quot;:&quot;&quot;,&quot;right&quot;:&quot;&quot;,&quot;bottom&quot;:&quot;&quot;,&quot;left&quot;:&quot;&quot;,&quot;isLinked&quot;:true},&quot;bullion_layout_padding_tablet&quot;:{&quot;unit&quot;:&quot;px&quot;,&quot;top&quot;:&quot;&quot;,&quot;right&quot;:&quot;&quot;,&quot;bottom&quot;:&quot;&quot;,&quot;left&quot;:&quot;&quot;,&quot;isLinked&quot;:true},&quot;bullion_layout_padding_mobile&quot;:{&quot;unit&quot;:&quot;px&quot;,&quot;top&quot;:&quot;&quot;,&quot;right&quot;:&quot;&quot;,&quot;bottom&quot;:&quot;&quot;,&quot;left&quot;:&quot;&quot;,&quot;isLinked&quot;:true}}\" data-widget_type=\"bullion_contact_info.default\">\n\t\t\t\t<div class=\"elementor-widget-container\">\n\t\t\t\t\t    \n    <!-- contact-style-two -->\n    <section class=\"contact-style-two sec-pad\">\n        <div class=\"pattern-layer\"  style=\"background-image: url(https:\/\/www.ibfxw.com\/wp-content\/uploads\/2023\/03\/shape-49.png);\"><\/div>\n        <div class=\"auto-container\">\n            <div class=\"row clearfix\">\n                <div class=\"col-lg-8 col-md-12 col-sm-12 content-column\">\n                    <div class=\"content-box\">\n                                                <div class=\"sec-title\">\n                            <span class=\"sub-title\">C\u1ea7n m\u1ed9t tay<\/span>                            <h2>K\u1ebft n\u1ed1i \u0111\u1ec3 gi\u1ea3i quy\u1ebft v\u1ea5n \u0111\u1ec1 t\u1ed1t h\u01a1n<\/h2>                            <p>B\u1ea1n c\u00f3 th\u1ec3 li\u00ean h\u1ec7 v\u1edbi ch\u00fang t\u00f4i qua \u0111i\u1ec7n tho\u1ea1i ho\u1eb7c tr\u1ef1c tuy\u1ebfn<\/p>                        <\/div>\n                                                <div class=\"row clearfix\">\n                                                        <div class=\"col-lg-6 col-md-6 col-sm-12 info-block\">\n                                <div class=\"info-block-one\">\n                                    <div class=\"inner-box\">\n                                                                                <div class=\"icon-box\"><img decoding=\"async\" src=\"https:\/\/www.ibfxw.com\/wp-content\/uploads\/2023\/03\/icon-84.png\" alt=\"Awesome Image\"><\/div>\n                                                                                <h4>Y\u00eau c\u1ea7u g\u1ecdi l\u1ea1i<\/h4>\n                                        <p>Ch\u1ec9 c\u1ea7n chia s\u1ebb s\u1ed1 \u0111i\u1ec7n tho\u1ea1i c\u1ee7a b\u1ea1n v\u00e0 ch\u00fang t\u00f4i s\u1ebd g\u1ecdi l\u1ea1i cho b\u1ea1n<\/p>\n                                                                                <div class=\"link-box\">\n                                            <a href=\"tel:\"><span><\/span><\/a>\n                                        <\/div>\n                                                                            <\/div>\n                                <\/div>\n                            <\/div>\n                                                        <div class=\"col-lg-6 col-md-6 col-sm-12 info-block\">\n                                <div class=\"info-block-one\">\n                                    <div class=\"inner-box\">\n                                                                                <div class=\"icon-box\"><img decoding=\"async\" src=\"https:\/\/www.ibfxw.com\/wp-content\/uploads\/2023\/03\/icon-85.png\" alt=\"Awesome Image\"><\/div>\n                                                                                <h4>Giao ti\u1ebfp tr\u1ef1c tuy\u1ebfn<\/h4>\n                                        <p>Tr\u00f2 chuy\u1ec7n tr\u1ef1c ti\u1ebfp v\u1edbi c\u00e1c chuy\u00ean gia ngo\u1ea1i h\u1ed1i c\u1ee7a ch\u00fang t\u00f4i.<\/p>\n                                                                                <div class=\"link-box\">\n                                            <a href=\"mailto:fanyong1368@gmail.come\"><span>B\u1eaft \u0111\u1ea7u tr\u00f2 chuy\u1ec7n<\/span><\/a>\n                                        <\/div>\n                                                                            <\/div>\n                                <\/div>\n                            <\/div>\n                                                    <\/div>\n                    <\/div>\n                <\/div>\n                <div class=\"col-lg-4 col-md-12 col-sm-12 inner-column\">\n                    <div class=\"inner-content\">\n                        <h3>S\u1ef1 ti\u1ebfp x\u00fac<\/h3>                        <ul class=\"info-list clearfix\">\n                                                        <li>\n                            \t                                <div class=\"icon-box\"><img decoding=\"async\" src=\"https:\/\/www.ibfxw.com\/wp-content\/uploads\/2023\/03\/icon-88.png\" alt=\"Awesome Image\"><\/div>\n                                                                                                <p><a href=\"mailto:fanyong1368@gmail.come\">fanyong1368@gmail.come<\/a><\/p>\n                                                            <\/li>\n                                                    <\/ul>\n                        <ul class=\"social-links clearfix\">\n                                                        <li><a href=\"\"><svg class=\"e-font-icon-svg e-fab-twitter-square\" viewBox=\"0 0 448 512\" xmlns=\"http:\/\/www.w3.org\/2000\/svg\"><path d=\"M400 32H48C21.5 32 0 53.5 0 80v352c0 26.5 21.5 48 48 48h352c26.5 0 48-21.5 48-48V80c0-26.5-21.5-48-48-48zm-48.9 158.8c.2 2.8.2 5.7.2 8.5 0 86.7-66 186.6-186.6 186.6-37.2 0-71.7-10.8-100.7-29.4 5.3.6 10.4.8 15.8.8 30.7 0 58.9-10.4 81.4-28-28.8-.6-53-19.5-61.3-45.5 10.1 1.5 19.2 1.5 29.6-1.2-30-6.1-52.5-32.5-52.5-64.4v-.8c8.7 4.9 18.9 7.9 29.6 8.3a65.447 65.447 0 0 1-29.2-54.6c0-12.2 3.2-23.4 8.9-33.1 32.3 39.8 80.8 65.8 135.2 68.6-9.3-44.5 24-80.6 64-80.6 18.9 0 35.9 7.9 47.9 20.7 14.8-2.8 29-8.3 41.6-15.8-4.9 15.2-15.2 28-28.8 36.1 13.2-1.4 26-5.1 37.8-10.2-8.9 13.1-20.1 24.7-32.9 34z\"><\/path><\/svg><\/a><\/li>\n                                                    <\/ul>\n                                                <div class=\"btn-box\">\n                            <a href=\"#\" target=\"_blank\" class=\"theme-btn btn-two\"><span>Ki\u1ec3m tra tr\u00ean Google Maps<\/span><\/a>\n                        <\/div>\n                                            <\/div>\n                <\/div>\n            <\/div>\n        <\/div>\n    <\/section>\n    <!-- contact-style-two end -->       \n             \n        \t\t\t\t<\/div>\n\t\t\t\t<\/div>\n\t\t\t\t\t<\/div>\n\t\t<\/div>\n\t\t\t\t\t<\/div>\n\t\t<\/section>\n\t\t\t\t<\/div>\n\t\t","protected":false},"excerpt":{"rendered":"<p>G\u1eedi email cho ch\u00fang t\u00f4i G\u1eedi tin nh\u1eafn cho ch\u00fang t\u00f4i C\u1ea7n m\u1ed9t tay K\u1ebft n\u1ed1i \u0111\u1ec3 gi\u1ea3i quy\u1ebft v\u1ea5n \u0111\u1ec1 t\u1ed1t h\u01a1n B\u1ea1n c\u00f3 th\u1ec3 li\u00ean h\u1ec7 v\u1edbi ch\u00fang t\u00f4i qua \u0111i\u1ec7n tho\u1ea1i ho\u1eb7c tr\u1ef1c tuy\u1ebfn Y\u00eau c\u1ea7u g\u1ecdi l\u1ea1i Ch\u1ec9 c\u1ea7n chia s\u1ebb s\u1ed1 \u0111i\u1ec7n tho\u1ea1i c\u1ee7a b\u1ea1n v\u00e0 ch\u00fang t\u00f4i s\u1ebd g\u1ecdi [&hellip;]<\/p>\n","protected":false},"author":1,"featured_media":0,"parent":0,"menu_order":0,"comment_status":"closed","ping_status":"closed","template":"tpl-default-elementor.php","meta":{"powered_cache_disable_cache":false,"powered_cache_disable_lazyload":false,"footnotes":""},"class_list":["post-4244","page","type-page","status-publish","hentry"],"yoast_head":"<!-- This site is optimized with the Yoast SEO plugin v24.7 - https:\/\/yoast.com\/wordpress\/plugins\/seo\/ -->\n<title>Li\u00ean h\u1ec7 v\u1edbi ch\u00fang t\u00f4i - M\u1ea1ng l\u01b0\u1edbi Ho\u00e0n ti\u1ec1n Forex c\u1ee7a IBfxw<\/title>\n<meta name=\"robots\" content=\"index, follow, max-snippet:-1, max-image-preview:large, max-video-preview:-1\" \/>\n<link rel=\"canonical\" href=\"https:\/\/www.ibfxw.com\/contact\/\" \/>\n<meta property=\"og:locale\" content=\"vi_VN\" \/>\n<meta property=\"og:type\" content=\"article\" \/>\n<meta property=\"og:title\" content=\"Li\u00ean h\u1ec7 v\u1edbi ch\u00fang t\u00f4i - M\u1ea1ng l\u01b0\u1edbi Ho\u00e0n ti\u1ec1n Forex c\u1ee7a IBfxw\" \/>\n<meta property=\"og:description\" content=\"G\u1eedi email cho ch\u00fang t\u00f4i G\u1eedi tin nh\u1eafn cho ch\u00fang t\u00f4i C\u1ea7n m\u1ed9t tay K\u1ebft n\u1ed1i \u0111\u1ec3 gi\u1ea3i quy\u1ebft v\u1ea5n \u0111\u1ec1 t\u1ed1t h\u01a1n B\u1ea1n c\u00f3 th\u1ec3 li\u00ean h\u1ec7 v\u1edbi ch\u00fang t\u00f4i qua \u0111i\u1ec7n tho\u1ea1i ho\u1eb7c tr\u1ef1c tuy\u1ebfn Y\u00eau c\u1ea7u g\u1ecdi l\u1ea1i Ch\u1ec9 c\u1ea7n chia s\u1ebb s\u1ed1 \u0111i\u1ec7n tho\u1ea1i c\u1ee7a b\u1ea1n v\u00e0 ch\u00fang t\u00f4i s\u1ebd g\u1ecdi [&hellip;]\" \/>\n<meta property=\"og:url\" content=\"https:\/\/www.ibfxw.com\/contact\/\" \/>\n<meta property=\"og:site_name\" content=\"M\u1ea1ng l\u01b0\u1edbi Ho\u00e0n ti\u1ec1n Forex c\u1ee7a IBfxw\" \/>\n<meta property=\"article:modified_time\" content=\"2025-03-24T11:07:32+00:00\" \/>\n<meta property=\"og:image\" content=\"https:\/\/www.ibfxw.com\/wp-content\/uploads\/2023\/03\/icon-84.png\" \/>\n<meta name=\"twitter:card\" content=\"summary_large_image\" \/>\n<meta name=\"twitter:label1\" content=\"Est. reading time\" \/>\n\t<meta name=\"twitter:data1\" content=\"1 minute\" \/>\n<script type=\"application\/ld+json\" class=\"yoast-schema-graph\">{\"@context\":\"https:\/\/schema.org\",\"@graph\":[{\"@type\":\"WebPage\",\"@id\":\"https:\/\/www.ibfxw.com\/contact\/\",\"url\":\"https:\/\/www.ibfxw.com\/contact\/\",\"name\":\"Li\u00ean h\u1ec7 v\u1edbi ch\u00fang t\u00f4i - M\u1ea1ng l\u01b0\u1edbi Ho\u00e0n ti\u1ec1n Forex c\u1ee7a IBfxw\",\"isPartOf\":{\"@id\":\"https:\/\/www.ibfxw.com\/ja\/#website\"},\"primaryImageOfPage\":{\"@id\":\"https:\/\/www.ibfxw.com\/contact\/#primaryimage\"},\"image\":{\"@id\":\"https:\/\/www.ibfxw.com\/contact\/#primaryimage\"},\"thumbnailUrl\":\"https:\/\/www.ibfxw.com\/wp-content\/uploads\/2023\/03\/icon-84.png\",\"datePublished\":\"2023-03-14T00:37:48+00:00\",\"dateModified\":\"2025-03-24T11:07:32+00:00\",\"breadcrumb\":{\"@id\":\"https:\/\/www.ibfxw.com\/contact\/#breadcrumb\"},\"inLanguage\":\"vi-VN\",\"potentialAction\":[{\"@type\":\"ReadAction\",\"target\":[\"https:\/\/www.ibfxw.com\/contact\/\"]}]},{\"@type\":\"ImageObject\",\"inLanguage\":\"vi-VN\",\"@id\":\"https:\/\/www.ibfxw.com\/contact\/#primaryimage\",\"url\":\"https:\/\/www.ibfxw.com\/wp-content\/uploads\/2023\/03\/icon-84.png\",\"contentUrl\":\"https:\/\/www.ibfxw.com\/wp-content\/uploads\/2023\/03\/icon-84.png\"},{\"@type\":\"BreadcrumbList\",\"@id\":\"https:\/\/www.ibfxw.com\/contact\/#breadcrumb\",\"itemListElement\":[{\"@type\":\"ListItem\",\"position\":1,\"name\":\"\u9996\u9875\",\"item\":\"https:\/\/www.ibfxw.com\/vi\/\"},{\"@type\":\"ListItem\",\"position\":2,\"name\":\"Li\u00ean h\u1ec7 v\u1edbi ch\u00fang t\u00f4i\"}]},{\"@type\":\"WebSite\",\"@id\":\"https:\/\/www.ibfxw.com\/ja\/#website\",\"url\":\"https:\/\/www.ibfxw.com\/ja\/\",\"name\":\"IBfxw\u5916\u6c47\u8fd4\u4f63\u7f51\",\"description\":\"N\u1ec1n t\u1ea3ng m\u1edf t\u00e0i kho\u1ea3n ho\u00e0n ti\u1ec1n forex chuy\u00ean nghi\u1ec7p nh\u1ea5t\",\"publisher\":{\"@id\":\"https:\/\/www.ibfxw.com\/ja\/#organization\"},\"potentialAction\":[{\"@type\":\"SearchAction\",\"target\":{\"@type\":\"EntryPoint\",\"urlTemplate\":\"https:\/\/www.ibfxw.com\/ja\/?s={search_term_string}\"},\"query-input\":{\"@type\":\"PropertyValueSpecification\",\"valueRequired\":true,\"valueName\":\"search_term_string\"}}],\"inLanguage\":\"vi-VN\"},{\"@type\":\"Organization\",\"@id\":\"https:\/\/www.ibfxw.com\/ja\/#organization\",\"name\":\"M\u1ea1ng l\u01b0\u1edbi Ho\u00e0n ti\u1ec1n Forex c\u1ee7a IBfxw\",\"url\":\"https:\/\/www.ibfxw.com\/ja\/\",\"logo\":{\"@type\":\"ImageObject\",\"inLanguage\":\"vi-VN\",\"@id\":\"https:\/\/www.ibfxw.com\/ja\/#\/schema\/logo\/image\/\",\"url\":\"https:\/\/www.ibfxw.com\/wp-content\/uploads\/2023\/03\/logo.png\",\"contentUrl\":\"https:\/\/www.ibfxw.com\/wp-content\/uploads\/2023\/03\/logo.png\",\"width\":158,\"height\":42,\"caption\":\"M\u1ea1ng l\u01b0\u1edbi Ho\u00e0n ti\u1ec1n Forex c\u1ee7a IBfxw\"},\"image\":{\"@id\":\"https:\/\/www.ibfxw.com\/ja\/#\/schema\/logo\/image\/\"}}]}<\/script>\n<!-- \/ Yoast SEO plugin. -->","yoast_head_json":{"title":"Li\u00ean h\u1ec7 v\u1edbi ch\u00fang t\u00f4i - M\u1ea1ng l\u01b0\u1edbi Ho\u00e0n ti\u1ec1n Forex c\u1ee7a IBfxw","robots":{"index":"index","follow":"follow","max-snippet":"max-snippet:-1","max-image-preview":"max-image-preview:large","max-video-preview":"max-video-preview:-1"},"canonical":"https:\/\/www.ibfxw.com\/contact\/","og_locale":"vi_VN","og_type":"article","og_title":"Li\u00ean h\u1ec7 v\u1edbi ch\u00fang t\u00f4i - M\u1ea1ng l\u01b0\u1edbi Ho\u00e0n ti\u1ec1n Forex c\u1ee7a IBfxw","og_description":"G\u1eedi email cho ch\u00fang t\u00f4i G\u1eedi tin nh\u1eafn cho ch\u00fang t\u00f4i C\u1ea7n m\u1ed9t tay K\u1ebft n\u1ed1i \u0111\u1ec3 gi\u1ea3i quy\u1ebft v\u1ea5n \u0111\u1ec1 t\u1ed1t h\u01a1n B\u1ea1n c\u00f3 th\u1ec3 li\u00ean h\u1ec7 v\u1edbi ch\u00fang t\u00f4i qua \u0111i\u1ec7n tho\u1ea1i ho\u1eb7c tr\u1ef1c tuy\u1ebfn Y\u00eau c\u1ea7u g\u1ecdi l\u1ea1i Ch\u1ec9 c\u1ea7n chia s\u1ebb s\u1ed1 \u0111i\u1ec7n tho\u1ea1i c\u1ee7a b\u1ea1n v\u00e0 ch\u00fang t\u00f4i s\u1ebd g\u1ecdi [&hellip;]","og_url":"https:\/\/www.ibfxw.com\/contact\/","og_site_name":"M\u1ea1ng l\u01b0\u1edbi Ho\u00e0n ti\u1ec1n Forex c\u1ee7a IBfxw","article_modified_time":"2025-03-24T11:07:32+00:00","og_image":[{"url":"https:\/\/www.ibfxw.com\/wp-content\/uploads\/2023\/03\/icon-84.png","type":"","width":"","height":""}],"twitter_card":"summary_large_image","twitter_misc":{"Est. reading time":"1 minute"},"schema":{"@context":"https:\/\/schema.org","@graph":[{"@type":"WebPage","@id":"https:\/\/www.ibfxw.com\/contact\/","url":"https:\/\/www.ibfxw.com\/contact\/","name":"Li\u00ean h\u1ec7 v\u1edbi ch\u00fang t\u00f4i - M\u1ea1ng l\u01b0\u1edbi Ho\u00e0n ti\u1ec1n Forex c\u1ee7a IBfxw","isPartOf":{"@id":"https:\/\/www.ibfxw.com\/ja\/#website"},"primaryImageOfPage":{"@id":"https:\/\/www.ibfxw.com\/contact\/#primaryimage"},"image":{"@id":"https:\/\/www.ibfxw.com\/contact\/#primaryimage"},"thumbnailUrl":"https:\/\/www.ibfxw.com\/wp-content\/uploads\/2023\/03\/icon-84.png","datePublished":"2023-03-14T00:37:48+00:00","dateModified":"2025-03-24T11:07:32+00:00","breadcrumb":{"@id":"https:\/\/www.ibfxw.com\/contact\/#breadcrumb"},"inLanguage":"vi-VN","potentialAction":[{"@type":"ReadAction","target":["https:\/\/www.ibfxw.com\/contact\/"]}]},{"@type":"ImageObject","inLanguage":"vi-VN","@id":"https:\/\/www.ibfxw.com\/contact\/#primaryimage","url":"https:\/\/www.ibfxw.com\/wp-content\/uploads\/2023\/03\/icon-84.png","contentUrl":"https:\/\/www.ibfxw.com\/wp-content\/uploads\/2023\/03\/icon-84.png"},{"@type":"BreadcrumbList","@id":"https:\/\/www.ibfxw.com\/contact\/#breadcrumb","itemListElement":[{"@type":"ListItem","position":1,"name":"\u9996\u9875","item":"https:\/\/www.ibfxw.com\/vi\/"},{"@type":"ListItem","position":2,"name":"Li\u00ean h\u1ec7 v\u1edbi ch\u00fang t\u00f4i"}]},{"@type":"WebSite","@id":"https:\/\/www.ibfxw.com\/ja\/#website","url":"https:\/\/www.ibfxw.com\/ja\/","name":"IBfxw\u5916\u6c47\u8fd4\u4f63\u7f51","description":"N\u1ec1n t\u1ea3ng m\u1edf t\u00e0i kho\u1ea3n ho\u00e0n ti\u1ec1n forex chuy\u00ean nghi\u1ec7p nh\u1ea5t","publisher":{"@id":"https:\/\/www.ibfxw.com\/ja\/#organization"},"potentialAction":[{"@type":"SearchAction","target":{"@type":"EntryPoint","urlTemplate":"https:\/\/www.ibfxw.com\/ja\/?s={search_term_string}"},"query-input":{"@type":"PropertyValueSpecification","valueRequired":true,"valueName":"search_term_string"}}],"inLanguage":"vi-VN"},{"@type":"Organization","@id":"https:\/\/www.ibfxw.com\/ja\/#organization","name":"M\u1ea1ng l\u01b0\u1edbi Ho\u00e0n ti\u1ec1n Forex c\u1ee7a IBfxw","url":"https:\/\/www.ibfxw.com\/ja\/","logo":{"@type":"ImageObject","inLanguage":"vi-VN","@id":"https:\/\/www.ibfxw.com\/ja\/#\/schema\/logo\/image\/","url":"https:\/\/www.ibfxw.com\/wp-content\/uploads\/2023\/03\/logo.png","contentUrl":"https:\/\/www.ibfxw.com\/wp-content\/uploads\/2023\/03\/logo.png","width":158,"height":42,"caption":"M\u1ea1ng l\u01b0\u1edbi Ho\u00e0n ti\u1ec1n Forex c\u1ee7a IBfxw"},"image":{"@id":"https:\/\/www.ibfxw.com\/ja\/#\/schema\/logo\/image\/"}}]}},"_links":{"self":[{"href":"https:\/\/www.ibfxw.com\/vi\/wp-json\/wp\/v2\/pages\/4244","targetHints":{"allow":["GET"]}}],"collection":[{"href":"https:\/\/www.ibfxw.com\/vi\/wp-json\/wp\/v2\/pages"}],"about":[{"href":"https:\/\/www.ibfxw.com\/vi\/wp-json\/wp\/v2\/types\/page"}],"author":[{"embeddable":true,"href":"https:\/\/www.ibfxw.com\/vi\/wp-json\/wp\/v2\/users\/1"}],"replies":[{"embeddable":true,"href":"https:\/\/www.ibfxw.com\/vi\/wp-json\/wp\/v2\/comments?post=4244"}],"version-history":[{"count":0,"href":"https:\/\/www.ibfxw.com\/vi\/wp-json\/wp\/v2\/pages\/4244\/revisions"}],"wp:attachment":[{"href":"https:\/\/www.ibfxw.com\/vi\/wp-json\/wp\/v2\/media?parent=4244"}],"curies":[{"name":"wp","href":"https:\/\/api.w.org\/{rel}","templated":true}]}}