{"id":4195,"date":"2023-03-14T08:36:40","date_gmt":"2023-03-14T00:36:40","guid":{"rendered":"https:\/\/www.ibfxw.com\/nhung-cau-hoi-thuong-gap\/"},"modified":"2025-03-27T11:29:33","modified_gmt":"2025-03-27T03:29:33","slug":"nhung-cau-hoi-thuong-gap","status":"publish","type":"page","link":"https:\/\/www.ibfxw.com\/vi\/nhung-cau-hoi-thuong-gap\/","title":{"rendered":"Nh\u1eefng c\u00e2u h\u1ecfi th\u01b0\u1eddng g\u1eb7p"},"content":{"rendered":"\t\t<div data-elementor-type=\"wp-page\" data-elementor-id=\"4195\" class=\"elementor elementor-4195 elementor-50\" data-elementor-post-type=\"page\">\n\t\t\t\t\t\t<section class=\"elementor-section elementor-top-section elementor-element elementor-element-b75af7b elementor-section-full_width elementor-section-height-default elementor-section-height-default\" data-id=\"b75af7b\" data-element_type=\"section\" data-e-type=\"section\">\n\t\t\t\t\t\t<div class=\"elementor-container elementor-column-gap-default\">\n\t\t\t\t\t<div class=\"elementor-column elementor-col-100 elementor-top-column elementor-element elementor-element-8b6d510\" data-id=\"8b6d510\" data-element_type=\"column\" data-e-type=\"column\">\n\t\t\t<div class=\"elementor-widget-wrap elementor-element-populated\">\n\t\t\t\t\t\t<div class=\"elementor-element elementor-element-968fdc2 elementor-widget elementor-widget-progress-tracker\" data-id=\"968fdc2\" data-element_type=\"widget\" data-e-type=\"widget\" data-settings=\"{&quot;type&quot;:&quot;horizontal&quot;,&quot;relative_to&quot;:&quot;entire_page&quot;,&quot;percentage&quot;:&quot;no&quot;}\" data-widget_type=\"progress-tracker.default\">\n\t\t\t\t\t\n\t\t<div class=\"elementor-scrolling-tracker elementor-scrolling-tracker-horizontal elementor-scrolling-tracker-alignment-\">\n\t\t\t\t\t\t<div class=\"current-progress\">\n\t\t\t\t\t<div class=\"current-progress-percentage\"><\/div>\n\t\t\t\t<\/div>\n\t\t\t\t<\/div>\n\t\t\t\t\t\t<\/div>\n\t\t\t\t<div class=\"elementor-element elementor-element-70c2eab elementor-widget elementor-widget-bullion_blog_grid\" data-id=\"70c2eab\" data-element_type=\"widget\" data-e-type=\"widget\" data-settings=\"{&quot;bullion_layout_margin&quot;:{&quot;unit&quot;:&quot;px&quot;,&quot;top&quot;:&quot;&quot;,&quot;right&quot;:&quot;&quot;,&quot;bottom&quot;:&quot;&quot;,&quot;left&quot;:&quot;&quot;,&quot;isLinked&quot;:true},&quot;bullion_layout_margin_widescreen&quot;:{&quot;unit&quot;:&quot;px&quot;,&quot;top&quot;:&quot;&quot;,&quot;right&quot;:&quot;&quot;,&quot;bottom&quot;:&quot;&quot;,&quot;left&quot;:&quot;&quot;,&quot;isLinked&quot;:true},&quot;bullion_layout_margin_tablet&quot;:{&quot;unit&quot;:&quot;px&quot;,&quot;top&quot;:&quot;&quot;,&quot;right&quot;:&quot;&quot;,&quot;bottom&quot;:&quot;&quot;,&quot;left&quot;:&quot;&quot;,&quot;isLinked&quot;:true},&quot;bullion_layout_margin_mobile&quot;:{&quot;unit&quot;:&quot;px&quot;,&quot;top&quot;:&quot;&quot;,&quot;right&quot;:&quot;&quot;,&quot;bottom&quot;:&quot;&quot;,&quot;left&quot;:&quot;&quot;,&quot;isLinked&quot;:true},&quot;bullion_layout_padding&quot;:{&quot;unit&quot;:&quot;px&quot;,&quot;top&quot;:&quot;&quot;,&quot;right&quot;:&quot;&quot;,&quot;bottom&quot;:&quot;&quot;,&quot;left&quot;:&quot;&quot;,&quot;isLinked&quot;:true},&quot;bullion_layout_padding_widescreen&quot;:{&quot;unit&quot;:&quot;px&quot;,&quot;top&quot;:&quot;&quot;,&quot;right&quot;:&quot;&quot;,&quot;bottom&quot;:&quot;&quot;,&quot;left&quot;:&quot;&quot;,&quot;isLinked&quot;:true},&quot;bullion_layout_padding_tablet&quot;:{&quot;unit&quot;:&quot;px&quot;,&quot;top&quot;:&quot;&quot;,&quot;right&quot;:&quot;&quot;,&quot;bottom&quot;:&quot;&quot;,&quot;left&quot;:&quot;&quot;,&quot;isLinked&quot;:true},&quot;bullion_layout_padding_mobile&quot;:{&quot;unit&quot;:&quot;px&quot;,&quot;top&quot;:&quot;&quot;,&quot;right&quot;:&quot;&quot;,&quot;bottom&quot;:&quot;&quot;,&quot;left&quot;:&quot;&quot;,&quot;isLinked&quot;:true}}\" data-widget_type=\"bullion_blog_grid.default\">\n\t\t\t\t<div class=\"elementor-widget-container\">\n\t\t\t\t\t\t\t\n                \n        <!-- news-section -->\n        <section class=\"news-section sec-pad\">\n            <div class=\"auto-container\">\n                                <div class=\"row clearfix\">\n                                        <div class=\"col-lg-4 col-md-6 col-sm-12 news-block\">\n                        <div class=\"news-block-one wow fadeInUp animated\" data-wow-delay=\"00ms\" data-wow-duration=\"1500ms\">\n                            <div class=\"inner-box\">\n                                <div class=\"image-box\">\n                                    <figure class=\"image\"><a href=\"https:\/\/www.ibfxw.com\/vi\/11721\/\"><\/a><\/figure>\n                                    <span class=\"post-date\">12 Jun<\/span>\n                                <\/div>\n                                <div class=\"lower-content\">\n                                    <h3><a href=\"https:\/\/www.ibfxw.com\/vi\/11721\/\">B\u1ea1n c\u00f3 bi\u1ebft nh\u1eefng \u0111i\u1ec3m n\u00e0y v\u1ec1 vi\u1ec7c l\u1ef1a ch\u1ecdn n\u1ec1n t\u1ea3ng m\u1edf t\u00e0i kho\u1ea3n ngo\u1ea1i h\u1ed1i kh\u00f4ng?<\/a><\/h3>\n                                    <p>S\u1ef1 ph\u00e1t tri\u1ec3n c\u1ee7a th\u1ecb tr\u01b0\u1eddng ngo\u1ea1i h\u1ed1i \u0111\u00e3 mang \u0111\u1ebfn ...<\/p>\n                                    <div class=\"author-box\">\n                                        <figure class=\"author-thumb\"><\/figure>\n                                        <h6><a href=\"https:\/\/www.ibfxw.com\/vi\/category\/%e6%9c%aa%e5%88%86%e7%b1%bb\/\" rel=\"category tag\">\u672a\u5206\u7c7b<\/a><\/h6>\n                                        <ul class=\"post-info clearfix\">\n                                            <li><span>Qua<\/span> <a href=\"https:\/\/www.ibfxw.com\/vi\/author\/admin\/\">admin<\/a><\/li>\n                                            <li><span>\u0110\u1ebeN<\/span> 3 n\u0103m ago<\/li>\n                                        <\/ul>\n                                    <\/div>\n                                <\/div>\n                            <\/div>\n                        <\/div>\n                    <\/div>\n                                        <div class=\"col-lg-4 col-md-6 col-sm-12 news-block\">\n                        <div class=\"news-block-one wow fadeInUp animated\" data-wow-delay=\"00ms\" data-wow-duration=\"1500ms\">\n                            <div class=\"inner-box\">\n                                <div class=\"image-box\">\n                                    <figure class=\"image\"><a href=\"https:\/\/www.ibfxw.com\/vi\/11700\/\"><\/a><\/figure>\n                                    <span class=\"post-date\">01 Apr<\/span>\n                                <\/div>\n                                <div class=\"lower-content\">\n                                    <h3><a href=\"https:\/\/www.ibfxw.com\/vi\/11700\/\">B\u1eadc th\u1ea7y giao d\u1ecbch Forex Kevin David v\u00e0 s\u1ef1 hi\u1ec3u bi\u1ebft t\u1ed1i th\u01b0\u1ee3ng c\u1ee7a anh \u1ea5y: S\u1ef1 \u0111\u01a1n gi\u1ea3n l\u00e0 hi\u1ec7u qu\u1ea3 nh\u1ea5t!<\/a><\/h3>\n                                    <p>\u201cTrong g\u1ea7n 20 n\u0103m s\u1ef1 nghi\u1ec7p giao d\u1ecbch, t\u00f4i \u0111\u00e3 h\u1ecdc ...<\/p>\n                                    <div class=\"author-box\">\n                                        <figure class=\"author-thumb\"><\/figure>\n                                        <h6><a href=\"https:\/\/www.ibfxw.com\/vi\/category\/%e6%9c%aa%e5%88%86%e7%b1%bb\/\" rel=\"category tag\">\u672a\u5206\u7c7b<\/a><\/h6>\n                                        <ul class=\"post-info clearfix\">\n                                            <li><span>Qua<\/span> <a href=\"https:\/\/www.ibfxw.com\/vi\/author\/admin\/\">admin<\/a><\/li>\n                                            <li><span>\u0110\u1ebeN<\/span> 1 year ago<\/li>\n                                        <\/ul>\n                                    <\/div>\n                                <\/div>\n                            <\/div>\n                        <\/div>\n                    <\/div>\n                                    <\/div>\n            <\/div>\n        <\/section>\n        <!-- news-section end -->        \n                                \n        \t\t\t\t<\/div>\n\t\t\t\t<\/div>\n\t\t\t\t\t<\/div>\n\t\t<\/div>\n\t\t\t\t\t<\/div>\n\t\t<\/section>\n\t\t<div class=\"elementor-element elementor-element-a324c48 e-flex e-con-boxed e-con e-parent\" data-id=\"a324c48\" data-element_type=\"container\" data-e-type=\"container\">\n\t\t\t\t\t<div class=\"e-con-inner\">\n\t\t\t\t\t<\/div>\n\t\t\t\t<\/div>\n\t\t\t\t<\/div>\n\t\t","protected":false},"excerpt":{"rendered":"<p>12 6 \u6708 \u5982\u4f55\u9009\u62e9\u5916\u6c47\u4ee3\u7406\u5e73\u53f0\uff1f \u3000\u3000\u7092\u5916\u6c47\u7684\u65f6\u5019\uff0c\u5982\u679c\u4f60\u662f\u4ee3\u7406\uff0c\u6295\u8d44\u8005\u4f1a\u5f97\u5230\u6bd4\u8f83\u9ad8\u7684\u5916\u6c47\u8fd4\u4f63\u3002\u57fa\u4e8e\u4e0d\u540c\u7684\u5e73\u53f0\uff0c\u4ee3\u7406\u5546\u7684\u8fd4\u5229\u5236\u5ea6\u4e5f\u4e0d\u540c\u3002\u90a3\u4e48\uff0c\u7092\u5916\u6c47\u4ee3\u7406\u7684\u8fd4\u4f63\u662f\u591a\u5c11\u5462\uff1f \u3000\u3000\u6839\u636e\u5e73\u53f0\u7684\u4e0d\u540c\uff0c\u5916\u6c47\u4ee3\u7406\u5546\u7684\u8fd4\u5229\u5236\u5ea6\u901a\u5e38\u4f1a\u6709\u5f88\u5927\u7684\u4e0d\u540c\u3002\u4f46\u4e00 &#8230; \u672a\u5206\u7c7b \u7531 admin \u81f3 2 \u5e74 ago 12 6 \u6708 \u5916\u6c47\u4ea4\u6613\u5927\u5e08\u51ef\u6587\u00b7\u6234\u7ef4\u7684\u7ec8\u6781\u611f\u609f\uff1a\u7b80\u5355\u624d\u6700\u6709\u6548\u7387 ! \u3000\u3000\u201c\u5728\u8fd120\u5e74\u7684\u4ea4\u6613\u751f\u6daf\u4e2d\uff0c\u6211\u5b66\u5230\u4e86\u5f88\u591a\u77e5\u8bc6\uff0c\u5305\u62ec\u6280\u672f\u5206\u6790\u3001\u57fa\u7840\u6027\u5206\u6790\u3001\u6218\u7565\u89c4\u5212\u3001\u8d44\u91d1\u7ba1\u7406\u4ee5\u53ca\u4ea4\u6613\u5fc3\u7406\u5b66\u3002\u7136\u800c\uff0c\u5728\u8bfb\u8fc7\u4e86\u5927\u91cf\u7684\u4ea4\u6613\u4e1b\u4e66\uff0c\u53c2\u52a0\u4e86\u8bb8\u591a\u7814\u8ba8\u4f1a\uff0c\u82b1\u4e86\u65e0\u6570\u591c\u665a\u7814\u7a76\u4ea4\u6613\u601d\u60f3\u4e4b\u540e\uff0c\u6211\u5f00\u59cb\u610f\u8bc6\u5230\uff0c &#8230; \u672a\u5206\u7c7b \u7531 admin \u81f3 2 \u5e74 ago 12 6 \u6708 \u5916\u6c47\u4ee3\u7406\u9700\u8981\u4ec0\u4e48\u6761\u4ef6\uff1f \u3000\u3000\u5728\u7ecf\u6d4e\u793e\u4f1a\u4e0d\u65ad\u9ad8\u5ea6\u53d1\u5c55\u4e0b\uff0c\u5916\u6c47\u884c\u4e1a\u5728\u56fd\u5185\u8d8a\u6765\u8d8a\u6b22\u8fce\uff0c\u4ece\u4e8b\u5916\u6c47\u6295\u8d44\u7684\u6295\u8d44\u8005\u4e5f\u8d8a\u6765\u8d8a\u591a\u4e3a\u4e86\u7ed9\u8fd9\u4e9b\u60f3\u8981\u4ece\u4e8b\u5916\u6c47\u6295\u8d44\u7684\u6295\u8d44\u8005\u63d0\u4f9b\u76f8\u5173\u670d\u52a1\uff0c\u7533\u8bf7\u4ee3\u7406\u5916\u6c47\u5e73\u53f0\u4e5f\u6210\u4e3a\u4e86\u8d8a\u6765\u8d8a\u591a\u6295\u8d44\u8005\u7684\u9009\u62e9\uff0c\u90a3\u4e48\u9009\u62e9\u4e00\u4e2a\u6b63\u89c4\u9760\u8c31 &#8230; \u672a\u5206\u7c7b \u7531 admin \u81f3 2 \u5e74 ago 12 6 \u6708 \u5982\u4f55\u770b\u5f85\u5916\u6c47\u4ee3\u7406\u4e71\u8c61\uff1f \u3000\u3000\u8fdb\u5165\u5e02\u573a\u80af\u5b9a\u5c31\u5bf9IB\u4e0d\u964c\u751f\u5427\uff0c\u8bf4\u4e0d\u5b9a\u6709\u4e9b\u6c47\u53cb\u5c31\u662f\u88abIB\u201c\u5751\u201d\u8fdb\u6765\u7684\u3002\u5982\u4eca\u7684\u5e02\u573a\u4ee3\u7406\u771f\u7684\u4e00\u5e74\u6bd4\u4e00\u5e74\u6df7\u4e71\u3002\u804c\u4e1a\u4ee3\u7406\u5c31\u4e0d\u7528\u8bf4\u4e86\uff0c\u4e00\u4e9b\u8001\u624b\u4e5f\u5f00\u59cb\u505a\u4ee3\u7406\u4e86\u3002\u5751\u94b1\u7684\u5751\u94b1\uff0c\u62c9\u9ed1\u7684\u62c9\u9ed1\uff0c\u8dd1\u8def\u7684\u8dd1\u8def\uff0c\u4ee3\u7406\u80fd\u4e0d\u80fd\u89c4\u6574 &#8230; \u672a\u5206\u7c7b \u7531 admin \u81f3 2 \u5e74 ago 12 [&hellip;]<\/p>\n","protected":false},"author":1,"featured_media":0,"parent":0,"menu_order":0,"comment_status":"closed","ping_status":"closed","template":"tpl-default-elementor.php","meta":{"powered_cache_disable_cache":false,"powered_cache_disable_lazyload":false,"footnotes":""},"class_list":["post-4195","page","type-page","status-publish","hentry"],"yoast_head":"<!-- This site is optimized with the Yoast SEO plugin v24.7 - https:\/\/yoast.com\/wordpress\/plugins\/seo\/ -->\n<title>Nh\u1eefng c\u00e2u h\u1ecfi th\u01b0\u1eddng g\u1eb7p - M\u1ea1ng l\u01b0\u1edbi Ho\u00e0n ti\u1ec1n Forex c\u1ee7a IBfxw<\/title>\n<meta name=\"robots\" content=\"index, follow, max-snippet:-1, max-image-preview:large, max-video-preview:-1\" \/>\n<link rel=\"canonical\" href=\"https:\/\/www.ibfxw.com\/list-view-01\/\" \/>\n<meta property=\"og:locale\" content=\"vi_VN\" \/>\n<meta property=\"og:type\" content=\"article\" \/>\n<meta property=\"og:title\" content=\"Nh\u1eefng c\u00e2u h\u1ecfi th\u01b0\u1eddng g\u1eb7p - M\u1ea1ng l\u01b0\u1edbi Ho\u00e0n ti\u1ec1n Forex c\u1ee7a IBfxw\" \/>\n<meta property=\"og:description\" content=\"12 6 \u6708 \u5982\u4f55\u9009\u62e9\u5916\u6c47\u4ee3\u7406\u5e73\u53f0\uff1f \u3000\u3000\u7092\u5916\u6c47\u7684\u65f6\u5019\uff0c\u5982\u679c\u4f60\u662f\u4ee3\u7406\uff0c\u6295\u8d44\u8005\u4f1a\u5f97\u5230\u6bd4\u8f83\u9ad8\u7684\u5916\u6c47\u8fd4\u4f63\u3002\u57fa\u4e8e\u4e0d\u540c\u7684\u5e73\u53f0\uff0c\u4ee3\u7406\u5546\u7684\u8fd4\u5229\u5236\u5ea6\u4e5f\u4e0d\u540c\u3002\u90a3\u4e48\uff0c\u7092\u5916\u6c47\u4ee3\u7406\u7684\u8fd4\u4f63\u662f\u591a\u5c11\u5462\uff1f \u3000\u3000\u6839\u636e\u5e73\u53f0\u7684\u4e0d\u540c\uff0c\u5916\u6c47\u4ee3\u7406\u5546\u7684\u8fd4\u5229\u5236\u5ea6\u901a\u5e38\u4f1a\u6709\u5f88\u5927\u7684\u4e0d\u540c\u3002\u4f46\u4e00 &#8230; \u672a\u5206\u7c7b \u7531 admin \u81f3 2 \u5e74 ago 12 6 \u6708 \u5916\u6c47\u4ea4\u6613\u5927\u5e08\u51ef\u6587\u00b7\u6234\u7ef4\u7684\u7ec8\u6781\u611f\u609f\uff1a\u7b80\u5355\u624d\u6700\u6709\u6548\u7387 ! \u3000\u3000\u201c\u5728\u8fd120\u5e74\u7684\u4ea4\u6613\u751f\u6daf\u4e2d\uff0c\u6211\u5b66\u5230\u4e86\u5f88\u591a\u77e5\u8bc6\uff0c\u5305\u62ec\u6280\u672f\u5206\u6790\u3001\u57fa\u7840\u6027\u5206\u6790\u3001\u6218\u7565\u89c4\u5212\u3001\u8d44\u91d1\u7ba1\u7406\u4ee5\u53ca\u4ea4\u6613\u5fc3\u7406\u5b66\u3002\u7136\u800c\uff0c\u5728\u8bfb\u8fc7\u4e86\u5927\u91cf\u7684\u4ea4\u6613\u4e1b\u4e66\uff0c\u53c2\u52a0\u4e86\u8bb8\u591a\u7814\u8ba8\u4f1a\uff0c\u82b1\u4e86\u65e0\u6570\u591c\u665a\u7814\u7a76\u4ea4\u6613\u601d\u60f3\u4e4b\u540e\uff0c\u6211\u5f00\u59cb\u610f\u8bc6\u5230\uff0c &#8230; \u672a\u5206\u7c7b \u7531 admin \u81f3 2 \u5e74 ago 12 6 \u6708 \u5916\u6c47\u4ee3\u7406\u9700\u8981\u4ec0\u4e48\u6761\u4ef6\uff1f \u3000\u3000\u5728\u7ecf\u6d4e\u793e\u4f1a\u4e0d\u65ad\u9ad8\u5ea6\u53d1\u5c55\u4e0b\uff0c\u5916\u6c47\u884c\u4e1a\u5728\u56fd\u5185\u8d8a\u6765\u8d8a\u6b22\u8fce\uff0c\u4ece\u4e8b\u5916\u6c47\u6295\u8d44\u7684\u6295\u8d44\u8005\u4e5f\u8d8a\u6765\u8d8a\u591a\u4e3a\u4e86\u7ed9\u8fd9\u4e9b\u60f3\u8981\u4ece\u4e8b\u5916\u6c47\u6295\u8d44\u7684\u6295\u8d44\u8005\u63d0\u4f9b\u76f8\u5173\u670d\u52a1\uff0c\u7533\u8bf7\u4ee3\u7406\u5916\u6c47\u5e73\u53f0\u4e5f\u6210\u4e3a\u4e86\u8d8a\u6765\u8d8a\u591a\u6295\u8d44\u8005\u7684\u9009\u62e9\uff0c\u90a3\u4e48\u9009\u62e9\u4e00\u4e2a\u6b63\u89c4\u9760\u8c31 &#8230; \u672a\u5206\u7c7b \u7531 admin \u81f3 2 \u5e74 ago 12 6 \u6708 \u5982\u4f55\u770b\u5f85\u5916\u6c47\u4ee3\u7406\u4e71\u8c61\uff1f \u3000\u3000\u8fdb\u5165\u5e02\u573a\u80af\u5b9a\u5c31\u5bf9IB\u4e0d\u964c\u751f\u5427\uff0c\u8bf4\u4e0d\u5b9a\u6709\u4e9b\u6c47\u53cb\u5c31\u662f\u88abIB\u201c\u5751\u201d\u8fdb\u6765\u7684\u3002\u5982\u4eca\u7684\u5e02\u573a\u4ee3\u7406\u771f\u7684\u4e00\u5e74\u6bd4\u4e00\u5e74\u6df7\u4e71\u3002\u804c\u4e1a\u4ee3\u7406\u5c31\u4e0d\u7528\u8bf4\u4e86\uff0c\u4e00\u4e9b\u8001\u624b\u4e5f\u5f00\u59cb\u505a\u4ee3\u7406\u4e86\u3002\u5751\u94b1\u7684\u5751\u94b1\uff0c\u62c9\u9ed1\u7684\u62c9\u9ed1\uff0c\u8dd1\u8def\u7684\u8dd1\u8def\uff0c\u4ee3\u7406\u80fd\u4e0d\u80fd\u89c4\u6574 &#8230; \u672a\u5206\u7c7b \u7531 admin \u81f3 2 \u5e74 ago 12 [&hellip;]\" \/>\n<meta property=\"og:url\" content=\"https:\/\/www.ibfxw.com\/list-view-01\/\" \/>\n<meta property=\"og:site_name\" content=\"M\u1ea1ng l\u01b0\u1edbi Ho\u00e0n ti\u1ec1n Forex c\u1ee7a IBfxw\" \/>\n<meta property=\"article:modified_time\" content=\"2025-03-27T03:29:33+00:00\" \/>\n<meta name=\"twitter:card\" content=\"summary_large_image\" \/>\n<script type=\"application\/ld+json\" class=\"yoast-schema-graph\">{\"@context\":\"https:\/\/schema.org\",\"@graph\":[{\"@type\":\"WebPage\",\"@id\":\"https:\/\/www.ibfxw.com\/list-view-01\/\",\"url\":\"https:\/\/www.ibfxw.com\/list-view-01\/\",\"name\":\"Nh\u1eefng c\u00e2u h\u1ecfi th\u01b0\u1eddng g\u1eb7p - M\u1ea1ng l\u01b0\u1edbi Ho\u00e0n ti\u1ec1n Forex c\u1ee7a IBfxw\",\"isPartOf\":{\"@id\":\"https:\/\/www.ibfxw.com\/ja\/#website\"},\"datePublished\":\"2023-03-14T00:36:40+00:00\",\"dateModified\":\"2025-03-27T03:29:33+00:00\",\"breadcrumb\":{\"@id\":\"https:\/\/www.ibfxw.com\/list-view-01\/#breadcrumb\"},\"inLanguage\":\"vi-VN\",\"potentialAction\":[{\"@type\":\"ReadAction\",\"target\":[\"https:\/\/www.ibfxw.com\/list-view-01\/\"]}]},{\"@type\":\"BreadcrumbList\",\"@id\":\"https:\/\/www.ibfxw.com\/list-view-01\/#breadcrumb\",\"itemListElement\":[{\"@type\":\"ListItem\",\"position\":1,\"name\":\"\u9996\u9875\",\"item\":\"https:\/\/www.ibfxw.com\/vi\/\"},{\"@type\":\"ListItem\",\"position\":2,\"name\":\"Nh\u1eefng c\u00e2u h\u1ecfi th\u01b0\u1eddng g\u1eb7p\"}]},{\"@type\":\"WebSite\",\"@id\":\"https:\/\/www.ibfxw.com\/ja\/#website\",\"url\":\"https:\/\/www.ibfxw.com\/ja\/\",\"name\":\"IBfxw\u5916\u6c47\u8fd4\u4f63\u7f51\",\"description\":\"N\u1ec1n t\u1ea3ng m\u1edf t\u00e0i kho\u1ea3n ho\u00e0n ti\u1ec1n forex chuy\u00ean nghi\u1ec7p nh\u1ea5t\",\"publisher\":{\"@id\":\"https:\/\/www.ibfxw.com\/ja\/#organization\"},\"potentialAction\":[{\"@type\":\"SearchAction\",\"target\":{\"@type\":\"EntryPoint\",\"urlTemplate\":\"https:\/\/www.ibfxw.com\/ja\/?s={search_term_string}\"},\"query-input\":{\"@type\":\"PropertyValueSpecification\",\"valueRequired\":true,\"valueName\":\"search_term_string\"}}],\"inLanguage\":\"vi-VN\"},{\"@type\":\"Organization\",\"@id\":\"https:\/\/www.ibfxw.com\/ja\/#organization\",\"name\":\"M\u1ea1ng l\u01b0\u1edbi Ho\u00e0n ti\u1ec1n Forex c\u1ee7a IBfxw\",\"url\":\"https:\/\/www.ibfxw.com\/ja\/\",\"logo\":{\"@type\":\"ImageObject\",\"inLanguage\":\"vi-VN\",\"@id\":\"https:\/\/www.ibfxw.com\/ja\/#\/schema\/logo\/image\/\",\"url\":\"https:\/\/www.ibfxw.com\/wp-content\/uploads\/2023\/03\/logo.png\",\"contentUrl\":\"https:\/\/www.ibfxw.com\/wp-content\/uploads\/2023\/03\/logo.png\",\"width\":158,\"height\":42,\"caption\":\"M\u1ea1ng l\u01b0\u1edbi Ho\u00e0n ti\u1ec1n Forex c\u1ee7a IBfxw\"},\"image\":{\"@id\":\"https:\/\/www.ibfxw.com\/ja\/#\/schema\/logo\/image\/\"}}]}<\/script>\n<!-- \/ Yoast SEO plugin. -->","yoast_head_json":{"title":"Nh\u1eefng c\u00e2u h\u1ecfi th\u01b0\u1eddng g\u1eb7p - M\u1ea1ng l\u01b0\u1edbi Ho\u00e0n ti\u1ec1n Forex c\u1ee7a IBfxw","robots":{"index":"index","follow":"follow","max-snippet":"max-snippet:-1","max-image-preview":"max-image-preview:large","max-video-preview":"max-video-preview:-1"},"canonical":"https:\/\/www.ibfxw.com\/list-view-01\/","og_locale":"vi_VN","og_type":"article","og_title":"Nh\u1eefng c\u00e2u h\u1ecfi th\u01b0\u1eddng g\u1eb7p - M\u1ea1ng l\u01b0\u1edbi Ho\u00e0n ti\u1ec1n Forex c\u1ee7a IBfxw","og_description":"12 6 \u6708 \u5982\u4f55\u9009\u62e9\u5916\u6c47\u4ee3\u7406\u5e73\u53f0\uff1f \u3000\u3000\u7092\u5916\u6c47\u7684\u65f6\u5019\uff0c\u5982\u679c\u4f60\u662f\u4ee3\u7406\uff0c\u6295\u8d44\u8005\u4f1a\u5f97\u5230\u6bd4\u8f83\u9ad8\u7684\u5916\u6c47\u8fd4\u4f63\u3002\u57fa\u4e8e\u4e0d\u540c\u7684\u5e73\u53f0\uff0c\u4ee3\u7406\u5546\u7684\u8fd4\u5229\u5236\u5ea6\u4e5f\u4e0d\u540c\u3002\u90a3\u4e48\uff0c\u7092\u5916\u6c47\u4ee3\u7406\u7684\u8fd4\u4f63\u662f\u591a\u5c11\u5462\uff1f \u3000\u3000\u6839\u636e\u5e73\u53f0\u7684\u4e0d\u540c\uff0c\u5916\u6c47\u4ee3\u7406\u5546\u7684\u8fd4\u5229\u5236\u5ea6\u901a\u5e38\u4f1a\u6709\u5f88\u5927\u7684\u4e0d\u540c\u3002\u4f46\u4e00 &#8230; \u672a\u5206\u7c7b \u7531 admin \u81f3 2 \u5e74 ago 12 6 \u6708 \u5916\u6c47\u4ea4\u6613\u5927\u5e08\u51ef\u6587\u00b7\u6234\u7ef4\u7684\u7ec8\u6781\u611f\u609f\uff1a\u7b80\u5355\u624d\u6700\u6709\u6548\u7387 ! \u3000\u3000\u201c\u5728\u8fd120\u5e74\u7684\u4ea4\u6613\u751f\u6daf\u4e2d\uff0c\u6211\u5b66\u5230\u4e86\u5f88\u591a\u77e5\u8bc6\uff0c\u5305\u62ec\u6280\u672f\u5206\u6790\u3001\u57fa\u7840\u6027\u5206\u6790\u3001\u6218\u7565\u89c4\u5212\u3001\u8d44\u91d1\u7ba1\u7406\u4ee5\u53ca\u4ea4\u6613\u5fc3\u7406\u5b66\u3002\u7136\u800c\uff0c\u5728\u8bfb\u8fc7\u4e86\u5927\u91cf\u7684\u4ea4\u6613\u4e1b\u4e66\uff0c\u53c2\u52a0\u4e86\u8bb8\u591a\u7814\u8ba8\u4f1a\uff0c\u82b1\u4e86\u65e0\u6570\u591c\u665a\u7814\u7a76\u4ea4\u6613\u601d\u60f3\u4e4b\u540e\uff0c\u6211\u5f00\u59cb\u610f\u8bc6\u5230\uff0c &#8230; \u672a\u5206\u7c7b \u7531 admin \u81f3 2 \u5e74 ago 12 6 \u6708 \u5916\u6c47\u4ee3\u7406\u9700\u8981\u4ec0\u4e48\u6761\u4ef6\uff1f \u3000\u3000\u5728\u7ecf\u6d4e\u793e\u4f1a\u4e0d\u65ad\u9ad8\u5ea6\u53d1\u5c55\u4e0b\uff0c\u5916\u6c47\u884c\u4e1a\u5728\u56fd\u5185\u8d8a\u6765\u8d8a\u6b22\u8fce\uff0c\u4ece\u4e8b\u5916\u6c47\u6295\u8d44\u7684\u6295\u8d44\u8005\u4e5f\u8d8a\u6765\u8d8a\u591a\u4e3a\u4e86\u7ed9\u8fd9\u4e9b\u60f3\u8981\u4ece\u4e8b\u5916\u6c47\u6295\u8d44\u7684\u6295\u8d44\u8005\u63d0\u4f9b\u76f8\u5173\u670d\u52a1\uff0c\u7533\u8bf7\u4ee3\u7406\u5916\u6c47\u5e73\u53f0\u4e5f\u6210\u4e3a\u4e86\u8d8a\u6765\u8d8a\u591a\u6295\u8d44\u8005\u7684\u9009\u62e9\uff0c\u90a3\u4e48\u9009\u62e9\u4e00\u4e2a\u6b63\u89c4\u9760\u8c31 &#8230; \u672a\u5206\u7c7b \u7531 admin \u81f3 2 \u5e74 ago 12 6 \u6708 \u5982\u4f55\u770b\u5f85\u5916\u6c47\u4ee3\u7406\u4e71\u8c61\uff1f \u3000\u3000\u8fdb\u5165\u5e02\u573a\u80af\u5b9a\u5c31\u5bf9IB\u4e0d\u964c\u751f\u5427\uff0c\u8bf4\u4e0d\u5b9a\u6709\u4e9b\u6c47\u53cb\u5c31\u662f\u88abIB\u201c\u5751\u201d\u8fdb\u6765\u7684\u3002\u5982\u4eca\u7684\u5e02\u573a\u4ee3\u7406\u771f\u7684\u4e00\u5e74\u6bd4\u4e00\u5e74\u6df7\u4e71\u3002\u804c\u4e1a\u4ee3\u7406\u5c31\u4e0d\u7528\u8bf4\u4e86\uff0c\u4e00\u4e9b\u8001\u624b\u4e5f\u5f00\u59cb\u505a\u4ee3\u7406\u4e86\u3002\u5751\u94b1\u7684\u5751\u94b1\uff0c\u62c9\u9ed1\u7684\u62c9\u9ed1\uff0c\u8dd1\u8def\u7684\u8dd1\u8def\uff0c\u4ee3\u7406\u80fd\u4e0d\u80fd\u89c4\u6574 &#8230; \u672a\u5206\u7c7b \u7531 admin \u81f3 2 \u5e74 ago 12 [&hellip;]","og_url":"https:\/\/www.ibfxw.com\/list-view-01\/","og_site_name":"M\u1ea1ng l\u01b0\u1edbi Ho\u00e0n ti\u1ec1n Forex c\u1ee7a IBfxw","article_modified_time":"2025-03-27T03:29:33+00:00","twitter_card":"summary_large_image","schema":{"@context":"https:\/\/schema.org","@graph":[{"@type":"WebPage","@id":"https:\/\/www.ibfxw.com\/list-view-01\/","url":"https:\/\/www.ibfxw.com\/list-view-01\/","name":"Nh\u1eefng c\u00e2u h\u1ecfi th\u01b0\u1eddng g\u1eb7p - M\u1ea1ng l\u01b0\u1edbi Ho\u00e0n ti\u1ec1n Forex c\u1ee7a IBfxw","isPartOf":{"@id":"https:\/\/www.ibfxw.com\/ja\/#website"},"datePublished":"2023-03-14T00:36:40+00:00","dateModified":"2025-03-27T03:29:33+00:00","breadcrumb":{"@id":"https:\/\/www.ibfxw.com\/list-view-01\/#breadcrumb"},"inLanguage":"vi-VN","potentialAction":[{"@type":"ReadAction","target":["https:\/\/www.ibfxw.com\/list-view-01\/"]}]},{"@type":"BreadcrumbList","@id":"https:\/\/www.ibfxw.com\/list-view-01\/#breadcrumb","itemListElement":[{"@type":"ListItem","position":1,"name":"\u9996\u9875","item":"https:\/\/www.ibfxw.com\/vi\/"},{"@type":"ListItem","position":2,"name":"Nh\u1eefng c\u00e2u h\u1ecfi th\u01b0\u1eddng g\u1eb7p"}]},{"@type":"WebSite","@id":"https:\/\/www.ibfxw.com\/ja\/#website","url":"https:\/\/www.ibfxw.com\/ja\/","name":"IBfxw\u5916\u6c47\u8fd4\u4f63\u7f51","description":"N\u1ec1n t\u1ea3ng m\u1edf t\u00e0i kho\u1ea3n ho\u00e0n ti\u1ec1n forex chuy\u00ean nghi\u1ec7p nh\u1ea5t","publisher":{"@id":"https:\/\/www.ibfxw.com\/ja\/#organization"},"potentialAction":[{"@type":"SearchAction","target":{"@type":"EntryPoint","urlTemplate":"https:\/\/www.ibfxw.com\/ja\/?s={search_term_string}"},"query-input":{"@type":"PropertyValueSpecification","valueRequired":true,"valueName":"search_term_string"}}],"inLanguage":"vi-VN"},{"@type":"Organization","@id":"https:\/\/www.ibfxw.com\/ja\/#organization","name":"M\u1ea1ng l\u01b0\u1edbi Ho\u00e0n ti\u1ec1n Forex c\u1ee7a IBfxw","url":"https:\/\/www.ibfxw.com\/ja\/","logo":{"@type":"ImageObject","inLanguage":"vi-VN","@id":"https:\/\/www.ibfxw.com\/ja\/#\/schema\/logo\/image\/","url":"https:\/\/www.ibfxw.com\/wp-content\/uploads\/2023\/03\/logo.png","contentUrl":"https:\/\/www.ibfxw.com\/wp-content\/uploads\/2023\/03\/logo.png","width":158,"height":42,"caption":"M\u1ea1ng l\u01b0\u1edbi Ho\u00e0n ti\u1ec1n Forex c\u1ee7a IBfxw"},"image":{"@id":"https:\/\/www.ibfxw.com\/ja\/#\/schema\/logo\/image\/"}}]}},"_links":{"self":[{"href":"https:\/\/www.ibfxw.com\/vi\/wp-json\/wp\/v2\/pages\/4195","targetHints":{"allow":["GET"]}}],"collection":[{"href":"https:\/\/www.ibfxw.com\/vi\/wp-json\/wp\/v2\/pages"}],"about":[{"href":"https:\/\/www.ibfxw.com\/vi\/wp-json\/wp\/v2\/types\/page"}],"author":[{"embeddable":true,"href":"https:\/\/www.ibfxw.com\/vi\/wp-json\/wp\/v2\/users\/1"}],"replies":[{"embeddable":true,"href":"https:\/\/www.ibfxw.com\/vi\/wp-json\/wp\/v2\/comments?post=4195"}],"version-history":[{"count":0,"href":"https:\/\/www.ibfxw.com\/vi\/wp-json\/wp\/v2\/pages\/4195\/revisions"}],"wp:attachment":[{"href":"https:\/\/www.ibfxw.com\/vi\/wp-json\/wp\/v2\/media?parent=4195"}],"curies":[{"name":"wp","href":"https:\/\/api.w.org\/{rel}","templated":true}]}}