{"id":4315,"date":"2024-07-16T18:18:55","date_gmt":"2024-07-16T10:18:55","guid":{"rendered":"https:\/\/www.ibfxw.com\/o-que-e-o-forex-rebate\/"},"modified":"2025-03-27T19:24:06","modified_gmt":"2025-03-27T11:24:06","slug":"o-que-e-o-forex-rebate","status":"publish","type":"page","link":"https:\/\/www.ibfxw.com\/pt-br\/o-que-e-o-forex-rebate\/","title":{"rendered":"O que \u00e9 o Forex Rebate?"},"content":{"rendered":"\t\t<div data-elementor-type=\"wp-page\" data-elementor-id=\"4315\" class=\"elementor elementor-4315 elementor-2961\" data-elementor-post-type=\"page\">\n\t\t\t\t<div class=\"elementor-element elementor-element-577246f e-flex e-con-boxed e-con e-parent\" data-id=\"577246f\" data-element_type=\"container\" data-e-type=\"container\">\n\t\t\t\t\t<div class=\"e-con-inner\">\n\t\t\t\t<div class=\"elementor-element elementor-element-f76ed19 elementor-widget elementor-widget-heading\" data-id=\"f76ed19\" data-element_type=\"widget\" data-e-type=\"widget\" data-widget_type=\"heading.default\">\n\t\t\t\t\t<h2 class=\"elementor-heading-title elementor-size-default\">  O que \u00e9 o Forex Rebate?<\/h2>\t\t\t\t<\/div>\n\t\t\t\t<div class=\"elementor-element elementor-element-2cf99e9 elementor-widget elementor-widget-image\" data-id=\"2cf99e9\" data-element_type=\"widget\" data-e-type=\"widget\" data-widget_type=\"image.default\">\n\t\t\t\t\t\t\t\t\t\t\t\t\t\t\t<img decoding=\"async\" width=\"345\" height=\"260\" src=\"https:\/\/www.ibfxw.com\/wp-content\/uploads\/2023\/03\/account-3.jpg\" class=\"attachment-large size-large wp-image-7684\" alt=\"\" srcset=\"https:\/\/www.ibfxw.com\/wp-content\/uploads\/2023\/03\/account-3.jpg 345w, https:\/\/www.ibfxw.com\/wp-content\/uploads\/2023\/03\/account-3-300x226.jpg 300w\" sizes=\"(max-width: 345px) 100vw, 345px\" \/>\t\t\t\t\t\t\t\t\t\t\t\t\t\t\t<\/div>\n\t\t\t\t<div class=\"elementor-element elementor-element-32a6d05 elementor-widget elementor-widget-text-editor\" data-id=\"32a6d05\" data-element_type=\"widget\" data-e-type=\"widget\" data-widget_type=\"text-editor.default\">\n\t\t\t\t\t\t\t\t\t<p><strong>Rebates de Forex: a escolha inteligente para otimizar os custos de negocia\u00e7\u00e3o<\/strong><\/p><hr><p><strong>Introdu\u00e7\u00e3o aos descontos de Forex<\/strong><\/p><p>O Forex Rebate, como um mecanismo de desconto exclusivo feito sob medida para traders, a ess\u00eancia da nossa plataforma \u00e9 devolver parte ou toda a sua comiss\u00e3o na luta pelo mercado de c\u00e2mbio, direta e generosamente para voc\u00ea. Essa iniciativa inovadora n\u00e3o \u00e9 apenas um reconhecimento de sua perspic\u00e1cia no mercado, mas tamb\u00e9m ajuda voc\u00ea a reduzir os custos de negocia\u00e7\u00e3o, ao mesmo tempo em que abre uma nova dimens\u00e3o de crescimento de receita, para que seu planejamento financeiro seja mais confort\u00e1vel.<\/p><hr><p><strong>Por que os descontos de Forex s\u00e3o cruciais?<\/strong><\/p><ol><li><p><strong>Redu\u00e7\u00e3o de custos e fluxo eficiente de fundos<\/strong><\/p><p>&#8220;Na guerra dos neg\u00f3cios, cada centavo economizado \u00e9 lucro.&#8221; -John D. Rockefeller<\/p><p>As comiss\u00f5es e os spreads na negocia\u00e7\u00e3o forex s\u00e3o sutis, mas n\u00e3o podem ser ignorados, pois s\u00e3o como um pequeno fluxo de \u00e1gua que se acumula e afeta a situa\u00e7\u00e3o geral. A pol\u00edtica de descontos cambiais \u00e9 uma &#8220;tesoura&#8221; afiada, que corta esses custos com precis\u00e3o, de modo que seus fundos possam ter um ciclo mais eficiente no mercado, para aumentar a efic\u00e1cia e a profundidade da transa\u00e7\u00e3o.<\/p><\/li><li><p><strong>Ganhos aprimorados e prote\u00e7\u00e3o de renda dupla<\/strong><\/p><p>&#8220;Investir n\u00e3o \u00e9 gastar, \u00e9 semear.&#8221; -Warren Buffett<\/p><p>Os descontos n\u00e3o s\u00e3o apenas um exerc\u00edcio de redu\u00e7\u00e3o de custos, mas uma recompensa adicional pelo seu trabalho \u00e1rduo. Ele acrescenta uma quantidade significativa de renda aos seus lucros existentes sem exigir que voc\u00ea mude sua estrat\u00e9gia ou assuma riscos adicionais, proporcionando a voc\u00ea uma dupla garantia de crescimento financeiro.<\/p><\/li><li><p><strong>Melhora a ades\u00e3o, futuro com ganhos m\u00fatuos<\/strong><\/p><p>&#8220;A satisfa\u00e7\u00e3o do cliente \u00e9 a pedra angular do crescimento dos neg\u00f3cios.&#8221; -Peter Drucker<\/p><p>As plataformas de negocia\u00e7\u00e3o de Forex n\u00e3o s\u00f3 conquistaram a confian\u00e7a e a fidelidade de seus clientes, mas tamb\u00e9m constru\u00edram um ecossistema de ganho m\u00fatuo por meio de sua pol\u00edtica de desconto de comiss\u00e3o. Os clientes negociam com mais frequ\u00eancia devido ao desconto, enquanto a plataforma obt\u00e9m maior atividade e volume de negocia\u00e7\u00e3o, o que, em conjunto, leva ambas as partes a um futuro mais pr\u00f3spero.<\/p><\/li><li><p><strong>Vantagens diferenciadas em mercados competitivos<\/strong><\/p><p>&#8220;A diferencia\u00e7\u00e3o \u00e9 a chave para a sobreviv\u00eancia dos neg\u00f3cios.&#8221; -Michael Porter<\/p><p>No mercado de c\u00e2mbio quente e competitivo, a pol\u00edtica de descontos \u00e9 como uma bandeira distinta, destacando a profunda preocupa\u00e7\u00e3o da plataforma com os clientes e seu valor exclusivo. Escolher uma plataforma como essa significa que voc\u00ea ocupar\u00e1 uma posi\u00e7\u00e3o mais favor\u00e1vel na acirrada concorr\u00eancia do mercado e desfrutar\u00e1 de benef\u00edcios mais exclusivos e de um servi\u00e7o mais pr\u00f3ximo.<\/p><\/li><\/ol><hr><p><strong>Vantagens de nos escolher na IB Rebates<\/strong><\/p><ul><li><strong>Coopera\u00e7\u00e3o estreita<\/strong>: trabalhe lado a lado com v\u00e1rias das principais corretoras de c\u00e2mbio para garantir que o servi\u00e7o de desconto seja est\u00e1vel e confi\u00e1vel, al\u00e9m de responder rapidamente aos problemas.<\/li><li><strong>Limite extremamente baixo<\/strong>: sem limite m\u00ednimo de comiss\u00e3o, voc\u00ea tamb\u00e9m pode aproveitar 0,01USD, de modo que todo esfor\u00e7o \u00e9 recompensado.<\/li><li><strong>Pagamento flex\u00edvel<\/strong>: voc\u00ea pode escolher v\u00e1rios m\u00e9todos de desconto para atender \u00e0s necessidades individuais, de modo que o fluxo de fundos seja mais conveniente.<\/li><\/ul><hr><p><strong>Exemplo de desconto esclarecimento<\/strong><\/p><p>Imagine se voc\u00ea pagasse US$ 20 de comiss\u00e3o em uma negocia\u00e7\u00e3o e nossa taxa de desconto fosse de 50%, voc\u00ea receberia instantaneamente US$ 10 adicionais. Com o tempo, esse desconto aparentemente pequeno <b>poderia somar um valor significativo de US$ 13.500 ao longo de um ano se voc\u00ea negociar ativamente todos os dias<\/b>. Esse dinheiro, quer voc\u00ea o reinvista no mercado ou o retire para seu pr\u00f3prio uso, ser\u00e1 de grande ajuda em seu planejamento financeiro, tornando seu caminho de negocia\u00e7\u00e3o mais amplo e suave.<\/p><p><strong>Conselho n\u00ba 1: A paci\u00eancia \u00e9 de ouro<\/strong><\/p><p>&#8220;O segredo do sucesso nos investimentos \u00e9 ter paci\u00eancia, n\u00e3o intelig\u00eancia. Voc\u00ea n\u00e3o precisa ser um g\u00eanio, mas deve ter paci\u00eancia.&#8221; -Warren Buffett<\/p><ul><li><strong>Explica\u00e7\u00e3o<\/strong>: A paci\u00eancia \u00e9 uma das qualidades mais valiosas de um investidor no mercado de c\u00e2mbio. A volatilidade do mercado \u00e9 a norma, e a pressa geralmente leva a negocia\u00e7\u00f5es impulsivas e perdas desnecess\u00e1rias. Aprender a esperar, observar as tend\u00eancias do mercado e encontrar os hor\u00e1rios certos de entrada e sa\u00edda s\u00e3o as chaves para uma s\u00f3lida lucratividade.<\/li><\/ul><hr><p><strong>Conselho 2: O gerenciamento de riscos \u00e9 fundamental<\/strong><\/p><p>&#8220;O gerenciamento de riscos \u00e9 a chave para um investimento bem-sucedido. N\u00e3o tenha medo de cometer erros, mas certifique-se de que seus erros n\u00e3o levem a um desastre.&#8221; -George Soros<\/p><ul><li><strong>Interpreta\u00e7\u00e3o<\/strong>: No investimento em moeda estrangeira, o gerenciamento de risco \u00e9 a pedra angular da prote\u00e7\u00e3o da seguran\u00e7a do capital e da obten\u00e7\u00e3o de lucratividade em longo prazo. Definir razoavelmente o ponto de stop-loss, controlar a exposi\u00e7\u00e3o ao risco de cada transa\u00e7\u00e3o, \u00e9 uma habilidade que todo investidor deve dominar. Ao mesmo tempo, a coragem de admitir erros e corrigi-los em tempo h\u00e1bil, de modo a n\u00e3o deixar que os erros se acumulem e se tornem um problema maior, \u00e9 o desempenho de investidores maduros. Lembre-se, um investidor bem-sucedido n\u00e3o \u00e9 aquele que nunca comete erros, mas aquele que \u00e9 capaz de controlar o risco e aprender e crescer com seus erros.<\/li><\/ul>\t\t\t\t\t\t\t\t<\/div>\n\t\t\t\t\t<\/div>\n\t\t\t\t<\/div>\n\t\t\t\t<\/div>\n\t\t","protected":false},"excerpt":{"rendered":"<p>O que \u00e9 o Forex Rebate? Rebates de Forex: a escolha inteligente para otimizar os custos de negocia\u00e7\u00e3o Introdu\u00e7\u00e3o aos descontos de Forex O Forex Rebate, como um mecanismo de desconto exclusivo feito sob medida para traders, a ess\u00eancia da nossa plataforma \u00e9 devolver parte ou toda a sua comiss\u00e3o na luta pelo mercado de [&hellip;]<\/p>\n","protected":false},"author":1,"featured_media":0,"parent":0,"menu_order":0,"comment_status":"closed","ping_status":"closed","template":"","meta":{"powered_cache_disable_cache":false,"powered_cache_disable_lazyload":false,"footnotes":""},"class_list":["post-4315","page","type-page","status-publish","hentry"],"yoast_head":"<!-- This site is optimized with the Yoast SEO plugin v24.7 - https:\/\/yoast.com\/wordpress\/plugins\/seo\/ -->\n<title>O que \u00e9 o Forex Rebate? - Rede de Reembolso Forex da IBfxw<\/title>\n<meta name=\"robots\" content=\"index, follow, max-snippet:-1, max-image-preview:large, max-video-preview:-1\" \/>\n<link rel=\"canonical\" href=\"https:\/\/www.ibfxw.com\/elementor-2961\/\" \/>\n<meta property=\"og:locale\" content=\"pt_BR\" \/>\n<meta property=\"og:type\" content=\"article\" \/>\n<meta property=\"og:title\" content=\"O que \u00e9 o Forex Rebate? - Rede de Reembolso Forex da IBfxw\" \/>\n<meta property=\"og:description\" content=\"O que \u00e9 o Forex Rebate? Rebates de Forex: a escolha inteligente para otimizar os custos de negocia\u00e7\u00e3o Introdu\u00e7\u00e3o aos descontos de Forex O Forex Rebate, como um mecanismo de desconto exclusivo feito sob medida para traders, a ess\u00eancia da nossa plataforma \u00e9 devolver parte ou toda a sua comiss\u00e3o na luta pelo mercado de [&hellip;]\" \/>\n<meta property=\"og:url\" content=\"https:\/\/www.ibfxw.com\/elementor-2961\/\" \/>\n<meta property=\"og:site_name\" content=\"Rede de Reembolso Forex da IBfxw\" \/>\n<meta property=\"article:modified_time\" content=\"2025-03-27T11:24:06+00:00\" \/>\n<meta property=\"og:image\" content=\"https:\/\/www.ibfxw.com\/wp-content\/uploads\/2023\/03\/account-3.jpg\" \/>\n<meta name=\"twitter:card\" content=\"summary_large_image\" \/>\n<meta name=\"twitter:label1\" content=\"Est. tempo de leitura\" \/>\n\t<meta name=\"twitter:data1\" content=\"5 minutos\" \/>\n<script type=\"application\/ld+json\" class=\"yoast-schema-graph\">{\"@context\":\"https:\/\/schema.org\",\"@graph\":[{\"@type\":\"WebPage\",\"@id\":\"https:\/\/www.ibfxw.com\/elementor-2961\/\",\"url\":\"https:\/\/www.ibfxw.com\/elementor-2961\/\",\"name\":\"O que \u00e9 o Forex Rebate? - Rede de Reembolso Forex da IBfxw\",\"isPartOf\":{\"@id\":\"https:\/\/www.ibfxw.com\/ja\/#website\"},\"primaryImageOfPage\":{\"@id\":\"https:\/\/www.ibfxw.com\/elementor-2961\/#primaryimage\"},\"image\":{\"@id\":\"https:\/\/www.ibfxw.com\/elementor-2961\/#primaryimage\"},\"thumbnailUrl\":\"https:\/\/www.ibfxw.com\/wp-content\/uploads\/2023\/03\/account-3.jpg\",\"datePublished\":\"2024-07-16T10:18:55+00:00\",\"dateModified\":\"2025-03-27T11:24:06+00:00\",\"breadcrumb\":{\"@id\":\"https:\/\/www.ibfxw.com\/elementor-2961\/#breadcrumb\"},\"inLanguage\":\"pt-BR\",\"potentialAction\":[{\"@type\":\"ReadAction\",\"target\":[\"https:\/\/www.ibfxw.com\/elementor-2961\/\"]}]},{\"@type\":\"ImageObject\",\"inLanguage\":\"pt-BR\",\"@id\":\"https:\/\/www.ibfxw.com\/elementor-2961\/#primaryimage\",\"url\":\"https:\/\/www.ibfxw.com\/wp-content\/uploads\/2023\/03\/account-3.jpg\",\"contentUrl\":\"https:\/\/www.ibfxw.com\/wp-content\/uploads\/2023\/03\/account-3.jpg\"},{\"@type\":\"BreadcrumbList\",\"@id\":\"https:\/\/www.ibfxw.com\/elementor-2961\/#breadcrumb\",\"itemListElement\":[{\"@type\":\"ListItem\",\"position\":1,\"name\":\"\u9996\u9875\",\"item\":\"https:\/\/www.ibfxw.com\/pt-br\/\"},{\"@type\":\"ListItem\",\"position\":2,\"name\":\"O que \u00e9 o Forex Rebate?\"}]},{\"@type\":\"WebSite\",\"@id\":\"https:\/\/www.ibfxw.com\/ja\/#website\",\"url\":\"https:\/\/www.ibfxw.com\/ja\/\",\"name\":\"IBfxw\u5916\u6c47\u8fd4\u4f63\u7f51\",\"description\":\"A plataforma mais profissional para abertura de contas de reembolso forex\",\"publisher\":{\"@id\":\"https:\/\/www.ibfxw.com\/ja\/#organization\"},\"potentialAction\":[{\"@type\":\"SearchAction\",\"target\":{\"@type\":\"EntryPoint\",\"urlTemplate\":\"https:\/\/www.ibfxw.com\/ja\/?s={search_term_string}\"},\"query-input\":{\"@type\":\"PropertyValueSpecification\",\"valueRequired\":true,\"valueName\":\"search_term_string\"}}],\"inLanguage\":\"pt-BR\"},{\"@type\":\"Organization\",\"@id\":\"https:\/\/www.ibfxw.com\/ja\/#organization\",\"name\":\"Rede de Reembolso Forex da IBfxw\",\"url\":\"https:\/\/www.ibfxw.com\/ja\/\",\"logo\":{\"@type\":\"ImageObject\",\"inLanguage\":\"pt-BR\",\"@id\":\"https:\/\/www.ibfxw.com\/ja\/#\/schema\/logo\/image\/\",\"url\":\"https:\/\/www.ibfxw.com\/wp-content\/uploads\/2023\/03\/logo.png\",\"contentUrl\":\"https:\/\/www.ibfxw.com\/wp-content\/uploads\/2023\/03\/logo.png\",\"width\":158,\"height\":42,\"caption\":\"Rede de Reembolso Forex da IBfxw\"},\"image\":{\"@id\":\"https:\/\/www.ibfxw.com\/ja\/#\/schema\/logo\/image\/\"}}]}<\/script>\n<!-- \/ Yoast SEO plugin. -->","yoast_head_json":{"title":"O que \u00e9 o Forex Rebate? - Rede de Reembolso Forex da IBfxw","robots":{"index":"index","follow":"follow","max-snippet":"max-snippet:-1","max-image-preview":"max-image-preview:large","max-video-preview":"max-video-preview:-1"},"canonical":"https:\/\/www.ibfxw.com\/elementor-2961\/","og_locale":"pt_BR","og_type":"article","og_title":"O que \u00e9 o Forex Rebate? - Rede de Reembolso Forex da IBfxw","og_description":"O que \u00e9 o Forex Rebate? Rebates de Forex: a escolha inteligente para otimizar os custos de negocia\u00e7\u00e3o Introdu\u00e7\u00e3o aos descontos de Forex O Forex Rebate, como um mecanismo de desconto exclusivo feito sob medida para traders, a ess\u00eancia da nossa plataforma \u00e9 devolver parte ou toda a sua comiss\u00e3o na luta pelo mercado de [&hellip;]","og_url":"https:\/\/www.ibfxw.com\/elementor-2961\/","og_site_name":"Rede de Reembolso Forex da IBfxw","article_modified_time":"2025-03-27T11:24:06+00:00","og_image":[{"url":"https:\/\/www.ibfxw.com\/wp-content\/uploads\/2023\/03\/account-3.jpg","type":"","width":"","height":""}],"twitter_card":"summary_large_image","twitter_misc":{"Est. tempo de leitura":"5 minutos"},"schema":{"@context":"https:\/\/schema.org","@graph":[{"@type":"WebPage","@id":"https:\/\/www.ibfxw.com\/elementor-2961\/","url":"https:\/\/www.ibfxw.com\/elementor-2961\/","name":"O que \u00e9 o Forex Rebate? - Rede de Reembolso Forex da IBfxw","isPartOf":{"@id":"https:\/\/www.ibfxw.com\/ja\/#website"},"primaryImageOfPage":{"@id":"https:\/\/www.ibfxw.com\/elementor-2961\/#primaryimage"},"image":{"@id":"https:\/\/www.ibfxw.com\/elementor-2961\/#primaryimage"},"thumbnailUrl":"https:\/\/www.ibfxw.com\/wp-content\/uploads\/2023\/03\/account-3.jpg","datePublished":"2024-07-16T10:18:55+00:00","dateModified":"2025-03-27T11:24:06+00:00","breadcrumb":{"@id":"https:\/\/www.ibfxw.com\/elementor-2961\/#breadcrumb"},"inLanguage":"pt-BR","potentialAction":[{"@type":"ReadAction","target":["https:\/\/www.ibfxw.com\/elementor-2961\/"]}]},{"@type":"ImageObject","inLanguage":"pt-BR","@id":"https:\/\/www.ibfxw.com\/elementor-2961\/#primaryimage","url":"https:\/\/www.ibfxw.com\/wp-content\/uploads\/2023\/03\/account-3.jpg","contentUrl":"https:\/\/www.ibfxw.com\/wp-content\/uploads\/2023\/03\/account-3.jpg"},{"@type":"BreadcrumbList","@id":"https:\/\/www.ibfxw.com\/elementor-2961\/#breadcrumb","itemListElement":[{"@type":"ListItem","position":1,"name":"\u9996\u9875","item":"https:\/\/www.ibfxw.com\/pt-br\/"},{"@type":"ListItem","position":2,"name":"O que \u00e9 o Forex Rebate?"}]},{"@type":"WebSite","@id":"https:\/\/www.ibfxw.com\/ja\/#website","url":"https:\/\/www.ibfxw.com\/ja\/","name":"IBfxw\u5916\u6c47\u8fd4\u4f63\u7f51","description":"A plataforma mais profissional para abertura de contas de reembolso forex","publisher":{"@id":"https:\/\/www.ibfxw.com\/ja\/#organization"},"potentialAction":[{"@type":"SearchAction","target":{"@type":"EntryPoint","urlTemplate":"https:\/\/www.ibfxw.com\/ja\/?s={search_term_string}"},"query-input":{"@type":"PropertyValueSpecification","valueRequired":true,"valueName":"search_term_string"}}],"inLanguage":"pt-BR"},{"@type":"Organization","@id":"https:\/\/www.ibfxw.com\/ja\/#organization","name":"Rede de Reembolso Forex da IBfxw","url":"https:\/\/www.ibfxw.com\/ja\/","logo":{"@type":"ImageObject","inLanguage":"pt-BR","@id":"https:\/\/www.ibfxw.com\/ja\/#\/schema\/logo\/image\/","url":"https:\/\/www.ibfxw.com\/wp-content\/uploads\/2023\/03\/logo.png","contentUrl":"https:\/\/www.ibfxw.com\/wp-content\/uploads\/2023\/03\/logo.png","width":158,"height":42,"caption":"Rede de Reembolso Forex da IBfxw"},"image":{"@id":"https:\/\/www.ibfxw.com\/ja\/#\/schema\/logo\/image\/"}}]}},"_links":{"self":[{"href":"https:\/\/www.ibfxw.com\/pt-br\/wp-json\/wp\/v2\/pages\/4315","targetHints":{"allow":["GET"]}}],"collection":[{"href":"https:\/\/www.ibfxw.com\/pt-br\/wp-json\/wp\/v2\/pages"}],"about":[{"href":"https:\/\/www.ibfxw.com\/pt-br\/wp-json\/wp\/v2\/types\/page"}],"author":[{"embeddable":true,"href":"https:\/\/www.ibfxw.com\/pt-br\/wp-json\/wp\/v2\/users\/1"}],"replies":[{"embeddable":true,"href":"https:\/\/www.ibfxw.com\/pt-br\/wp-json\/wp\/v2\/comments?post=4315"}],"version-history":[{"count":0,"href":"https:\/\/www.ibfxw.com\/pt-br\/wp-json\/wp\/v2\/pages\/4315\/revisions"}],"wp:attachment":[{"href":"https:\/\/www.ibfxw.com\/pt-br\/wp-json\/wp\/v2\/media?parent=4315"}],"curies":[{"name":"wp","href":"https:\/\/api.w.org\/{rel}","templated":true}]}}