{"id":4232,"date":"2023-03-14T08:36:40","date_gmt":"2023-03-14T00:36:40","guid":{"rendered":"https:\/\/www.ibfxw.com\/problemas-comuns\/"},"modified":"2025-03-08T20:03:53","modified_gmt":"2025-03-08T12:03:53","slug":"problemas-comuns","status":"publish","type":"page","link":"https:\/\/www.ibfxw.com\/pt-br\/problemas-comuns\/","title":{"rendered":"problemas comuns"},"content":{"rendered":"\t\t<div data-elementor-type=\"wp-page\" data-elementor-id=\"4232\" class=\"elementor elementor-4232 elementor-50\" data-elementor-post-type=\"page\">\n\t\t\t\t\t\t<section class=\"elementor-section elementor-top-section elementor-element elementor-element-b75af7b elementor-section-full_width elementor-section-height-default elementor-section-height-default\" data-id=\"b75af7b\" data-element_type=\"section\" data-e-type=\"section\">\n\t\t\t\t\t\t<div class=\"elementor-container elementor-column-gap-default\">\n\t\t\t\t\t<div class=\"elementor-column elementor-col-100 elementor-top-column elementor-element elementor-element-8b6d510\" data-id=\"8b6d510\" data-element_type=\"column\" data-e-type=\"column\">\n\t\t\t<div class=\"elementor-widget-wrap elementor-element-populated\">\n\t\t\t\t\t\t<div class=\"elementor-element elementor-element-968fdc2 elementor-widget elementor-widget-progress-tracker\" data-id=\"968fdc2\" data-element_type=\"widget\" data-e-type=\"widget\" data-settings=\"{&quot;type&quot;:&quot;horizontal&quot;,&quot;relative_to&quot;:&quot;entire_page&quot;,&quot;percentage&quot;:&quot;no&quot;}\" data-widget_type=\"progress-tracker.default\">\n\t\t\t\t\t\n\t\t<div class=\"elementor-scrolling-tracker elementor-scrolling-tracker-horizontal elementor-scrolling-tracker-alignment-\">\n\t\t\t\t\t\t<div class=\"current-progress\">\n\t\t\t\t\t<div class=\"current-progress-percentage\"><\/div>\n\t\t\t\t<\/div>\n\t\t\t\t<\/div>\n\t\t\t\t\t\t<\/div>\n\t\t\t\t<div class=\"elementor-element elementor-element-70c2eab elementor-widget elementor-widget-bullion_blog_grid\" data-id=\"70c2eab\" data-element_type=\"widget\" data-e-type=\"widget\" data-settings=\"{&quot;bullion_layout_margin&quot;:{&quot;unit&quot;:&quot;px&quot;,&quot;top&quot;:&quot;&quot;,&quot;right&quot;:&quot;&quot;,&quot;bottom&quot;:&quot;&quot;,&quot;left&quot;:&quot;&quot;,&quot;isLinked&quot;:true},&quot;bullion_layout_margin_widescreen&quot;:{&quot;unit&quot;:&quot;px&quot;,&quot;top&quot;:&quot;&quot;,&quot;right&quot;:&quot;&quot;,&quot;bottom&quot;:&quot;&quot;,&quot;left&quot;:&quot;&quot;,&quot;isLinked&quot;:true},&quot;bullion_layout_margin_tablet&quot;:{&quot;unit&quot;:&quot;px&quot;,&quot;top&quot;:&quot;&quot;,&quot;right&quot;:&quot;&quot;,&quot;bottom&quot;:&quot;&quot;,&quot;left&quot;:&quot;&quot;,&quot;isLinked&quot;:true},&quot;bullion_layout_margin_mobile&quot;:{&quot;unit&quot;:&quot;px&quot;,&quot;top&quot;:&quot;&quot;,&quot;right&quot;:&quot;&quot;,&quot;bottom&quot;:&quot;&quot;,&quot;left&quot;:&quot;&quot;,&quot;isLinked&quot;:true},&quot;bullion_layout_padding&quot;:{&quot;unit&quot;:&quot;px&quot;,&quot;top&quot;:&quot;&quot;,&quot;right&quot;:&quot;&quot;,&quot;bottom&quot;:&quot;&quot;,&quot;left&quot;:&quot;&quot;,&quot;isLinked&quot;:true},&quot;bullion_layout_padding_widescreen&quot;:{&quot;unit&quot;:&quot;px&quot;,&quot;top&quot;:&quot;&quot;,&quot;right&quot;:&quot;&quot;,&quot;bottom&quot;:&quot;&quot;,&quot;left&quot;:&quot;&quot;,&quot;isLinked&quot;:true},&quot;bullion_layout_padding_tablet&quot;:{&quot;unit&quot;:&quot;px&quot;,&quot;top&quot;:&quot;&quot;,&quot;right&quot;:&quot;&quot;,&quot;bottom&quot;:&quot;&quot;,&quot;left&quot;:&quot;&quot;,&quot;isLinked&quot;:true},&quot;bullion_layout_padding_mobile&quot;:{&quot;unit&quot;:&quot;px&quot;,&quot;top&quot;:&quot;&quot;,&quot;right&quot;:&quot;&quot;,&quot;bottom&quot;:&quot;&quot;,&quot;left&quot;:&quot;&quot;,&quot;isLinked&quot;:true}}\" data-widget_type=\"bullion_blog_grid.default\">\n\t\t\t\t<div class=\"elementor-widget-container\">\n\t\t\t\t\t\t\t\n                <!-- blog-grid -->\n        <section class=\"blog-grid\">\n            <div class=\"auto-container\">\n                <div class=\"row clearfix\">\n                                        <div class=\"col-lg-4 col-md-6 col-sm-12 news-block\">\n                        <div class=\"news-block-one wow fadeInUp animated\" data-wow-delay=\"00ms\" data-wow-duration=\"1500ms\">\n                            <div class=\"inner-box\">\n                                <div class=\"image-box\">\n                                    <figure class=\"image\"><a href=\"https:\/\/www.ibfxw.com\/pt-br\/11716\/\"><\/a><\/figure>\n                                    <span class=\"post-date\">12 jun<\/span>\n                                    <div class=\"link\"><a href=\"https:\/\/www.ibfxw.com\/pt-br\/11716\/\"><i class=\"flaticon-right-arrow\"><\/i><\/a><\/div>\n                                <\/div>\n                                <div class=\"lower-content\">\n                                    <h3><a href=\"https:\/\/www.ibfxw.com\/pt-br\/11716\/\">Na escolha da plataforma de abertura de conta de c\u00e2mbio, voc\u00ea sabe quais s\u00e3o esses pontos?<\/a><\/h3>\n                                    <p>O desenvolvimento do mercado de c\u00e2mbio permitiu que o investidor m\u00e9dio ...<\/p>\n                                    <div class=\"author-box\">\n                                        <figure class=\"author-thumb\"><\/figure>\n                                        <h6><a href=\"https:\/\/www.ibfxw.com\/pt-br\/category\/nao-categorizado\/\" rel=\"category tag\">N\u00e3o categorizado<\/a><\/h6>\n                                        <ul class=\"post-info clearfix\">\n                                            <li><span>Por<\/span> <a href=\"https:\/\/www.ibfxw.com\/pt-br\/author\/admin\/\">admin<\/a><\/li>\n                                            <li><span>Para<\/span> 3 anos ago<\/li>\n                                        <\/ul>\n                                    <\/div>\n                                <\/div>\n                            <\/div>\n                        <\/div>\n                    <\/div>\n                                        <div class=\"col-lg-4 col-md-6 col-sm-12 news-block\">\n                        <div class=\"news-block-one wow fadeInUp animated\" data-wow-delay=\"00ms\" data-wow-duration=\"1500ms\">\n                            <div class=\"inner-box\">\n                                <div class=\"image-box\">\n                                    <figure class=\"image\"><a href=\"https:\/\/www.ibfxw.com\/pt-br\/11690\/\"><\/a><\/figure>\n                                    <span class=\"post-date\">01 abr<\/span>\n                                    <div class=\"link\"><a href=\"https:\/\/www.ibfxw.com\/pt-br\/11690\/\"><i class=\"flaticon-right-arrow\"><\/i><\/a><\/div>\n                                <\/div>\n                                <div class=\"lower-content\">\n                                    <h3><a href=\"https:\/\/www.ibfxw.com\/pt-br\/11690\/\">O mestre do trading forex Kevin David e sua m\u00e1xima revela\u00e7\u00e3o: simplicidade \u00e9 a mais eficiente!<\/a><\/h3>\n                                    <p>\u201cDurante quase 20 anos de carreira no trading, aprendi muitas coisas, ...<\/p>\n                                    <div class=\"author-box\">\n                                        <figure class=\"author-thumb\"><\/figure>\n                                        <h6>Sem categoria<\/h6>\n                                        <ul class=\"post-info clearfix\">\n                                            <li><span>Por<\/span> <a href=\"https:\/\/www.ibfxw.com\/pt-br\/author\/admin\/\">admin<\/a><\/li>\n                                            <li><span>Para<\/span> 1 ano ago<\/li>\n                                        <\/ul>\n                                    <\/div>\n                                <\/div>\n                            <\/div>\n                        <\/div>\n                    <\/div>\n                                    <\/div>\n                                <div class=\"pagination-wrapper centred\">\n                    <div class=\"pagination clearfix\">\n                                            <\/div>\n                <\/div>\n                            <\/div>\n        <\/section>\n        <!-- blog-grid end -->\n        \n                                \n        \t\t\t\t<\/div>\n\t\t\t\t<\/div>\n\t\t\t\t\t<\/div>\n\t\t<\/div>\n\t\t\t\t\t<\/div>\n\t\t<\/section>\n\t\t<div class=\"elementor-element elementor-element-a324c48 e-flex e-con-boxed e-con e-parent\" data-id=\"a324c48\" data-element_type=\"container\" data-e-type=\"container\">\n\t\t\t\t\t<div class=\"e-con-inner\">\n\t\t\t\t\t<\/div>\n\t\t\t\t<\/div>\n\t\t\t\t<\/div>\n\t\t","protected":false},"excerpt":{"rendered":"<p>12 6 \u6708 \u5916\u6c47\u5f00\u6237\u4e4b\u524d\u6709\u54ea\u4e9b\u95ee\u9898\u9700\u8981\u6ce8\u610f\uff1f \u3000\u3000\u8fdb\u5165\u5916\u6c47\u6295\u8d44\u5e02\u573a\u7684\u7b2c\u4e00\u6b65\u5c31\u662f\u62e5\u6709\u4e00\u4e2a\u81ea\u5df1\u7684\u6295\u8d44\u8d26\u6237\uff0c\u73b0\u5728\u6765\u4e86\u89e3\u4e00\u4e9b\u5916\u6c47\u5f00\u6237\u9700\u8981\u6ce8\u610f\u54ea\u4e9b\u95ee\u9898\u4ee5\u53ca\u5177\u4f53\u7684\u5916\u6c47\u5f00\u6237\u6d41\u7a0b\u3002 \u3000\u3000\u5728\u5f00\u6237\u4e4b\u524d\uff0c\u5916\u6c47\u6295\u8d44\u8005\u9996\u5148\u8981\u610f\u8bc6\u5230\u5e73\u53f0\u7684\u91cd\u8981\u6027\uff0c\u53ea\u6709\u5728\u6b63\u89c4\u5b89\u5168\u7684\u5e73\u53f0\u6295\u8d44\u624d\u80fd &#8230; \u5916\u6c47\u8d44\u6599 By admin To 1 \u5e74 ago 15 6 \u6708 \u56fd\u9645\u539f\u6cb9\u8d38\u6613\u56f0\u5883\u4e0e\u6311\u6218 \u3000\u3000\u56fd\u9645\u539f\u6cb9\u8d38\u6613\u662f\u5168\u7403\u80fd\u6e90\u5e02\u573a\u7684\u91cd\u8981\u7ec4\u6210\u90e8\u5206\uff0c\u4f46\u4e5f\u9762\u4e34\u7740\u4e00\u4e9b\u56f0\u5883\u548c\u6311\u6218\u3002\u672c\u6587\u5c06\u8ba8\u8bba\u56fd\u9645\u539f\u6cb9\u8d38\u6613\u6240\u9762\u4e34\u7684\u56f0\u5883\u548c\u6311\u6218\uff0c\u5e76\u63a2\u8ba8\u53ef\u80fd\u7684\u89e3\u51b3\u65b9\u6848\u3002 \u4f9b\u9700\u5931\u8861\uff1a\u5168\u7403\u539f\u6cb9\u5e02\u573a\u4f9b\u9700\u5173\u7cfb\u7684\u5931\u8861\u662f\u4e00\u4e2a\u91cd\u8981\u7684\u6311\u6218\u3002\u4f9b\u5e94\u8fc7\u5269 &#8230; \u5916\u6c47\u8d44\u6599 By admin To 1 \u5e74 ago 12 6 \u6708 \u7f51\u4e0a\u7092\u5916\u6c47\u600e\u4e48\u5f00\u6237\uff1f\u7f51\u4e0a\u5f00\u6237\u65b9\u4fbf\u5417 \u3000\u3000\u7f51\u4e0a\u7092\u5916\u6c47\u600e\u4e48\u5f00\u6237 \u5728\u5982\u4eca\u7684\u6570\u5b57\u65f6\u4ee3\uff0c\u8d8a\u6765\u8d8a\u591a\u7684\u4eba\u9009\u62e9\u7092\u5916\u6c47\u6765\u8d5a\u53d6\u989d\u5916\u7684\u6536\u5165\u3002\u7f51\u4e0a\u7092\u5916\u6c47\u6210\u4e3a\u4e86\u6700\u53d7\u6b22\u8fce\u7684\u9014\u5f84\u4e4b\u4e00\u3002\u7136\u800c\uff0c\u5bf9\u4e8e\u521d\u5b66\u8005\u6765\u8bf4\uff0c\u5f00\u6237\u4f3c\u4e4e\u662f\u4e00\u9879\u8270\u5de8\u7684\u4efb\u52a1\u3002\u6b64\u6587\u5c06\u4e3a\u60a8\u89e3\u6790\u7f51\u4e0a\u7092\u5916\u6c47\u600e\u4e48\u5f00\u6237\u3002 &#8230; \u5916\u6c47\u8d44\u6599 By admin To 1 \u5e74 ago 12 6 \u6708 \u4fc4\u7f57\u65afKROUFR\u76d1\u7ba1\u67e5\u8be2\u65b9\u6cd5\u548c\u6b65\u9aa4_KROUFR\u4fc4\u7f57\u65af\u91d1\u878d\u76d1\u7ba1\u5c40 \u3000\u3000\u673a\u6784\u7b80\u4ecb \u3000\u3000\u4fc4\u7f57\u65af\u91d1\u878d\u76d1\u7ba1\u5c40KROUFR\u662f\u4e00\u95f4\u975e\u8425\u5229\u6027\u81ea\u5f8b\u7ec4\u7ec7,\u65e8\u5728\u5f00\u53d1\u670d\u52a1\uff0c\u89c4\u8303\u4fc4\u7f57\u65af\u5728\u56fd\u9645\u91d1\u878d\u5e02\u573a\u7684\u53c2\u4e0e\u8005\u7684\u5173\u7cfb\u3002\u901a\u8fc7\u5bf9\u8fdb\u5165\u4fc4\u7f57\u65af\u7684\u5916\u6c47\u7ecf\u7eaa\u5546\u8fdb\u884c\u6709\u6548\u7684\u7ba1\u7406\uff0c\u5e76\u9488\u5bf9\u4fc4\u7f57\u65af\u5916\u6c47\u5e02\u573a\u5236\u5b9a\u76f8\u5173\u7684\u884c &#8230; \u5916\u6c47\u8d44\u6599 By admin To 1 \u5e74 [&hellip;]<\/p>\n","protected":false},"author":1,"featured_media":0,"parent":0,"menu_order":0,"comment_status":"closed","ping_status":"closed","template":"tpl-default-elementor.php","meta":{"powered_cache_disable_cache":false,"powered_cache_disable_lazyload":false,"footnotes":""},"class_list":["post-4232","page","type-page","status-publish","hentry"],"yoast_head":"<!-- This site is optimized with the Yoast SEO plugin v24.7 - https:\/\/yoast.com\/wordpress\/plugins\/seo\/ -->\n<title>problemas comuns - Rede de Reembolso Forex da IBfxw<\/title>\n<meta name=\"robots\" content=\"index, follow, max-snippet:-1, max-image-preview:large, max-video-preview:-1\" \/>\n<link rel=\"canonical\" href=\"https:\/\/www.ibfxw.com\/list-view-01\/\" \/>\n<meta property=\"og:locale\" content=\"pt_BR\" \/>\n<meta property=\"og:type\" content=\"article\" \/>\n<meta property=\"og:title\" content=\"problemas comuns - Rede de Reembolso Forex da IBfxw\" \/>\n<meta property=\"og:description\" content=\"12 6 \u6708 \u5916\u6c47\u5f00\u6237\u4e4b\u524d\u6709\u54ea\u4e9b\u95ee\u9898\u9700\u8981\u6ce8\u610f\uff1f \u3000\u3000\u8fdb\u5165\u5916\u6c47\u6295\u8d44\u5e02\u573a\u7684\u7b2c\u4e00\u6b65\u5c31\u662f\u62e5\u6709\u4e00\u4e2a\u81ea\u5df1\u7684\u6295\u8d44\u8d26\u6237\uff0c\u73b0\u5728\u6765\u4e86\u89e3\u4e00\u4e9b\u5916\u6c47\u5f00\u6237\u9700\u8981\u6ce8\u610f\u54ea\u4e9b\u95ee\u9898\u4ee5\u53ca\u5177\u4f53\u7684\u5916\u6c47\u5f00\u6237\u6d41\u7a0b\u3002 \u3000\u3000\u5728\u5f00\u6237\u4e4b\u524d\uff0c\u5916\u6c47\u6295\u8d44\u8005\u9996\u5148\u8981\u610f\u8bc6\u5230\u5e73\u53f0\u7684\u91cd\u8981\u6027\uff0c\u53ea\u6709\u5728\u6b63\u89c4\u5b89\u5168\u7684\u5e73\u53f0\u6295\u8d44\u624d\u80fd &#8230; \u5916\u6c47\u8d44\u6599 By admin To 1 \u5e74 ago 15 6 \u6708 \u56fd\u9645\u539f\u6cb9\u8d38\u6613\u56f0\u5883\u4e0e\u6311\u6218 \u3000\u3000\u56fd\u9645\u539f\u6cb9\u8d38\u6613\u662f\u5168\u7403\u80fd\u6e90\u5e02\u573a\u7684\u91cd\u8981\u7ec4\u6210\u90e8\u5206\uff0c\u4f46\u4e5f\u9762\u4e34\u7740\u4e00\u4e9b\u56f0\u5883\u548c\u6311\u6218\u3002\u672c\u6587\u5c06\u8ba8\u8bba\u56fd\u9645\u539f\u6cb9\u8d38\u6613\u6240\u9762\u4e34\u7684\u56f0\u5883\u548c\u6311\u6218\uff0c\u5e76\u63a2\u8ba8\u53ef\u80fd\u7684\u89e3\u51b3\u65b9\u6848\u3002 \u4f9b\u9700\u5931\u8861\uff1a\u5168\u7403\u539f\u6cb9\u5e02\u573a\u4f9b\u9700\u5173\u7cfb\u7684\u5931\u8861\u662f\u4e00\u4e2a\u91cd\u8981\u7684\u6311\u6218\u3002\u4f9b\u5e94\u8fc7\u5269 &#8230; \u5916\u6c47\u8d44\u6599 By admin To 1 \u5e74 ago 12 6 \u6708 \u7f51\u4e0a\u7092\u5916\u6c47\u600e\u4e48\u5f00\u6237\uff1f\u7f51\u4e0a\u5f00\u6237\u65b9\u4fbf\u5417 \u3000\u3000\u7f51\u4e0a\u7092\u5916\u6c47\u600e\u4e48\u5f00\u6237 \u5728\u5982\u4eca\u7684\u6570\u5b57\u65f6\u4ee3\uff0c\u8d8a\u6765\u8d8a\u591a\u7684\u4eba\u9009\u62e9\u7092\u5916\u6c47\u6765\u8d5a\u53d6\u989d\u5916\u7684\u6536\u5165\u3002\u7f51\u4e0a\u7092\u5916\u6c47\u6210\u4e3a\u4e86\u6700\u53d7\u6b22\u8fce\u7684\u9014\u5f84\u4e4b\u4e00\u3002\u7136\u800c\uff0c\u5bf9\u4e8e\u521d\u5b66\u8005\u6765\u8bf4\uff0c\u5f00\u6237\u4f3c\u4e4e\u662f\u4e00\u9879\u8270\u5de8\u7684\u4efb\u52a1\u3002\u6b64\u6587\u5c06\u4e3a\u60a8\u89e3\u6790\u7f51\u4e0a\u7092\u5916\u6c47\u600e\u4e48\u5f00\u6237\u3002 &#8230; \u5916\u6c47\u8d44\u6599 By admin To 1 \u5e74 ago 12 6 \u6708 \u4fc4\u7f57\u65afKROUFR\u76d1\u7ba1\u67e5\u8be2\u65b9\u6cd5\u548c\u6b65\u9aa4_KROUFR\u4fc4\u7f57\u65af\u91d1\u878d\u76d1\u7ba1\u5c40 \u3000\u3000\u673a\u6784\u7b80\u4ecb \u3000\u3000\u4fc4\u7f57\u65af\u91d1\u878d\u76d1\u7ba1\u5c40KROUFR\u662f\u4e00\u95f4\u975e\u8425\u5229\u6027\u81ea\u5f8b\u7ec4\u7ec7,\u65e8\u5728\u5f00\u53d1\u670d\u52a1\uff0c\u89c4\u8303\u4fc4\u7f57\u65af\u5728\u56fd\u9645\u91d1\u878d\u5e02\u573a\u7684\u53c2\u4e0e\u8005\u7684\u5173\u7cfb\u3002\u901a\u8fc7\u5bf9\u8fdb\u5165\u4fc4\u7f57\u65af\u7684\u5916\u6c47\u7ecf\u7eaa\u5546\u8fdb\u884c\u6709\u6548\u7684\u7ba1\u7406\uff0c\u5e76\u9488\u5bf9\u4fc4\u7f57\u65af\u5916\u6c47\u5e02\u573a\u5236\u5b9a\u76f8\u5173\u7684\u884c &#8230; \u5916\u6c47\u8d44\u6599 By admin To 1 \u5e74 [&hellip;]\" \/>\n<meta property=\"og:url\" content=\"https:\/\/www.ibfxw.com\/list-view-01\/\" \/>\n<meta property=\"og:site_name\" content=\"Rede de Reembolso Forex da IBfxw\" \/>\n<meta property=\"article:modified_time\" content=\"2025-03-08T12:03:53+00:00\" \/>\n<meta name=\"twitter:card\" content=\"summary_large_image\" \/>\n<meta name=\"twitter:label1\" content=\"Est. tempo de leitura\" \/>\n\t<meta name=\"twitter:data1\" content=\"1 minuto\" \/>\n<script type=\"application\/ld+json\" class=\"yoast-schema-graph\">{\"@context\":\"https:\/\/schema.org\",\"@graph\":[{\"@type\":\"WebPage\",\"@id\":\"https:\/\/www.ibfxw.com\/list-view-01\/\",\"url\":\"https:\/\/www.ibfxw.com\/list-view-01\/\",\"name\":\"problemas comuns - Rede de Reembolso Forex da IBfxw\",\"isPartOf\":{\"@id\":\"https:\/\/www.ibfxw.com\/ja\/#website\"},\"datePublished\":\"2023-03-14T00:36:40+00:00\",\"dateModified\":\"2025-03-08T12:03:53+00:00\",\"breadcrumb\":{\"@id\":\"https:\/\/www.ibfxw.com\/list-view-01\/#breadcrumb\"},\"inLanguage\":\"pt-BR\",\"potentialAction\":[{\"@type\":\"ReadAction\",\"target\":[\"https:\/\/www.ibfxw.com\/list-view-01\/\"]}]},{\"@type\":\"BreadcrumbList\",\"@id\":\"https:\/\/www.ibfxw.com\/list-view-01\/#breadcrumb\",\"itemListElement\":[{\"@type\":\"ListItem\",\"position\":1,\"name\":\"\u9996\u9875\",\"item\":\"https:\/\/www.ibfxw.com\/pt-br\/\"},{\"@type\":\"ListItem\",\"position\":2,\"name\":\"problemas comuns\"}]},{\"@type\":\"WebSite\",\"@id\":\"https:\/\/www.ibfxw.com\/ja\/#website\",\"url\":\"https:\/\/www.ibfxw.com\/ja\/\",\"name\":\"IBfxw\u5916\u6c47\u8fd4\u4f63\u7f51\",\"description\":\"A plataforma mais profissional para abertura de contas de reembolso forex\",\"publisher\":{\"@id\":\"https:\/\/www.ibfxw.com\/ja\/#organization\"},\"potentialAction\":[{\"@type\":\"SearchAction\",\"target\":{\"@type\":\"EntryPoint\",\"urlTemplate\":\"https:\/\/www.ibfxw.com\/ja\/?s={search_term_string}\"},\"query-input\":{\"@type\":\"PropertyValueSpecification\",\"valueRequired\":true,\"valueName\":\"search_term_string\"}}],\"inLanguage\":\"pt-BR\"},{\"@type\":\"Organization\",\"@id\":\"https:\/\/www.ibfxw.com\/ja\/#organization\",\"name\":\"Rede de Reembolso Forex da IBfxw\",\"url\":\"https:\/\/www.ibfxw.com\/ja\/\",\"logo\":{\"@type\":\"ImageObject\",\"inLanguage\":\"pt-BR\",\"@id\":\"https:\/\/www.ibfxw.com\/ja\/#\/schema\/logo\/image\/\",\"url\":\"https:\/\/www.ibfxw.com\/wp-content\/uploads\/2023\/03\/logo.png\",\"contentUrl\":\"https:\/\/www.ibfxw.com\/wp-content\/uploads\/2023\/03\/logo.png\",\"width\":158,\"height\":42,\"caption\":\"Rede de Reembolso Forex da IBfxw\"},\"image\":{\"@id\":\"https:\/\/www.ibfxw.com\/ja\/#\/schema\/logo\/image\/\"}}]}<\/script>\n<!-- \/ Yoast SEO plugin. -->","yoast_head_json":{"title":"problemas comuns - Rede de Reembolso Forex da IBfxw","robots":{"index":"index","follow":"follow","max-snippet":"max-snippet:-1","max-image-preview":"max-image-preview:large","max-video-preview":"max-video-preview:-1"},"canonical":"https:\/\/www.ibfxw.com\/list-view-01\/","og_locale":"pt_BR","og_type":"article","og_title":"problemas comuns - Rede de Reembolso Forex da IBfxw","og_description":"12 6 \u6708 \u5916\u6c47\u5f00\u6237\u4e4b\u524d\u6709\u54ea\u4e9b\u95ee\u9898\u9700\u8981\u6ce8\u610f\uff1f \u3000\u3000\u8fdb\u5165\u5916\u6c47\u6295\u8d44\u5e02\u573a\u7684\u7b2c\u4e00\u6b65\u5c31\u662f\u62e5\u6709\u4e00\u4e2a\u81ea\u5df1\u7684\u6295\u8d44\u8d26\u6237\uff0c\u73b0\u5728\u6765\u4e86\u89e3\u4e00\u4e9b\u5916\u6c47\u5f00\u6237\u9700\u8981\u6ce8\u610f\u54ea\u4e9b\u95ee\u9898\u4ee5\u53ca\u5177\u4f53\u7684\u5916\u6c47\u5f00\u6237\u6d41\u7a0b\u3002 \u3000\u3000\u5728\u5f00\u6237\u4e4b\u524d\uff0c\u5916\u6c47\u6295\u8d44\u8005\u9996\u5148\u8981\u610f\u8bc6\u5230\u5e73\u53f0\u7684\u91cd\u8981\u6027\uff0c\u53ea\u6709\u5728\u6b63\u89c4\u5b89\u5168\u7684\u5e73\u53f0\u6295\u8d44\u624d\u80fd &#8230; \u5916\u6c47\u8d44\u6599 By admin To 1 \u5e74 ago 15 6 \u6708 \u56fd\u9645\u539f\u6cb9\u8d38\u6613\u56f0\u5883\u4e0e\u6311\u6218 \u3000\u3000\u56fd\u9645\u539f\u6cb9\u8d38\u6613\u662f\u5168\u7403\u80fd\u6e90\u5e02\u573a\u7684\u91cd\u8981\u7ec4\u6210\u90e8\u5206\uff0c\u4f46\u4e5f\u9762\u4e34\u7740\u4e00\u4e9b\u56f0\u5883\u548c\u6311\u6218\u3002\u672c\u6587\u5c06\u8ba8\u8bba\u56fd\u9645\u539f\u6cb9\u8d38\u6613\u6240\u9762\u4e34\u7684\u56f0\u5883\u548c\u6311\u6218\uff0c\u5e76\u63a2\u8ba8\u53ef\u80fd\u7684\u89e3\u51b3\u65b9\u6848\u3002 \u4f9b\u9700\u5931\u8861\uff1a\u5168\u7403\u539f\u6cb9\u5e02\u573a\u4f9b\u9700\u5173\u7cfb\u7684\u5931\u8861\u662f\u4e00\u4e2a\u91cd\u8981\u7684\u6311\u6218\u3002\u4f9b\u5e94\u8fc7\u5269 &#8230; \u5916\u6c47\u8d44\u6599 By admin To 1 \u5e74 ago 12 6 \u6708 \u7f51\u4e0a\u7092\u5916\u6c47\u600e\u4e48\u5f00\u6237\uff1f\u7f51\u4e0a\u5f00\u6237\u65b9\u4fbf\u5417 \u3000\u3000\u7f51\u4e0a\u7092\u5916\u6c47\u600e\u4e48\u5f00\u6237 \u5728\u5982\u4eca\u7684\u6570\u5b57\u65f6\u4ee3\uff0c\u8d8a\u6765\u8d8a\u591a\u7684\u4eba\u9009\u62e9\u7092\u5916\u6c47\u6765\u8d5a\u53d6\u989d\u5916\u7684\u6536\u5165\u3002\u7f51\u4e0a\u7092\u5916\u6c47\u6210\u4e3a\u4e86\u6700\u53d7\u6b22\u8fce\u7684\u9014\u5f84\u4e4b\u4e00\u3002\u7136\u800c\uff0c\u5bf9\u4e8e\u521d\u5b66\u8005\u6765\u8bf4\uff0c\u5f00\u6237\u4f3c\u4e4e\u662f\u4e00\u9879\u8270\u5de8\u7684\u4efb\u52a1\u3002\u6b64\u6587\u5c06\u4e3a\u60a8\u89e3\u6790\u7f51\u4e0a\u7092\u5916\u6c47\u600e\u4e48\u5f00\u6237\u3002 &#8230; \u5916\u6c47\u8d44\u6599 By admin To 1 \u5e74 ago 12 6 \u6708 \u4fc4\u7f57\u65afKROUFR\u76d1\u7ba1\u67e5\u8be2\u65b9\u6cd5\u548c\u6b65\u9aa4_KROUFR\u4fc4\u7f57\u65af\u91d1\u878d\u76d1\u7ba1\u5c40 \u3000\u3000\u673a\u6784\u7b80\u4ecb \u3000\u3000\u4fc4\u7f57\u65af\u91d1\u878d\u76d1\u7ba1\u5c40KROUFR\u662f\u4e00\u95f4\u975e\u8425\u5229\u6027\u81ea\u5f8b\u7ec4\u7ec7,\u65e8\u5728\u5f00\u53d1\u670d\u52a1\uff0c\u89c4\u8303\u4fc4\u7f57\u65af\u5728\u56fd\u9645\u91d1\u878d\u5e02\u573a\u7684\u53c2\u4e0e\u8005\u7684\u5173\u7cfb\u3002\u901a\u8fc7\u5bf9\u8fdb\u5165\u4fc4\u7f57\u65af\u7684\u5916\u6c47\u7ecf\u7eaa\u5546\u8fdb\u884c\u6709\u6548\u7684\u7ba1\u7406\uff0c\u5e76\u9488\u5bf9\u4fc4\u7f57\u65af\u5916\u6c47\u5e02\u573a\u5236\u5b9a\u76f8\u5173\u7684\u884c &#8230; \u5916\u6c47\u8d44\u6599 By admin To 1 \u5e74 [&hellip;]","og_url":"https:\/\/www.ibfxw.com\/list-view-01\/","og_site_name":"Rede de Reembolso Forex da IBfxw","article_modified_time":"2025-03-08T12:03:53+00:00","twitter_card":"summary_large_image","twitter_misc":{"Est. tempo de leitura":"1 minuto"},"schema":{"@context":"https:\/\/schema.org","@graph":[{"@type":"WebPage","@id":"https:\/\/www.ibfxw.com\/list-view-01\/","url":"https:\/\/www.ibfxw.com\/list-view-01\/","name":"problemas comuns - Rede de Reembolso Forex da IBfxw","isPartOf":{"@id":"https:\/\/www.ibfxw.com\/ja\/#website"},"datePublished":"2023-03-14T00:36:40+00:00","dateModified":"2025-03-08T12:03:53+00:00","breadcrumb":{"@id":"https:\/\/www.ibfxw.com\/list-view-01\/#breadcrumb"},"inLanguage":"pt-BR","potentialAction":[{"@type":"ReadAction","target":["https:\/\/www.ibfxw.com\/list-view-01\/"]}]},{"@type":"BreadcrumbList","@id":"https:\/\/www.ibfxw.com\/list-view-01\/#breadcrumb","itemListElement":[{"@type":"ListItem","position":1,"name":"\u9996\u9875","item":"https:\/\/www.ibfxw.com\/pt-br\/"},{"@type":"ListItem","position":2,"name":"problemas comuns"}]},{"@type":"WebSite","@id":"https:\/\/www.ibfxw.com\/ja\/#website","url":"https:\/\/www.ibfxw.com\/ja\/","name":"IBfxw\u5916\u6c47\u8fd4\u4f63\u7f51","description":"A plataforma mais profissional para abertura de contas de reembolso forex","publisher":{"@id":"https:\/\/www.ibfxw.com\/ja\/#organization"},"potentialAction":[{"@type":"SearchAction","target":{"@type":"EntryPoint","urlTemplate":"https:\/\/www.ibfxw.com\/ja\/?s={search_term_string}"},"query-input":{"@type":"PropertyValueSpecification","valueRequired":true,"valueName":"search_term_string"}}],"inLanguage":"pt-BR"},{"@type":"Organization","@id":"https:\/\/www.ibfxw.com\/ja\/#organization","name":"Rede de Reembolso Forex da IBfxw","url":"https:\/\/www.ibfxw.com\/ja\/","logo":{"@type":"ImageObject","inLanguage":"pt-BR","@id":"https:\/\/www.ibfxw.com\/ja\/#\/schema\/logo\/image\/","url":"https:\/\/www.ibfxw.com\/wp-content\/uploads\/2023\/03\/logo.png","contentUrl":"https:\/\/www.ibfxw.com\/wp-content\/uploads\/2023\/03\/logo.png","width":158,"height":42,"caption":"Rede de Reembolso Forex da IBfxw"},"image":{"@id":"https:\/\/www.ibfxw.com\/ja\/#\/schema\/logo\/image\/"}}]}},"_links":{"self":[{"href":"https:\/\/www.ibfxw.com\/pt-br\/wp-json\/wp\/v2\/pages\/4232","targetHints":{"allow":["GET"]}}],"collection":[{"href":"https:\/\/www.ibfxw.com\/pt-br\/wp-json\/wp\/v2\/pages"}],"about":[{"href":"https:\/\/www.ibfxw.com\/pt-br\/wp-json\/wp\/v2\/types\/page"}],"author":[{"embeddable":true,"href":"https:\/\/www.ibfxw.com\/pt-br\/wp-json\/wp\/v2\/users\/1"}],"replies":[{"embeddable":true,"href":"https:\/\/www.ibfxw.com\/pt-br\/wp-json\/wp\/v2\/comments?post=4232"}],"version-history":[{"count":0,"href":"https:\/\/www.ibfxw.com\/pt-br\/wp-json\/wp\/v2\/pages\/4232\/revisions"}],"wp:attachment":[{"href":"https:\/\/www.ibfxw.com\/pt-br\/wp-json\/wp\/v2\/media?parent=4232"}],"curies":[{"name":"wp","href":"https:\/\/api.w.org\/{rel}","templated":true}]}}