{"id":5802,"date":"2024-07-16T18:18:55","date_gmt":"2024-07-16T10:18:55","guid":{"rendered":"https:\/\/www.ibfxw.com\/che-cose-il-forex-rebate\/"},"modified":"2025-03-27T19:23:40","modified_gmt":"2025-03-27T11:23:40","slug":"che-cose-il-forex-rebate","status":"publish","type":"page","link":"https:\/\/www.ibfxw.com\/it\/che-cose-il-forex-rebate\/","title":{"rendered":"Che cos&#8217;\u00e8 il Forex Rebate?"},"content":{"rendered":"\t\t<div data-elementor-type=\"wp-page\" data-elementor-id=\"5802\" class=\"elementor elementor-5802 elementor-2961\" data-elementor-post-type=\"page\">\n\t\t\t\t<div class=\"elementor-element elementor-element-577246f e-flex e-con-boxed e-con e-parent\" data-id=\"577246f\" data-element_type=\"container\" data-e-type=\"container\">\n\t\t\t\t\t<div class=\"e-con-inner\">\n\t\t\t\t<div class=\"elementor-element elementor-element-f76ed19 elementor-widget elementor-widget-heading\" data-id=\"f76ed19\" data-element_type=\"widget\" data-e-type=\"widget\" data-widget_type=\"heading.default\">\n\t\t\t\t\t<h2 class=\"elementor-heading-title elementor-size-default\">  Che cos'\u00e8 il Forex Rebate?<\/h2>\t\t\t\t<\/div>\n\t\t\t\t<div class=\"elementor-element elementor-element-2cf99e9 elementor-widget elementor-widget-image\" data-id=\"2cf99e9\" data-element_type=\"widget\" data-e-type=\"widget\" data-widget_type=\"image.default\">\n\t\t\t\t\t\t\t\t\t\t\t\t\t\t\t<img decoding=\"async\" width=\"345\" height=\"260\" src=\"https:\/\/www.ibfxw.com\/wp-content\/uploads\/2023\/03\/account-3.jpg\" class=\"attachment-large size-large wp-image-7681\" alt=\"\" srcset=\"https:\/\/www.ibfxw.com\/wp-content\/uploads\/2023\/03\/account-3.jpg 345w, https:\/\/www.ibfxw.com\/wp-content\/uploads\/2023\/03\/account-3-300x226.jpg 300w\" sizes=\"(max-width: 345px) 100vw, 345px\" \/>\t\t\t\t\t\t\t\t\t\t\t\t\t\t\t<\/div>\n\t\t\t\t<div class=\"elementor-element elementor-element-32a6d05 elementor-widget elementor-widget-text-editor\" data-id=\"32a6d05\" data-element_type=\"widget\" data-e-type=\"widget\" data-widget_type=\"text-editor.default\">\n\t\t\t\t\t\t\t\t\t<p><strong>Forex Rebates: la scelta intelligente per ottimizzare i costi del trading<\/strong><\/p><hr><p><strong>Introduzione agli sconti Forex<\/strong><\/p><p>Forex Rebate, un meccanismo di rimborso unico nel suo genere, creato su misura per i trader: l&#8217;essenza della nostra piattaforma \u00e8 quella di restituire una parte o la totalit\u00e0 delle tue commissioni nella lotta al mercato dei cambi, direttamente e generosamente nelle tue mani. Questa iniziativa innovativa non \u00e8 solo un riconoscimento delle tue intuizioni di mercato, ma ti aiuta anche a ridurre i costi di trading, sbloccando una nuova dimensione di crescita delle entrate, in modo da rendere pi\u00f9 confortevole la tua pianificazione finanziaria.<\/p><hr><p><strong>Perch\u00e9 gli sconti sul Forex sono fondamentali?<\/strong><\/p><ol><li><p><strong>Costi ridotti e flusso di fondi efficiente<\/strong><\/p><p>&#8220;Nella guerra d&#8217;affari, ogni centesimo risparmiato \u00e8 un profitto&#8221;. -John D. Rockefeller<\/p><p>Le commissioni e gli spread nel forex trading sono sottili ma non possono essere ignorati, sono come un piccolo flusso d&#8217;acqua che si accumula per influenzare la situazione generale. La politica di sconto sul cambio \u00e8 una &#8220;forbice&#8221; affilata, che taglia questi costi con precisione, in modo che i tuoi fondi possano essere pi\u00f9 efficienti sul mercato, per migliorare l&#8217;efficacia e la profondit\u00e0 della transazione.<\/p><\/li><li><p><strong>Protezione dei guadagni e del doppio reddito<\/strong><\/p><p>&#8220;Investire non \u00e8 spendere, \u00e8 seminare&#8221;. -Warren Buffett<\/p><p>Gli sconti non sono solo un esercizio di riduzione dei costi, ma un&#8217;ulteriore ricompensa per il tuo duro lavoro. Aggiungono una quantit\u00e0 significativa di reddito ai tuoi profitti esistenti senza richiedere un cambiamento di strategia o l&#8217;assunzione di ulteriori rischi, fornendoti una doppia garanzia di crescita finanziaria.<\/p><\/li><li><p><strong>Migliora l&#8217;adesione, un futuro vantaggioso per tutti<\/strong><\/p><p>&#8220;La soddisfazione del cliente \u00e8 la pietra miliare della crescita aziendale&#8221;. -Peter Drucker<\/p><p>Le piattaforme di trading Forex non solo hanno conquistato la fiducia e la fedelt\u00e0 dei loro clienti, ma hanno anche costruito un ecosistema vantaggioso per tutti grazie alla loro politica di rimborso delle commissioni. I clienti fanno trading pi\u00f9 frequentemente grazie allo sconto, mentre la piattaforma ottiene un aumento dell&#8217;attivit\u00e0 e del volume di trading, promuovendo congiuntamente entrambe le parti verso un futuro pi\u00f9 prospero.<\/p><\/li><li><p><strong>Vantaggi differenziati in mercati competitivi<\/strong><\/p><p>&#8220;La differenziazione \u00e8 la chiave per la sopravvivenza delle aziende&#8221;. -Michael Porter<\/p><p>Nel caldo e competitivo mercato dei cambi, la politica di sconti \u00e8 come una bandiera distintiva, che evidenzia la profonda attenzione della piattaforma per i clienti e il suo valore unico. Scegliere una piattaforma di questo tipo significa occupare una posizione pi\u00f9 favorevole nell&#8217;agguerrita concorrenza del mercato e godere di vantaggi pi\u00f9 esclusivi e di un servizio pi\u00f9 intimo.<\/p><\/li><\/ol><hr><p><strong>I vantaggi di scegliere noi di IB Rebates<\/strong><\/p><ul><li><strong>Stretta collaborazione<\/strong>: lavoriamo fianco a fianco con alcune delle migliori societ\u00e0 di intermediazione di valuta estera per garantire un servizio di sconto stabile e affidabile e una risposta rapida ai problemi.<\/li><li><strong>Soglia estremamente bassa<\/strong>: non c&#8217;\u00e8 un limite minimo per le commissioni, si pu\u00f2 usufruire anche di 0,01USD, in modo che ogni sforzo venga ricompensato.<\/li><li><strong>Pagamenti flessibili<\/strong>: \u00e8 possibile scegliere una serie di metodi di rimborso per soddisfare le esigenze individuali, in modo da rendere pi\u00f9 conveniente il flusso di fondi.<\/li><\/ul><hr><p><strong>Esempio di rimborso illuminazione<\/strong><\/p><p>Immagina di pagare 20 dollari di commissione su un&#8217;operazione e che il nostro tasso di sconto sia del 50%: riceverai immediatamente 10 dollari in pi\u00f9. Nel corso del tempo, questo apparentemente piccolo sconto <b>potrebbe raggiungere la ragguardevole cifra di 13.500 dollari nell&#8217;arco di un anno, se fai trading attivo ogni giorno<\/b>. Questo denaro, sia che tu lo reinvesta nel mercato sia che lo ritiri per uso personale, ti sar\u00e0 di grande aiuto nella tua pianificazione finanziaria, rendendo il tuo percorso di trading pi\u00f9 ampio e agevole.<\/p><p><strong>Consiglio n. 1: la pazienza \u00e8 d&#8217;oro<\/strong><\/p><p>&#8220;Il segreto del successo negli investimenti \u00e8 avere pazienza, non cervello. Non devi essere un genio, ma devi avere pazienza&#8221;. -Warren Buffett<\/p><ul><li><strong>Spiegazione<\/strong>: La pazienza \u00e8 una delle qualit\u00e0 pi\u00f9 preziose per un investitore nel mercato dei cambi. La volatilit\u00e0 del mercato \u00e8 la norma e la fretta spesso porta a un trading impulsivo e a perdite inutili. Imparare ad aspettare, osservare le tendenze del mercato e trovare il momento giusto per entrare e uscire dal mercato \u00e8 la chiave per una solida redditivit\u00e0.<\/li><\/ul><hr><p><strong>Consiglio 2: La gestione del rischio \u00e8 fondamentale<\/strong><\/p><p>&#8220;La gestione del rischio \u00e8 la chiave per investire con successo. Non aver paura di sbagliare, ma assicurati che i tuoi errori non portino al disastro&#8221;. -George Soros<\/p><ul><li><strong>Interpretazione<\/strong>: negli investimenti in valuta estera, la gestione del rischio \u00e8 la chiave di volta per salvaguardare la sicurezza del capitale e ottenere una redditivit\u00e0 a lungo termine. Impostare in modo ragionevole il punto di stop-loss, controllare l&#8217;esposizione al rischio di ogni transazione, \u00e8 un&#8217;abilit\u00e0 che ogni investitore deve padroneggiare. Allo stesso tempo, il coraggio di ammettere gli errori e di correggerli in modo tempestivo, per non lasciare che gli errori si accumulino in un problema pi\u00f9 grande, \u00e8 la performance degli investitori maturi. Ricorda, un investitore di successo non \u00e8 colui che non commette mai errori, ma colui che \u00e8 in grado di controllare il rischio e di imparare e crescere dai propri errori.<\/li><\/ul>\t\t\t\t\t\t\t\t<\/div>\n\t\t\t\t\t<\/div>\n\t\t\t\t<\/div>\n\t\t\t\t<\/div>\n\t\t","protected":false},"excerpt":{"rendered":"<p>Che cos&#8217;\u00e8 il Forex Rebate? Forex Rebates: la scelta intelligente per ottimizzare i costi del trading Introduzione agli sconti Forex Forex Rebate, un meccanismo di rimborso unico nel suo genere, creato su misura per i trader: l&#8217;essenza della nostra piattaforma \u00e8 quella di restituire una parte o la totalit\u00e0 delle tue commissioni nella lotta al [&hellip;]<\/p>\n","protected":false},"author":1,"featured_media":0,"parent":0,"menu_order":0,"comment_status":"closed","ping_status":"closed","template":"","meta":{"powered_cache_disable_cache":false,"powered_cache_disable_lazyload":false,"footnotes":""},"class_list":["post-5802","page","type-page","status-publish","hentry"],"yoast_head":"<!-- This site is optimized with the Yoast SEO plugin v24.7 - https:\/\/yoast.com\/wordpress\/plugins\/seo\/ -->\n<title>Che cos&#039;\u00e8 il Forex Rebate? - Rete di rebate forex di IBfxw<\/title>\n<meta name=\"robots\" content=\"index, follow, max-snippet:-1, max-image-preview:large, max-video-preview:-1\" \/>\n<link rel=\"canonical\" href=\"https:\/\/www.ibfxw.com\/elementor-2961\/\" \/>\n<meta property=\"og:locale\" content=\"it_IT\" \/>\n<meta property=\"og:type\" content=\"article\" \/>\n<meta property=\"og:title\" content=\"Che cos&#039;\u00e8 il Forex Rebate? - Rete di rebate forex di IBfxw\" \/>\n<meta property=\"og:description\" content=\"Che cos&#8217;\u00e8 il Forex Rebate? Forex Rebates: la scelta intelligente per ottimizzare i costi del trading Introduzione agli sconti Forex Forex Rebate, un meccanismo di rimborso unico nel suo genere, creato su misura per i trader: l&#8217;essenza della nostra piattaforma \u00e8 quella di restituire una parte o la totalit\u00e0 delle tue commissioni nella lotta al [&hellip;]\" \/>\n<meta property=\"og:url\" content=\"https:\/\/www.ibfxw.com\/elementor-2961\/\" \/>\n<meta property=\"og:site_name\" content=\"Rete di rebate forex di IBfxw\" \/>\n<meta property=\"article:modified_time\" content=\"2025-03-27T11:23:40+00:00\" \/>\n<meta property=\"og:image\" content=\"https:\/\/www.ibfxw.com\/wp-content\/uploads\/2023\/03\/account-3.jpg\" \/>\n<meta name=\"twitter:card\" content=\"summary_large_image\" \/>\n<meta name=\"twitter:label1\" content=\"Tempo di lettura stimato\" \/>\n\t<meta name=\"twitter:data1\" content=\"4 minuti\" \/>\n<script type=\"application\/ld+json\" class=\"yoast-schema-graph\">{\"@context\":\"https:\/\/schema.org\",\"@graph\":[{\"@type\":\"WebPage\",\"@id\":\"https:\/\/www.ibfxw.com\/elementor-2961\/\",\"url\":\"https:\/\/www.ibfxw.com\/elementor-2961\/\",\"name\":\"Che cos'\u00e8 il Forex Rebate? - Rete di rebate forex di IBfxw\",\"isPartOf\":{\"@id\":\"https:\/\/www.ibfxw.com\/ja\/#website\"},\"primaryImageOfPage\":{\"@id\":\"https:\/\/www.ibfxw.com\/elementor-2961\/#primaryimage\"},\"image\":{\"@id\":\"https:\/\/www.ibfxw.com\/elementor-2961\/#primaryimage\"},\"thumbnailUrl\":\"https:\/\/www.ibfxw.com\/wp-content\/uploads\/2023\/03\/account-3.jpg\",\"datePublished\":\"2024-07-16T10:18:55+00:00\",\"dateModified\":\"2025-03-27T11:23:40+00:00\",\"breadcrumb\":{\"@id\":\"https:\/\/www.ibfxw.com\/elementor-2961\/#breadcrumb\"},\"inLanguage\":\"it-IT\",\"potentialAction\":[{\"@type\":\"ReadAction\",\"target\":[\"https:\/\/www.ibfxw.com\/elementor-2961\/\"]}]},{\"@type\":\"ImageObject\",\"inLanguage\":\"it-IT\",\"@id\":\"https:\/\/www.ibfxw.com\/elementor-2961\/#primaryimage\",\"url\":\"https:\/\/www.ibfxw.com\/wp-content\/uploads\/2023\/03\/account-3.jpg\",\"contentUrl\":\"https:\/\/www.ibfxw.com\/wp-content\/uploads\/2023\/03\/account-3.jpg\"},{\"@type\":\"BreadcrumbList\",\"@id\":\"https:\/\/www.ibfxw.com\/elementor-2961\/#breadcrumb\",\"itemListElement\":[{\"@type\":\"ListItem\",\"position\":1,\"name\":\"\u9996\u9875\",\"item\":\"https:\/\/www.ibfxw.com\/it\/\"},{\"@type\":\"ListItem\",\"position\":2,\"name\":\"Che cos&#8217;\u00e8 il Forex Rebate?\"}]},{\"@type\":\"WebSite\",\"@id\":\"https:\/\/www.ibfxw.com\/ja\/#website\",\"url\":\"https:\/\/www.ibfxw.com\/ja\/\",\"name\":\"IBfxw\u5916\u6c47\u8fd4\u4f63\u7f51\",\"description\":\"La piattaforma pi\u00f9 professionale per l'apertura di conti con rebate sul forex\",\"publisher\":{\"@id\":\"https:\/\/www.ibfxw.com\/ja\/#organization\"},\"potentialAction\":[{\"@type\":\"SearchAction\",\"target\":{\"@type\":\"EntryPoint\",\"urlTemplate\":\"https:\/\/www.ibfxw.com\/ja\/?s={search_term_string}\"},\"query-input\":{\"@type\":\"PropertyValueSpecification\",\"valueRequired\":true,\"valueName\":\"search_term_string\"}}],\"inLanguage\":\"it-IT\"},{\"@type\":\"Organization\",\"@id\":\"https:\/\/www.ibfxw.com\/ja\/#organization\",\"name\":\"Rete di rebate forex di IBfxw\",\"url\":\"https:\/\/www.ibfxw.com\/ja\/\",\"logo\":{\"@type\":\"ImageObject\",\"inLanguage\":\"it-IT\",\"@id\":\"https:\/\/www.ibfxw.com\/ja\/#\/schema\/logo\/image\/\",\"url\":\"https:\/\/www.ibfxw.com\/wp-content\/uploads\/2023\/03\/logo.png\",\"contentUrl\":\"https:\/\/www.ibfxw.com\/wp-content\/uploads\/2023\/03\/logo.png\",\"width\":158,\"height\":42,\"caption\":\"Rete di rebate forex di IBfxw\"},\"image\":{\"@id\":\"https:\/\/www.ibfxw.com\/ja\/#\/schema\/logo\/image\/\"}}]}<\/script>\n<!-- \/ Yoast SEO plugin. -->","yoast_head_json":{"title":"Che cos'\u00e8 il Forex Rebate? - Rete di rebate forex di IBfxw","robots":{"index":"index","follow":"follow","max-snippet":"max-snippet:-1","max-image-preview":"max-image-preview:large","max-video-preview":"max-video-preview:-1"},"canonical":"https:\/\/www.ibfxw.com\/elementor-2961\/","og_locale":"it_IT","og_type":"article","og_title":"Che cos'\u00e8 il Forex Rebate? - Rete di rebate forex di IBfxw","og_description":"Che cos&#8217;\u00e8 il Forex Rebate? Forex Rebates: la scelta intelligente per ottimizzare i costi del trading Introduzione agli sconti Forex Forex Rebate, un meccanismo di rimborso unico nel suo genere, creato su misura per i trader: l&#8217;essenza della nostra piattaforma \u00e8 quella di restituire una parte o la totalit\u00e0 delle tue commissioni nella lotta al [&hellip;]","og_url":"https:\/\/www.ibfxw.com\/elementor-2961\/","og_site_name":"Rete di rebate forex di IBfxw","article_modified_time":"2025-03-27T11:23:40+00:00","og_image":[{"url":"https:\/\/www.ibfxw.com\/wp-content\/uploads\/2023\/03\/account-3.jpg","type":"","width":"","height":""}],"twitter_card":"summary_large_image","twitter_misc":{"Tempo di lettura stimato":"4 minuti"},"schema":{"@context":"https:\/\/schema.org","@graph":[{"@type":"WebPage","@id":"https:\/\/www.ibfxw.com\/elementor-2961\/","url":"https:\/\/www.ibfxw.com\/elementor-2961\/","name":"Che cos'\u00e8 il Forex Rebate? - Rete di rebate forex di IBfxw","isPartOf":{"@id":"https:\/\/www.ibfxw.com\/ja\/#website"},"primaryImageOfPage":{"@id":"https:\/\/www.ibfxw.com\/elementor-2961\/#primaryimage"},"image":{"@id":"https:\/\/www.ibfxw.com\/elementor-2961\/#primaryimage"},"thumbnailUrl":"https:\/\/www.ibfxw.com\/wp-content\/uploads\/2023\/03\/account-3.jpg","datePublished":"2024-07-16T10:18:55+00:00","dateModified":"2025-03-27T11:23:40+00:00","breadcrumb":{"@id":"https:\/\/www.ibfxw.com\/elementor-2961\/#breadcrumb"},"inLanguage":"it-IT","potentialAction":[{"@type":"ReadAction","target":["https:\/\/www.ibfxw.com\/elementor-2961\/"]}]},{"@type":"ImageObject","inLanguage":"it-IT","@id":"https:\/\/www.ibfxw.com\/elementor-2961\/#primaryimage","url":"https:\/\/www.ibfxw.com\/wp-content\/uploads\/2023\/03\/account-3.jpg","contentUrl":"https:\/\/www.ibfxw.com\/wp-content\/uploads\/2023\/03\/account-3.jpg"},{"@type":"BreadcrumbList","@id":"https:\/\/www.ibfxw.com\/elementor-2961\/#breadcrumb","itemListElement":[{"@type":"ListItem","position":1,"name":"\u9996\u9875","item":"https:\/\/www.ibfxw.com\/it\/"},{"@type":"ListItem","position":2,"name":"Che cos&#8217;\u00e8 il Forex Rebate?"}]},{"@type":"WebSite","@id":"https:\/\/www.ibfxw.com\/ja\/#website","url":"https:\/\/www.ibfxw.com\/ja\/","name":"IBfxw\u5916\u6c47\u8fd4\u4f63\u7f51","description":"La piattaforma pi\u00f9 professionale per l'apertura di conti con rebate sul forex","publisher":{"@id":"https:\/\/www.ibfxw.com\/ja\/#organization"},"potentialAction":[{"@type":"SearchAction","target":{"@type":"EntryPoint","urlTemplate":"https:\/\/www.ibfxw.com\/ja\/?s={search_term_string}"},"query-input":{"@type":"PropertyValueSpecification","valueRequired":true,"valueName":"search_term_string"}}],"inLanguage":"it-IT"},{"@type":"Organization","@id":"https:\/\/www.ibfxw.com\/ja\/#organization","name":"Rete di rebate forex di IBfxw","url":"https:\/\/www.ibfxw.com\/ja\/","logo":{"@type":"ImageObject","inLanguage":"it-IT","@id":"https:\/\/www.ibfxw.com\/ja\/#\/schema\/logo\/image\/","url":"https:\/\/www.ibfxw.com\/wp-content\/uploads\/2023\/03\/logo.png","contentUrl":"https:\/\/www.ibfxw.com\/wp-content\/uploads\/2023\/03\/logo.png","width":158,"height":42,"caption":"Rete di rebate forex di IBfxw"},"image":{"@id":"https:\/\/www.ibfxw.com\/ja\/#\/schema\/logo\/image\/"}}]}},"_links":{"self":[{"href":"https:\/\/www.ibfxw.com\/it\/wp-json\/wp\/v2\/pages\/5802","targetHints":{"allow":["GET"]}}],"collection":[{"href":"https:\/\/www.ibfxw.com\/it\/wp-json\/wp\/v2\/pages"}],"about":[{"href":"https:\/\/www.ibfxw.com\/it\/wp-json\/wp\/v2\/types\/page"}],"author":[{"embeddable":true,"href":"https:\/\/www.ibfxw.com\/it\/wp-json\/wp\/v2\/users\/1"}],"replies":[{"embeddable":true,"href":"https:\/\/www.ibfxw.com\/it\/wp-json\/wp\/v2\/comments?post=5802"}],"version-history":[{"count":0,"href":"https:\/\/www.ibfxw.com\/it\/wp-json\/wp\/v2\/pages\/5802\/revisions"}],"wp:attachment":[{"href":"https:\/\/www.ibfxw.com\/it\/wp-json\/wp\/v2\/media?parent=5802"}],"curies":[{"name":"wp","href":"https:\/\/api.w.org\/{rel}","templated":true}]}}