{"id":4342,"date":"2024-07-16T18:18:55","date_gmt":"2024-07-16T10:18:55","guid":{"rendered":"https:\/\/www.ibfxw.com\/que-es-el-reembolso-forex\/"},"modified":"2025-03-27T19:24:15","modified_gmt":"2025-03-27T11:24:15","slug":"que-es-el-reembolso-forex","status":"publish","type":"page","link":"https:\/\/www.ibfxw.com\/es\/que-es-el-reembolso-forex\/","title":{"rendered":"\u00bfQu\u00e9 es el Reembolso Forex?"},"content":{"rendered":"\t\t<div data-elementor-type=\"wp-page\" data-elementor-id=\"4342\" class=\"elementor elementor-4342 elementor-2961\" data-elementor-post-type=\"page\">\n\t\t\t\t<div class=\"elementor-element elementor-element-577246f e-flex e-con-boxed e-con e-parent\" data-id=\"577246f\" data-element_type=\"container\" data-e-type=\"container\">\n\t\t\t\t\t<div class=\"e-con-inner\">\n\t\t\t\t<div class=\"elementor-element elementor-element-f76ed19 elementor-widget elementor-widget-heading\" data-id=\"f76ed19\" data-element_type=\"widget\" data-e-type=\"widget\" data-widget_type=\"heading.default\">\n\t\t\t\t\t<h2 class=\"elementor-heading-title elementor-size-default\">  \u00bfQu\u00e9 es el Reembolso Forex?<\/h2>\t\t\t\t<\/div>\n\t\t\t\t<div class=\"elementor-element elementor-element-2cf99e9 elementor-widget elementor-widget-image\" data-id=\"2cf99e9\" data-element_type=\"widget\" data-e-type=\"widget\" data-widget_type=\"image.default\">\n\t\t\t\t\t\t\t\t\t\t\t\t\t\t\t<img decoding=\"async\" width=\"345\" height=\"260\" src=\"https:\/\/www.ibfxw.com\/wp-content\/uploads\/2023\/03\/account-3.jpg\" class=\"attachment-large size-large wp-image-7687\" alt=\"\" srcset=\"https:\/\/www.ibfxw.com\/wp-content\/uploads\/2023\/03\/account-3.jpg 345w, https:\/\/www.ibfxw.com\/wp-content\/uploads\/2023\/03\/account-3-300x226.jpg 300w\" sizes=\"(max-width: 345px) 100vw, 345px\" \/>\t\t\t\t\t\t\t\t\t\t\t\t\t\t\t<\/div>\n\t\t\t\t<div class=\"elementor-element elementor-element-32a6d05 elementor-widget elementor-widget-text-editor\" data-id=\"32a6d05\" data-element_type=\"widget\" data-e-type=\"widget\" data-widget_type=\"text-editor.default\">\n\t\t\t\t\t\t\t\t\t<p><strong>Rebajas Forex: La opci\u00f3n inteligente para optimizar los costes de negociaci\u00f3n<\/strong><\/p><hr><p><strong>Introducci\u00f3n a las Rebajas Forex<\/strong><\/p><p>Forex Rebate, como mecanismo \u00fanico de reembolso adaptado a los operadores, la esencia central de nuestra plataforma es devolverte parte o la totalidad de tu comisi\u00f3n en la lucha del mercado de divisas, directa y generosamente a tus manos. Esta innovadora iniciativa no s\u00f3lo es un reconocimiento a tu agudo conocimiento del mercado, sino que tambi\u00e9n te ayuda a reducir los costes de negociaci\u00f3n al mismo tiempo, desbloqueando una nueva dimensi\u00f3n de crecimiento de los ingresos, para que tu planificaci\u00f3n financiera sea m\u00e1s c\u00f3moda.<\/p><hr><p><strong>\u00bfPor qu\u00e9 son cruciales los reembolsos en Forex?<\/strong><\/p><ol><li><p><strong>Costes reducidos y flujo de fondos eficiente<\/strong><\/p><p>\u00abEn la guerra de los negocios, cada c\u00e9ntimo ahorrado es un beneficio\u00bb. -John D. Rockefeller<\/p><p>Las comisiones y los diferenciales en el comercio de divisas son sutiles pero no pueden ignorarse, son como una peque\u00f1a corriente de agua que se acumula para afectar a la situaci\u00f3n general. La pol\u00edtica de reembolso de divisas es la \u00abtijera\u00bb afilada, corta estos costes con precisi\u00f3n, para que tus fondos puedan tener un ciclo m\u00e1s eficiente en el mercado, para mejorar la eficacia y la profundidad de la transacci\u00f3n.<\/p><\/li><li><p><strong>Mejora de los ingresos y protecci\u00f3n de la doble renta<\/strong><\/p><p>\u00abInvertir no es gastar, es sembrar\u00bb. -Warren Buffett<\/p><p>Los reembolsos no son s\u00f3lo un ejercicio de reducci\u00f3n de costes, sino una recompensa adicional por tu duro trabajo. A\u00f1aden una cantidad significativa de ingresos a tus beneficios actuales sin exigirte que cambies tu estrategia ni que asumas riesgos adicionales, proporcion\u00e1ndote una doble garant\u00eda de crecimiento financiero.<\/p><\/li><li><p><strong>Mejora la adherencia, futuro beneficioso para todos<\/strong><\/p><p>\u00abLa satisfacci\u00f3n del cliente es la piedra angular del crecimiento empresarial\u00bb. -Peter Drucker<\/p><p>Las plataformas de negociaci\u00f3n de divisas no s\u00f3lo se han ganado la confianza y lealtad de sus clientes, sino que tambi\u00e9n han construido un ecosistema en el que todos ganan gracias a su pol\u00edtica de reembolso de comisiones. Los clientes operan con m\u00e1s frecuencia gracias al reembolso, mientras que la plataforma gana mayor actividad y volumen de operaciones, lo que en conjunto impulsa a ambas partes hacia un futuro m\u00e1s pr\u00f3spero.<\/p><\/li><li><p><strong>Ventajas diferenciadas en mercados competitivos<\/strong><\/p><p>\u00abLa diferenciaci\u00f3n es la clave de la supervivencia empresarial\u00bb. -Michael Porter<\/p><p>En el caliente y competitivo mercado de divisas, la pol\u00edtica de descuentos es como una bandera distintiva, que destaca la profunda preocupaci\u00f3n de la plataforma por los clientes y su valor \u00fanico. Elegir una plataforma de este tipo significa que ocupar\u00e1s una posici\u00f3n m\u00e1s favorable en la feroz competencia del mercado, y que disfrutar\u00e1s de ventajas m\u00e1s exclusivas y de un servicio m\u00e1s \u00edntimo.<\/p><\/li><\/ol><hr><p><strong>Ventajas de elegirnos en IB Rebates<\/strong><\/p><ul><li><strong>Estrecha cooperaci\u00f3n<\/strong>: trabajar codo con codo con una serie de empresas de corretaje de divisas de primera l\u00ednea para garantizar que el servicio de reembolso sea estable y fiable, y una respuesta r\u00e1pida a los problemas.<\/li><li><strong>Umbral extremadamente bajo<\/strong>: no hay l\u00edmite m\u00ednimo de comisi\u00f3n, tambi\u00e9n se puede disfrutar de 0,01USD, para que todo esfuerzo se vea recompensado.<\/li><li><strong>Pago flexible<\/strong>: una variedad de m\u00e9todos de reembolso que puedes elegir, para satisfacer las necesidades individuales, de modo que el flujo de fondos sea m\u00e1s conveniente.<\/li><\/ul><hr><p><strong>Ejemplo de rebaja iluminaci\u00f3n<\/strong><\/p><p>Imagina que pagas 20 $ de comisi\u00f3n por una operaci\u00f3n y nuestra tasa de reembolso es del 50%, recibir\u00edas al instante 10 $ adicionales. Con el tiempo, este reembolso aparentemente peque\u00f1o <b>podr\u00eda sumar la importante cantidad de 13.500 $ en el transcurso de un a\u00f1o, si operas activamente todos los d\u00edas<\/b>. Este dinero, tanto si lo reinviertes en el mercado como si lo retiras para tu propio uso, ser\u00e1 de gran ayuda en tu planificaci\u00f3n financiera, haciendo que tu camino en el trading sea m\u00e1s amplio y fluido.<\/p><p><strong>Consejo n\u00ba 1: La paciencia es oro<\/strong><\/p><p>\u00abEl secreto del \u00e9xito en la inversi\u00f3n es tener paciencia, no cerebro. No necesitas ser un genio, pero debes tener paciencia\u00bb. -Warren Buffett<\/p><ul><li><strong>Explicaci\u00f3n<\/strong>: La paciencia es una de las cualidades m\u00e1s valiosas de un inversor en el mercado de divisas. La volatilidad del mercado es la norma, y las prisas a menudo conducen a operaciones impulsivas y p\u00e9rdidas innecesarias. Aprender a esperar, observar las tendencias del mercado y encontrar los momentos adecuados de entrada y salida son las claves de una rentabilidad s\u00f3lida.<\/li><\/ul><hr><p><strong>Consejo 2: La gesti\u00f3n del riesgo es lo m\u00e1s importante<\/strong><\/p><p>\u00abLa gesti\u00f3n del riesgo es la clave del \u00e9xito de la inversi\u00f3n. No tengas miedo de cometer errores, pero aseg\u00farate de que tus errores no te lleven al desastre\u00bb. -George Soros<\/p><ul><li><strong>Interpretaci\u00f3n<\/strong>: En la inversi\u00f3n en divisas, la gesti\u00f3n del riesgo es la piedra angular para salvaguardar la seguridad del capital y conseguir rentabilidad a largo plazo. Fijar razonablemente el punto de stop-loss, controlar la exposici\u00f3n al riesgo de cada operaci\u00f3n, es lo que todo inversor debe dominar. Al mismo tiempo, el valor para admitir errores y corregirlos a tiempo, para no dejar que los errores se acumulen en un problema mayor, es la actuaci\u00f3n de los inversores maduros. Recuerda, un inversor de \u00e9xito no es el que nunca comete errores, sino el que es capaz de controlar el riesgo y aprender y crecer a partir de sus errores.<\/li><\/ul>\t\t\t\t\t\t\t\t<\/div>\n\t\t\t\t\t<\/div>\n\t\t\t\t<\/div>\n\t\t\t\t<\/div>\n\t\t","protected":false},"excerpt":{"rendered":"<p>\u00bfQu\u00e9 es el Reembolso Forex? Rebajas Forex: La opci\u00f3n inteligente para optimizar los costes de negociaci\u00f3n Introducci\u00f3n a las Rebajas Forex Forex Rebate, como mecanismo \u00fanico de reembolso adaptado a los operadores, la esencia central de nuestra plataforma es devolverte parte o la totalidad de tu comisi\u00f3n en la lucha del mercado de divisas, directa [&hellip;]<\/p>\n","protected":false},"author":1,"featured_media":0,"parent":0,"menu_order":0,"comment_status":"closed","ping_status":"closed","template":"","meta":{"powered_cache_disable_cache":false,"powered_cache_disable_lazyload":false,"footnotes":""},"class_list":["post-4342","page","type-page","status-publish","hentry"],"yoast_head":"<!-- This site is optimized with the Yoast SEO plugin v24.7 - https:\/\/yoast.com\/wordpress\/plugins\/seo\/ -->\n<title>\u00bfQu\u00e9 es el Reembolso Forex? - Red de Reembolsos Forex de IBfxw<\/title>\n<meta name=\"robots\" content=\"index, follow, max-snippet:-1, max-image-preview:large, max-video-preview:-1\" \/>\n<link rel=\"canonical\" href=\"https:\/\/www.ibfxw.com\/elementor-2961\/\" \/>\n<meta property=\"og:locale\" content=\"es_ES\" \/>\n<meta property=\"og:type\" content=\"article\" \/>\n<meta property=\"og:title\" content=\"\u00bfQu\u00e9 es el Reembolso Forex? - Red de Reembolsos Forex de IBfxw\" \/>\n<meta property=\"og:description\" content=\"\u00bfQu\u00e9 es el Reembolso Forex? Rebajas Forex: La opci\u00f3n inteligente para optimizar los costes de negociaci\u00f3n Introducci\u00f3n a las Rebajas Forex Forex Rebate, como mecanismo \u00fanico de reembolso adaptado a los operadores, la esencia central de nuestra plataforma es devolverte parte o la totalidad de tu comisi\u00f3n en la lucha del mercado de divisas, directa [&hellip;]\" \/>\n<meta property=\"og:url\" content=\"https:\/\/www.ibfxw.com\/elementor-2961\/\" \/>\n<meta property=\"og:site_name\" content=\"Red de Reembolsos Forex de IBfxw\" \/>\n<meta property=\"article:modified_time\" content=\"2025-03-27T11:24:15+00:00\" \/>\n<meta property=\"og:image\" content=\"https:\/\/www.ibfxw.com\/wp-content\/uploads\/2023\/03\/account-3.jpg\" \/>\n<meta name=\"twitter:card\" content=\"summary_large_image\" \/>\n<meta name=\"twitter:label1\" content=\"Tiempo de lectura\" \/>\n\t<meta name=\"twitter:data1\" content=\"5 minutos\" \/>\n<script type=\"application\/ld+json\" class=\"yoast-schema-graph\">{\"@context\":\"https:\/\/schema.org\",\"@graph\":[{\"@type\":\"WebPage\",\"@id\":\"https:\/\/www.ibfxw.com\/elementor-2961\/\",\"url\":\"https:\/\/www.ibfxw.com\/elementor-2961\/\",\"name\":\"\u00bfQu\u00e9 es el Reembolso Forex? - Red de Reembolsos Forex de IBfxw\",\"isPartOf\":{\"@id\":\"https:\/\/www.ibfxw.com\/ja\/#website\"},\"primaryImageOfPage\":{\"@id\":\"https:\/\/www.ibfxw.com\/elementor-2961\/#primaryimage\"},\"image\":{\"@id\":\"https:\/\/www.ibfxw.com\/elementor-2961\/#primaryimage\"},\"thumbnailUrl\":\"https:\/\/www.ibfxw.com\/wp-content\/uploads\/2023\/03\/account-3.jpg\",\"datePublished\":\"2024-07-16T10:18:55+00:00\",\"dateModified\":\"2025-03-27T11:24:15+00:00\",\"breadcrumb\":{\"@id\":\"https:\/\/www.ibfxw.com\/elementor-2961\/#breadcrumb\"},\"inLanguage\":\"es\",\"potentialAction\":[{\"@type\":\"ReadAction\",\"target\":[\"https:\/\/www.ibfxw.com\/elementor-2961\/\"]}]},{\"@type\":\"ImageObject\",\"inLanguage\":\"es\",\"@id\":\"https:\/\/www.ibfxw.com\/elementor-2961\/#primaryimage\",\"url\":\"https:\/\/www.ibfxw.com\/wp-content\/uploads\/2023\/03\/account-3.jpg\",\"contentUrl\":\"https:\/\/www.ibfxw.com\/wp-content\/uploads\/2023\/03\/account-3.jpg\"},{\"@type\":\"BreadcrumbList\",\"@id\":\"https:\/\/www.ibfxw.com\/elementor-2961\/#breadcrumb\",\"itemListElement\":[{\"@type\":\"ListItem\",\"position\":1,\"name\":\"\u9996\u9875\",\"item\":\"https:\/\/www.ibfxw.com\/es\/\"},{\"@type\":\"ListItem\",\"position\":2,\"name\":\"\u00bfQu\u00e9 es el Reembolso Forex?\"}]},{\"@type\":\"WebSite\",\"@id\":\"https:\/\/www.ibfxw.com\/ja\/#website\",\"url\":\"https:\/\/www.ibfxw.com\/ja\/\",\"name\":\"IBfxw\u5916\u6c47\u8fd4\u4f63\u7f51\",\"description\":\"La plataforma m\u00e1s profesional para la apertura de cuentas de reembolso de forex\",\"publisher\":{\"@id\":\"https:\/\/www.ibfxw.com\/ja\/#organization\"},\"potentialAction\":[{\"@type\":\"SearchAction\",\"target\":{\"@type\":\"EntryPoint\",\"urlTemplate\":\"https:\/\/www.ibfxw.com\/ja\/?s={search_term_string}\"},\"query-input\":{\"@type\":\"PropertyValueSpecification\",\"valueRequired\":true,\"valueName\":\"search_term_string\"}}],\"inLanguage\":\"es\"},{\"@type\":\"Organization\",\"@id\":\"https:\/\/www.ibfxw.com\/ja\/#organization\",\"name\":\"Red de Reembolsos Forex de IBfxw\",\"url\":\"https:\/\/www.ibfxw.com\/ja\/\",\"logo\":{\"@type\":\"ImageObject\",\"inLanguage\":\"es\",\"@id\":\"https:\/\/www.ibfxw.com\/ja\/#\/schema\/logo\/image\/\",\"url\":\"https:\/\/www.ibfxw.com\/wp-content\/uploads\/2023\/03\/logo.png\",\"contentUrl\":\"https:\/\/www.ibfxw.com\/wp-content\/uploads\/2023\/03\/logo.png\",\"width\":158,\"height\":42,\"caption\":\"Red de Reembolsos Forex de IBfxw\"},\"image\":{\"@id\":\"https:\/\/www.ibfxw.com\/ja\/#\/schema\/logo\/image\/\"}}]}<\/script>\n<!-- \/ Yoast SEO plugin. -->","yoast_head_json":{"title":"\u00bfQu\u00e9 es el Reembolso Forex? - Red de Reembolsos Forex de IBfxw","robots":{"index":"index","follow":"follow","max-snippet":"max-snippet:-1","max-image-preview":"max-image-preview:large","max-video-preview":"max-video-preview:-1"},"canonical":"https:\/\/www.ibfxw.com\/elementor-2961\/","og_locale":"es_ES","og_type":"article","og_title":"\u00bfQu\u00e9 es el Reembolso Forex? - Red de Reembolsos Forex de IBfxw","og_description":"\u00bfQu\u00e9 es el Reembolso Forex? Rebajas Forex: La opci\u00f3n inteligente para optimizar los costes de negociaci\u00f3n Introducci\u00f3n a las Rebajas Forex Forex Rebate, como mecanismo \u00fanico de reembolso adaptado a los operadores, la esencia central de nuestra plataforma es devolverte parte o la totalidad de tu comisi\u00f3n en la lucha del mercado de divisas, directa [&hellip;]","og_url":"https:\/\/www.ibfxw.com\/elementor-2961\/","og_site_name":"Red de Reembolsos Forex de IBfxw","article_modified_time":"2025-03-27T11:24:15+00:00","og_image":[{"url":"https:\/\/www.ibfxw.com\/wp-content\/uploads\/2023\/03\/account-3.jpg","type":"","width":"","height":""}],"twitter_card":"summary_large_image","twitter_misc":{"Tiempo de lectura":"5 minutos"},"schema":{"@context":"https:\/\/schema.org","@graph":[{"@type":"WebPage","@id":"https:\/\/www.ibfxw.com\/elementor-2961\/","url":"https:\/\/www.ibfxw.com\/elementor-2961\/","name":"\u00bfQu\u00e9 es el Reembolso Forex? - Red de Reembolsos Forex de IBfxw","isPartOf":{"@id":"https:\/\/www.ibfxw.com\/ja\/#website"},"primaryImageOfPage":{"@id":"https:\/\/www.ibfxw.com\/elementor-2961\/#primaryimage"},"image":{"@id":"https:\/\/www.ibfxw.com\/elementor-2961\/#primaryimage"},"thumbnailUrl":"https:\/\/www.ibfxw.com\/wp-content\/uploads\/2023\/03\/account-3.jpg","datePublished":"2024-07-16T10:18:55+00:00","dateModified":"2025-03-27T11:24:15+00:00","breadcrumb":{"@id":"https:\/\/www.ibfxw.com\/elementor-2961\/#breadcrumb"},"inLanguage":"es","potentialAction":[{"@type":"ReadAction","target":["https:\/\/www.ibfxw.com\/elementor-2961\/"]}]},{"@type":"ImageObject","inLanguage":"es","@id":"https:\/\/www.ibfxw.com\/elementor-2961\/#primaryimage","url":"https:\/\/www.ibfxw.com\/wp-content\/uploads\/2023\/03\/account-3.jpg","contentUrl":"https:\/\/www.ibfxw.com\/wp-content\/uploads\/2023\/03\/account-3.jpg"},{"@type":"BreadcrumbList","@id":"https:\/\/www.ibfxw.com\/elementor-2961\/#breadcrumb","itemListElement":[{"@type":"ListItem","position":1,"name":"\u9996\u9875","item":"https:\/\/www.ibfxw.com\/es\/"},{"@type":"ListItem","position":2,"name":"\u00bfQu\u00e9 es el Reembolso Forex?"}]},{"@type":"WebSite","@id":"https:\/\/www.ibfxw.com\/ja\/#website","url":"https:\/\/www.ibfxw.com\/ja\/","name":"IBfxw\u5916\u6c47\u8fd4\u4f63\u7f51","description":"La plataforma m\u00e1s profesional para la apertura de cuentas de reembolso de forex","publisher":{"@id":"https:\/\/www.ibfxw.com\/ja\/#organization"},"potentialAction":[{"@type":"SearchAction","target":{"@type":"EntryPoint","urlTemplate":"https:\/\/www.ibfxw.com\/ja\/?s={search_term_string}"},"query-input":{"@type":"PropertyValueSpecification","valueRequired":true,"valueName":"search_term_string"}}],"inLanguage":"es"},{"@type":"Organization","@id":"https:\/\/www.ibfxw.com\/ja\/#organization","name":"Red de Reembolsos Forex de IBfxw","url":"https:\/\/www.ibfxw.com\/ja\/","logo":{"@type":"ImageObject","inLanguage":"es","@id":"https:\/\/www.ibfxw.com\/ja\/#\/schema\/logo\/image\/","url":"https:\/\/www.ibfxw.com\/wp-content\/uploads\/2023\/03\/logo.png","contentUrl":"https:\/\/www.ibfxw.com\/wp-content\/uploads\/2023\/03\/logo.png","width":158,"height":42,"caption":"Red de Reembolsos Forex de IBfxw"},"image":{"@id":"https:\/\/www.ibfxw.com\/ja\/#\/schema\/logo\/image\/"}}]}},"_links":{"self":[{"href":"https:\/\/www.ibfxw.com\/es\/wp-json\/wp\/v2\/pages\/4342","targetHints":{"allow":["GET"]}}],"collection":[{"href":"https:\/\/www.ibfxw.com\/es\/wp-json\/wp\/v2\/pages"}],"about":[{"href":"https:\/\/www.ibfxw.com\/es\/wp-json\/wp\/v2\/types\/page"}],"author":[{"embeddable":true,"href":"https:\/\/www.ibfxw.com\/es\/wp-json\/wp\/v2\/users\/1"}],"replies":[{"embeddable":true,"href":"https:\/\/www.ibfxw.com\/es\/wp-json\/wp\/v2\/comments?post=4342"}],"version-history":[{"count":0,"href":"https:\/\/www.ibfxw.com\/es\/wp-json\/wp\/v2\/pages\/4342\/revisions"}],"wp:attachment":[{"href":"https:\/\/www.ibfxw.com\/es\/wp-json\/wp\/v2\/media?parent=4342"}],"curies":[{"name":"wp","href":"https:\/\/api.w.org\/{rel}","templated":true}]}}