{"id":5821,"date":"2024-07-16T18:18:55","date_gmt":"2024-07-16T10:18:55","guid":{"rendered":"https:\/\/www.ibfxw.com\/was-ist-ein-forex-rabatt\/"},"modified":"2025-03-27T19:19:48","modified_gmt":"2025-03-27T11:19:48","slug":"was-ist-ein-forex-rabatt","status":"publish","type":"page","link":"https:\/\/www.ibfxw.com\/de\/was-ist-ein-forex-rabatt\/","title":{"rendered":"Was ist ein Forex-Rabatt?"},"content":{"rendered":"\t\t<div data-elementor-type=\"wp-page\" data-elementor-id=\"5821\" class=\"elementor elementor-5821 elementor-2961\" data-elementor-post-type=\"page\">\n\t\t\t\t<div class=\"elementor-element elementor-element-577246f e-flex e-con-boxed e-con e-parent\" data-id=\"577246f\" data-element_type=\"container\" data-e-type=\"container\">\n\t\t\t\t\t<div class=\"e-con-inner\">\n\t\t\t\t<div class=\"elementor-element elementor-element-f76ed19 elementor-widget elementor-widget-heading\" data-id=\"f76ed19\" data-element_type=\"widget\" data-e-type=\"widget\" data-widget_type=\"heading.default\">\n\t\t\t\t\t<h2 class=\"elementor-heading-title elementor-size-default\">  Was ist ein Forex-Rabatt?<\/h2>\t\t\t\t<\/div>\n\t\t\t\t<div class=\"elementor-element elementor-element-2cf99e9 elementor-widget elementor-widget-image\" data-id=\"2cf99e9\" data-element_type=\"widget\" data-e-type=\"widget\" data-widget_type=\"image.default\">\n\t\t\t\t\t\t\t\t\t\t\t\t\t\t\t<img decoding=\"async\" width=\"345\" height=\"260\" src=\"https:\/\/www.ibfxw.com\/wp-content\/uploads\/2023\/03\/account-3.jpg\" class=\"attachment-large size-large wp-image-7678\" alt=\"\" srcset=\"https:\/\/www.ibfxw.com\/wp-content\/uploads\/2023\/03\/account-3.jpg 345w, https:\/\/www.ibfxw.com\/wp-content\/uploads\/2023\/03\/account-3-300x226.jpg 300w\" sizes=\"(max-width: 345px) 100vw, 345px\" \/>\t\t\t\t\t\t\t\t\t\t\t\t\t\t\t<\/div>\n\t\t\t\t<div class=\"elementor-element elementor-element-32a6d05 elementor-widget elementor-widget-text-editor\" data-id=\"32a6d05\" data-element_type=\"widget\" data-e-type=\"widget\" data-widget_type=\"text-editor.default\">\n\t\t\t\t\t\t\t\t\t<p><strong>Forex-Rabatte: Die clevere Wahl zur Optimierung der Handelskosten<\/strong><\/p><hr><p><strong>Einf\u00fchrung in Forex-Rabatte<\/strong><\/p><p>Forex Rebate ist ein einzigartiger, auf H\u00e4ndler zugeschnittener Rabattmechanismus. Das Kernst\u00fcck unserer Plattform besteht darin, einen Teil oder die gesamte Provision f\u00fcr den Kampf auf dem Devisenmarkt direkt und gro\u00dfz\u00fcgig in Ihre H\u00e4nde zur\u00fcckzugeben. Diese innovative Initiative ist nicht nur eine Anerkennung f\u00fcr Ihren scharfen Markt\u00fcberblick, sondern hilft Ihnen auch, Ihre Handelskosten zu senken und eine neue Dimension des Ertragswachstums zu erschlie\u00dfen, so dass Ihre Finanzplanung komfortabler wird.<\/p><hr><p><strong>Warum sind Forex-Rabatte so wichtig?<\/strong><\/p><ol><li><p><strong>Geringere Kosten und effizienter Geldfluss<\/strong><\/p><p>&#8222;Im Wirtschaftskrieg ist jeder gesparte Penny ein Gewinn.&#8220; -John D. Rockefeller<\/p><p>Provisionen und Spreads im Devisenhandel sind subtil, aber nicht zu \u00fcbersehen. Sie sind wie ein kleiner Wasserstrahl, der sich ansammelt und die Gesamtsituation beeinflusst. Die Devisen-Rabattpolitik ist die scharfe &#8222;Schere&#8220;, die diese Kosten genau abschneidet, so dass Ihre Mittel effizienter auf dem Markt zirkulieren k\u00f6nnen, um die Effektivit\u00e4t und Tiefe der Transaktion zu erh\u00f6hen.<\/p><\/li><li><p><strong>Erh\u00f6hter Verdienst und doppelter Einkommensschutz<\/strong><\/p><p>&#8222;Investieren ist nicht ausgeben, sondern s\u00e4en.&#8220; -Warren Buffett<\/p><p>Rabatte sind nicht nur eine Kostensenkungsma\u00dfnahme, sondern eine zus\u00e4tzliche Belohnung f\u00fcr Ihre harte Arbeit. Sie f\u00fcgen Ihren bestehenden Gewinnen eine betr\u00e4chtliche Menge an Einkommen hinzu, ohne dass Sie Ihre Strategie \u00e4ndern oder ein zus\u00e4tzliches Risiko eingehen m\u00fcssen, so dass Sie eine doppelte Garantie f\u00fcr finanzielles Wachstum haben.<\/p><\/li><li><p><strong>Bessere Haftung, Win-Win-Zukunft<\/strong><\/p><p>&#8222;Kundenzufriedenheit ist der Eckpfeiler des Unternehmenswachstums.&#8220; -Peter Drucker<\/p><p>Forex-Handelsplattformen haben nicht nur das Vertrauen und die Loyalit\u00e4t ihrer Kunden gewonnen, sondern durch ihre Provisionsrabattpolitik auch ein Win-Win-\u00d6kosystem aufgebaut. Die Kunden handeln aufgrund des Rabatts h\u00e4ufiger, w\u00e4hrend die Plattform eine h\u00f6here Aktivit\u00e4t und ein h\u00f6heres Handelsvolumen erzielt, was beide Parteien zu einer erfolgreicheren Zukunft f\u00fchrt.<\/p><\/li><li><p><strong>Differenzierte Vorteile auf wettbewerbsorientierten M\u00e4rkten<\/strong><\/p><p>&#8222;Differenzierung ist der Schl\u00fcssel zum \u00dcberleben eines Unternehmens.&#8220; -Michael Porter<\/p><p>Auf dem hei\u00dfen und umk\u00e4mpften Devisenmarkt ist die Rabattpolitik wie eine unverwechselbare Flagge, die das gro\u00dfe Interesse der Plattform an ihren Kunden und ihren einzigartigen Wert unterstreicht. Wenn Sie sich f\u00fcr eine solche Plattform entscheiden, werden Sie im harten Wettbewerb auf dem Markt eine g\u00fcnstigere Position einnehmen und mehr exklusive Vorteile und einen vertrauten Service genie\u00dfen.<\/p><\/li><\/ol><hr><p><strong>Vorteile, wenn Sie uns bei IB Rebates w\u00e4hlen<\/strong><\/p><ul><li><strong>Enge Zusammenarbeit<\/strong>: Wir arbeiten mit einer Reihe von Top-Devisenmaklern zusammen, um einen stabilen und zuverl\u00e4ssigen Rabattservice und eine schnelle Reaktion auf Probleme zu gew\u00e4hrleisten.<\/li><li><strong>Extrem niedrige Schwelle<\/strong>: keine Mindestgrenze f\u00fcr die Provision, auch 0,01USD k\u00f6nnen Sie nutzen, so dass jedes bisschen M\u00fche belohnt wird.<\/li><li><strong>Flexible Zahlung<\/strong>: Sie k\u00f6nnen eine Vielzahl von Rabattmethoden w\u00e4hlen, um den individuellen Bed\u00fcrfnissen gerecht zu werden, so dass der Geldfluss bequemer ist.<\/li><\/ul><hr><p><strong>Rebate Beispiel Erleuchtung<\/strong><\/p><p>Stellen Sie sich vor, Sie h\u00e4tten f\u00fcr einen Handel $20 an Provisionen bezahlt und unser Rabattsatz l\u00e4ge bei 50%, dann w\u00fcrden Sie sofort zus\u00e4tzliche $10 erhalten. Im Laufe der Zeit <b>k\u00f6nnte sich<\/b> dieser scheinbar kleine Rabatt <b>auf beachtliche $13.500 summieren, wenn Sie jeden Tag aktiv handeln<\/b>. Dieses Geld, ob Sie es nun in den Markt reinvestieren oder f\u00fcr Ihren eigenen Bedarf abheben, wird Ihnen bei Ihrer Finanzplanung eine gro\u00dfe Hilfe sein und Ihren Handelsweg breiter und reibungsloser machen.<\/p><p><strong>Ratschlag #1: Geduld ist Gold wert<\/strong><\/p><p>&#8222;Das Geheimnis des Erfolgs beim Investieren ist Geduld, nicht Verstand. Sie m\u00fcssen kein Genie sein, aber Sie m\u00fcssen Geduld haben.&#8220; -Warren Buffett<\/p><ul><li><strong>Erl\u00e4uterung<\/strong>: Geduld ist eine der wertvollsten Eigenschaften eines Anlegers auf dem Devisenmarkt. Marktvolatilit\u00e4t ist die Norm, und Eile f\u00fchrt oft zu impulsivem Handel und unn\u00f6tigen Verlusten. Abwarten zu lernen, Markttrends zu beobachten und die richtigen Ein- und Ausstiegszeitpunkte zu finden, ist der Schl\u00fcssel zu solider Rentabilit\u00e4t.<\/li><\/ul><hr><p><strong>Ratschlag 2: Risikomanagement ist das A und O<\/strong><\/p><p>&#8222;Risikomanagement ist der Schl\u00fcssel zum Anlageerfolg. Haben Sie keine Angst, Fehler zu machen, aber stellen Sie sicher, dass Ihre Fehler nicht zu einer Katastrophe f\u00fchren.&#8220; -George Soros<\/p><ul><li><strong>Interpretation<\/strong>: Bei Deviseninvestitionen ist das Risikomanagement der Grundstein f\u00fcr die Sicherheit des Kapitals und die Erzielung einer langfristigen Rentabilit\u00e4t. Ein vern\u00fcnftig festgelegter Stop-Loss-Punkt, der das Risiko jeder Transaktion kontrolliert, muss von jedem Anleger beherrscht werden. Gleichzeitig ist der Mut, Fehler einzugestehen und sie rechtzeitig zu korrigieren, damit sich die Fehler nicht zu einem gr\u00f6\u00dferen Problem auswachsen, die Leistung eines reifen Anlegers. Denken Sie daran: Ein erfolgreicher Anleger ist nicht jemand, der nie Fehler macht, sondern jemand, der in der Lage ist, das Risiko zu kontrollieren und aus seinen Fehlern zu lernen und zu wachsen.<\/li><\/ul>\t\t\t\t\t\t\t\t<\/div>\n\t\t\t\t\t<\/div>\n\t\t\t\t<\/div>\n\t\t\t\t<\/div>\n\t\t","protected":false},"excerpt":{"rendered":"<p>Was ist ein Forex-Rabatt? Forex-Rabatte: Die clevere Wahl zur Optimierung der Handelskosten Einf\u00fchrung in Forex-Rabatte Forex Rebate ist ein einzigartiger, auf H\u00e4ndler zugeschnittener Rabattmechanismus. Das Kernst\u00fcck unserer Plattform besteht darin, einen Teil oder die gesamte Provision f\u00fcr den Kampf auf dem Devisenmarkt direkt und gro\u00dfz\u00fcgig in Ihre H\u00e4nde zur\u00fcckzugeben. Diese innovative Initiative ist nicht nur [&hellip;]<\/p>\n","protected":false},"author":1,"featured_media":0,"parent":0,"menu_order":0,"comment_status":"closed","ping_status":"closed","template":"","meta":{"powered_cache_disable_cache":false,"powered_cache_disable_lazyload":false,"footnotes":""},"class_list":["post-5821","page","type-page","status-publish","hentry"],"yoast_head":"<!-- This site is optimized with the Yoast SEO plugin v24.7 - https:\/\/yoast.com\/wordpress\/plugins\/seo\/ -->\n<title>Was ist ein Forex-Rabatt? - IBfxw Forex-R\u00fcckverg\u00fctungsnetzwerk<\/title>\n<meta name=\"robots\" content=\"index, follow, max-snippet:-1, max-image-preview:large, max-video-preview:-1\" \/>\n<link rel=\"canonical\" href=\"https:\/\/www.ibfxw.com\/elementor-2961\/\" \/>\n<meta property=\"og:locale\" content=\"de_DE\" \/>\n<meta property=\"og:type\" content=\"article\" \/>\n<meta property=\"og:title\" content=\"Was ist ein Forex-Rabatt? - IBfxw Forex-R\u00fcckverg\u00fctungsnetzwerk\" \/>\n<meta property=\"og:description\" content=\"Was ist ein Forex-Rabatt? Forex-Rabatte: Die clevere Wahl zur Optimierung der Handelskosten Einf\u00fchrung in Forex-Rabatte Forex Rebate ist ein einzigartiger, auf H\u00e4ndler zugeschnittener Rabattmechanismus. Das Kernst\u00fcck unserer Plattform besteht darin, einen Teil oder die gesamte Provision f\u00fcr den Kampf auf dem Devisenmarkt direkt und gro\u00dfz\u00fcgig in Ihre H\u00e4nde zur\u00fcckzugeben. Diese innovative Initiative ist nicht nur [&hellip;]\" \/>\n<meta property=\"og:url\" content=\"https:\/\/www.ibfxw.com\/elementor-2961\/\" \/>\n<meta property=\"og:site_name\" content=\"IBfxw Forex-R\u00fcckverg\u00fctungsnetzwerk\" \/>\n<meta property=\"article:modified_time\" content=\"2025-03-27T11:19:48+00:00\" \/>\n<meta property=\"og:image\" content=\"https:\/\/www.ibfxw.com\/wp-content\/uploads\/2023\/03\/account-3.jpg\" \/>\n<meta name=\"twitter:card\" content=\"summary_large_image\" \/>\n<meta name=\"twitter:label1\" content=\"Gesch\u00e4tzte Lesezeit\" \/>\n\t<meta name=\"twitter:data1\" content=\"4\u00a0Minuten\" \/>\n<script type=\"application\/ld+json\" class=\"yoast-schema-graph\">{\"@context\":\"https:\/\/schema.org\",\"@graph\":[{\"@type\":\"WebPage\",\"@id\":\"https:\/\/www.ibfxw.com\/elementor-2961\/\",\"url\":\"https:\/\/www.ibfxw.com\/elementor-2961\/\",\"name\":\"Was ist ein Forex-Rabatt? - IBfxw Forex-R\u00fcckverg\u00fctungsnetzwerk\",\"isPartOf\":{\"@id\":\"https:\/\/www.ibfxw.com\/ja\/#website\"},\"primaryImageOfPage\":{\"@id\":\"https:\/\/www.ibfxw.com\/elementor-2961\/#primaryimage\"},\"image\":{\"@id\":\"https:\/\/www.ibfxw.com\/elementor-2961\/#primaryimage\"},\"thumbnailUrl\":\"https:\/\/www.ibfxw.com\/wp-content\/uploads\/2023\/03\/account-3.jpg\",\"datePublished\":\"2024-07-16T10:18:55+00:00\",\"dateModified\":\"2025-03-27T11:19:48+00:00\",\"breadcrumb\":{\"@id\":\"https:\/\/www.ibfxw.com\/elementor-2961\/#breadcrumb\"},\"inLanguage\":\"de\",\"potentialAction\":[{\"@type\":\"ReadAction\",\"target\":[\"https:\/\/www.ibfxw.com\/elementor-2961\/\"]}]},{\"@type\":\"ImageObject\",\"inLanguage\":\"de\",\"@id\":\"https:\/\/www.ibfxw.com\/elementor-2961\/#primaryimage\",\"url\":\"https:\/\/www.ibfxw.com\/wp-content\/uploads\/2023\/03\/account-3.jpg\",\"contentUrl\":\"https:\/\/www.ibfxw.com\/wp-content\/uploads\/2023\/03\/account-3.jpg\"},{\"@type\":\"BreadcrumbList\",\"@id\":\"https:\/\/www.ibfxw.com\/elementor-2961\/#breadcrumb\",\"itemListElement\":[{\"@type\":\"ListItem\",\"position\":1,\"name\":\"\u9996\u9875\",\"item\":\"https:\/\/www.ibfxw.com\/de\/\"},{\"@type\":\"ListItem\",\"position\":2,\"name\":\"Was ist ein Forex-Rabatt?\"}]},{\"@type\":\"WebSite\",\"@id\":\"https:\/\/www.ibfxw.com\/ja\/#website\",\"url\":\"https:\/\/www.ibfxw.com\/ja\/\",\"name\":\"IBfxw\u5916\u6c47\u8fd4\u4f63\u7f51\",\"description\":\"Die professionellste Plattform f\u00fcr Forex-R\u00fcckverg\u00fctungskonten\",\"publisher\":{\"@id\":\"https:\/\/www.ibfxw.com\/ja\/#organization\"},\"potentialAction\":[{\"@type\":\"SearchAction\",\"target\":{\"@type\":\"EntryPoint\",\"urlTemplate\":\"https:\/\/www.ibfxw.com\/ja\/?s={search_term_string}\"},\"query-input\":{\"@type\":\"PropertyValueSpecification\",\"valueRequired\":true,\"valueName\":\"search_term_string\"}}],\"inLanguage\":\"de\"},{\"@type\":\"Organization\",\"@id\":\"https:\/\/www.ibfxw.com\/ja\/#organization\",\"name\":\"IBfxw Forex-R\u00fcckverg\u00fctungsnetzwerk\",\"url\":\"https:\/\/www.ibfxw.com\/ja\/\",\"logo\":{\"@type\":\"ImageObject\",\"inLanguage\":\"de\",\"@id\":\"https:\/\/www.ibfxw.com\/ja\/#\/schema\/logo\/image\/\",\"url\":\"https:\/\/www.ibfxw.com\/wp-content\/uploads\/2023\/03\/logo.png\",\"contentUrl\":\"https:\/\/www.ibfxw.com\/wp-content\/uploads\/2023\/03\/logo.png\",\"width\":158,\"height\":42,\"caption\":\"IBfxw Forex-R\u00fcckverg\u00fctungsnetzwerk\"},\"image\":{\"@id\":\"https:\/\/www.ibfxw.com\/ja\/#\/schema\/logo\/image\/\"}}]}<\/script>\n<!-- \/ Yoast SEO plugin. -->","yoast_head_json":{"title":"Was ist ein Forex-Rabatt? - IBfxw Forex-R\u00fcckverg\u00fctungsnetzwerk","robots":{"index":"index","follow":"follow","max-snippet":"max-snippet:-1","max-image-preview":"max-image-preview:large","max-video-preview":"max-video-preview:-1"},"canonical":"https:\/\/www.ibfxw.com\/elementor-2961\/","og_locale":"de_DE","og_type":"article","og_title":"Was ist ein Forex-Rabatt? - IBfxw Forex-R\u00fcckverg\u00fctungsnetzwerk","og_description":"Was ist ein Forex-Rabatt? Forex-Rabatte: Die clevere Wahl zur Optimierung der Handelskosten Einf\u00fchrung in Forex-Rabatte Forex Rebate ist ein einzigartiger, auf H\u00e4ndler zugeschnittener Rabattmechanismus. Das Kernst\u00fcck unserer Plattform besteht darin, einen Teil oder die gesamte Provision f\u00fcr den Kampf auf dem Devisenmarkt direkt und gro\u00dfz\u00fcgig in Ihre H\u00e4nde zur\u00fcckzugeben. Diese innovative Initiative ist nicht nur [&hellip;]","og_url":"https:\/\/www.ibfxw.com\/elementor-2961\/","og_site_name":"IBfxw Forex-R\u00fcckverg\u00fctungsnetzwerk","article_modified_time":"2025-03-27T11:19:48+00:00","og_image":[{"url":"https:\/\/www.ibfxw.com\/wp-content\/uploads\/2023\/03\/account-3.jpg","type":"","width":"","height":""}],"twitter_card":"summary_large_image","twitter_misc":{"Gesch\u00e4tzte Lesezeit":"4\u00a0Minuten"},"schema":{"@context":"https:\/\/schema.org","@graph":[{"@type":"WebPage","@id":"https:\/\/www.ibfxw.com\/elementor-2961\/","url":"https:\/\/www.ibfxw.com\/elementor-2961\/","name":"Was ist ein Forex-Rabatt? - IBfxw Forex-R\u00fcckverg\u00fctungsnetzwerk","isPartOf":{"@id":"https:\/\/www.ibfxw.com\/ja\/#website"},"primaryImageOfPage":{"@id":"https:\/\/www.ibfxw.com\/elementor-2961\/#primaryimage"},"image":{"@id":"https:\/\/www.ibfxw.com\/elementor-2961\/#primaryimage"},"thumbnailUrl":"https:\/\/www.ibfxw.com\/wp-content\/uploads\/2023\/03\/account-3.jpg","datePublished":"2024-07-16T10:18:55+00:00","dateModified":"2025-03-27T11:19:48+00:00","breadcrumb":{"@id":"https:\/\/www.ibfxw.com\/elementor-2961\/#breadcrumb"},"inLanguage":"de","potentialAction":[{"@type":"ReadAction","target":["https:\/\/www.ibfxw.com\/elementor-2961\/"]}]},{"@type":"ImageObject","inLanguage":"de","@id":"https:\/\/www.ibfxw.com\/elementor-2961\/#primaryimage","url":"https:\/\/www.ibfxw.com\/wp-content\/uploads\/2023\/03\/account-3.jpg","contentUrl":"https:\/\/www.ibfxw.com\/wp-content\/uploads\/2023\/03\/account-3.jpg"},{"@type":"BreadcrumbList","@id":"https:\/\/www.ibfxw.com\/elementor-2961\/#breadcrumb","itemListElement":[{"@type":"ListItem","position":1,"name":"\u9996\u9875","item":"https:\/\/www.ibfxw.com\/de\/"},{"@type":"ListItem","position":2,"name":"Was ist ein Forex-Rabatt?"}]},{"@type":"WebSite","@id":"https:\/\/www.ibfxw.com\/ja\/#website","url":"https:\/\/www.ibfxw.com\/ja\/","name":"IBfxw\u5916\u6c47\u8fd4\u4f63\u7f51","description":"Die professionellste Plattform f\u00fcr Forex-R\u00fcckverg\u00fctungskonten","publisher":{"@id":"https:\/\/www.ibfxw.com\/ja\/#organization"},"potentialAction":[{"@type":"SearchAction","target":{"@type":"EntryPoint","urlTemplate":"https:\/\/www.ibfxw.com\/ja\/?s={search_term_string}"},"query-input":{"@type":"PropertyValueSpecification","valueRequired":true,"valueName":"search_term_string"}}],"inLanguage":"de"},{"@type":"Organization","@id":"https:\/\/www.ibfxw.com\/ja\/#organization","name":"IBfxw Forex-R\u00fcckverg\u00fctungsnetzwerk","url":"https:\/\/www.ibfxw.com\/ja\/","logo":{"@type":"ImageObject","inLanguage":"de","@id":"https:\/\/www.ibfxw.com\/ja\/#\/schema\/logo\/image\/","url":"https:\/\/www.ibfxw.com\/wp-content\/uploads\/2023\/03\/logo.png","contentUrl":"https:\/\/www.ibfxw.com\/wp-content\/uploads\/2023\/03\/logo.png","width":158,"height":42,"caption":"IBfxw Forex-R\u00fcckverg\u00fctungsnetzwerk"},"image":{"@id":"https:\/\/www.ibfxw.com\/ja\/#\/schema\/logo\/image\/"}}]}},"_links":{"self":[{"href":"https:\/\/www.ibfxw.com\/de\/wp-json\/wp\/v2\/pages\/5821","targetHints":{"allow":["GET"]}}],"collection":[{"href":"https:\/\/www.ibfxw.com\/de\/wp-json\/wp\/v2\/pages"}],"about":[{"href":"https:\/\/www.ibfxw.com\/de\/wp-json\/wp\/v2\/types\/page"}],"author":[{"embeddable":true,"href":"https:\/\/www.ibfxw.com\/de\/wp-json\/wp\/v2\/users\/1"}],"replies":[{"embeddable":true,"href":"https:\/\/www.ibfxw.com\/de\/wp-json\/wp\/v2\/comments?post=5821"}],"version-history":[{"count":0,"href":"https:\/\/www.ibfxw.com\/de\/wp-json\/wp\/v2\/pages\/5821\/revisions"}],"wp:attachment":[{"href":"https:\/\/www.ibfxw.com\/de\/wp-json\/wp\/v2\/media?parent=5821"}],"curies":[{"name":"wp","href":"https:\/\/api.w.org\/{rel}","templated":true}]}}